{"id":206501,"date":"2026-01-07T10:57:02","date_gmt":"2026-01-07T13:57:02","guid":{"rendered":"https:\/\/digitalbusiness-solutions.com.br\/?page_id=206501"},"modified":"2026-01-07T10:57:02","modified_gmt":"2026-01-07T13:57:02","slug":"voce-trabalha-muito-mas-tem-certeza-de-que-esta-avancando","status":"publish","type":"page","link":"https:\/\/digitalbusiness-solutions.com.br\/fr\/voce-trabalha-muito-mas-tem-certeza-de-que-esta-avancando\/","title":{"rendered":"Vous travaillez dur... mais \u00eates-vous s\u00fbr de progresser ?"},"content":{"rendered":"<p>Vous vous levez t\u00f4t, r\u00e9pondez \u00e0 des messages, r\u00e9solvez des probl\u00e8mes, \u00e9teignez des incendies, recherchez des clients, payez des factures... et \u00e0 la fin de la journ\u00e9e, vous avez l'impression d'avoir travaill\u00e9 dur. Mais c'est alors que surgit cette question lancinante, presque un murmure dans votre t\u00eate : \u201cD'accord, mais est-ce que j'ai vraiment progress\u00e9 ? Si cette situation vous semble famili\u00e8re, rassurez-vous, vous n'\u00eates pas seul. C'est le portrait de nombreux entrepreneurs br\u00e9siliens comp\u00e9tents, d\u00e9vou\u00e9s... et \u00e9puis\u00e9s.<\/p>\n<h2>Travailler dur n'est pas synonyme de progr\u00e8s<\/h2>\n<p>Il y a une grande diff\u00e9rence entre <strong>\u00eatre occup\u00e9<\/strong> e <strong>progresser<\/strong>. Le probl\u00e8me est que, dans l'agitation de la vie quotidienne, cette diff\u00e9rence devient invisible. On fait beaucoup, mais on ne sait pas toujours ce qui g\u00e9n\u00e8re vraiment des r\u00e9sultats.<\/p>\n<p>C'est comme courir sur un tapis roulant : vous vous poussez, vous transpirez deux fois plus... mais vous restez exactement au m\u00eame endroit.<\/p>\n<h2>Les signes de confusion (m\u00eame si vous \u00eates comp\u00e9tent)<\/h2>\n<p>De nombreux entrepreneurs ne se rendent pas compte qu'ils sont coinc\u00e9s dans ce cycle jusqu'\u00e0 ce qu'ils ressentent une fatigue mentale constante. Voici quelques signes classiques :<\/p>\n<ul>\n<li>Toujours plein, mais pas le temps de r\u00e9fl\u00e9chir<\/li>\n<li>Sentiment d'\u00eatre toujours en train d'\u00e9teindre des incendies\u201c<\/li>\n<li>Difficult\u00e9 \u00e0 donner la priorit\u00e9 \u00e0 ce qui est vraiment important<\/li>\n<li>Des d\u00e9cisions prises de mani\u00e8re impulsive et non strat\u00e9gique<\/li>\n<li>De nombreux projets ont \u00e9t\u00e9 lanc\u00e9s et peu ont \u00e9t\u00e9 men\u00e9s \u00e0 bien<\/li>\n<\/ul>\n<p>R\u00e9alisez que tout cela n'a rien \u00e0 voir avec un manque de volont\u00e9, d'intelligence ou de capacit\u00e9. Au contraire. Cela arrive g\u00e9n\u00e9ralement \u00e0 ceux qui sont bons dans ce qu'ils font.<\/p>\n<h2>Trop d'activit\u00e9s, pas assez de clart\u00e9<\/h2>\n<p>L'un des plus grands pi\u00e8ges de l'entrepreneur moderne est de confondre <strong>activit\u00e9 avec progr\u00e8s<\/strong>. La r\u00e9solution des t\u00e2ches procure un sentiment imm\u00e9diat de productivit\u00e9 (et m\u00eame un certain soulagement \u00e9motionnel), mais toutes les t\u00e2ches ne font pas avancer l'entreprise.<\/p>\n<p>Sans clart\u00e9, vous :<\/p>\n<ul>\n<li>Ex\u00e9cuter avant de penser<\/li>\n<li>R\u00e9agir plus que d\u00e9cider<\/li>\n<li>Choisir sur la base d'un \u201csentiment\u201d et non de crit\u00e8res<\/li>\n<li>Accumuler des outils plut\u00f4t que des structures<\/li>\n<\/ul>\n<p>Le r\u00e9sultat ? Beaucoup d'efforts, peu de retour proportionnel.<\/p>\n<h2>Le probl\u00e8me n'est pas un manque d'effort, mais un manque de recul<\/h2>\n<p>Cela semble contradictoire, mais de nombreux entrepreneurs ne progressent pas parce que <strong>ne pas s'arr\u00eater<\/strong>. Ils ne s'arr\u00eatent pas pour analyser les chiffres, ils ne s'arr\u00eatent pas pour revoir les processus, ils ne s'arr\u00eatent pas pour se demander si ce qu'ils font a encore un sens.<\/p>\n<p>La peur de ralentir est presque inconsciente. Comme si ralentir \u00e9tait synonyme de perdre de l'argent ou des opportunit\u00e9s. En pratique, c'est le contraire qui se produit : sans vision, on prend des d\u00e9cisions plus risqu\u00e9es et moins coh\u00e9rentes.<\/p>\n<h2>La clart\u00e9 change tout (y compris votre \u00e9nergie)<\/h2>\n<p>Lorsque vous \u00eates au clair, une chose curieuse se produit : le travail cesse d'\u00eatre lourd en permanence. Vous commencez \u00e0.. :<\/p>\n<ul>\n<li>Savoir exactement sur quoi se concentrer<\/li>\n<li>Dire \u201cnon\u201d avec moins de culpabilit\u00e9<\/li>\n<li>Hi\u00e9rarchiser les t\u00e2ches \u00e0 forte valeur ajout\u00e9e<\/li>\n<li>D\u00e9l\u00e9guer en toute s\u00e9curit\u00e9<\/li>\n<li>Utiliser l'automatisation comme un soutien et non comme une b\u00e9quille<\/li>\n<\/ul>\n<p>La clart\u00e9 ne signifie pas en faire moins par paresse. Cela signifie faire mieux, avec intention.<\/p>\n<h2>Aller de l'avant, c'est choisir mieux, pas faire plus<\/h2>\n<p>En fin de compte, le progr\u00e8s ne d\u00e9pend pas du nombre d'heures travaill\u00e9es, mais de la qualit\u00e9 des d\u00e9cisions prises. Les entrepreneurs qui \u00e9voluent constamment ne sont pas les plus occup\u00e9s, mais les plus consciencieux.<\/p>\n<p>La prise de conscience n\u00e9cessite un espace mental, une structure et souvent un regard ext\u00e9rieur pour aider \u00e0 organiser le chaos.<\/p>\n<h2>Conclusion<\/h2>\n<p>Si vous travaillez dur mais que vous avez l'impression que les r\u00e9sultats ne sont pas \u00e0 la hauteur de vos efforts, le probl\u00e8me n'est peut-\u00eatre pas votre d\u00e9vouement. Il s'agit peut-\u00eatre simplement d'un manque de clart\u00e9. Et ce n'est pas une faute : c'est le signe que vous avez atteint un nouveau niveau, o\u00f9 la r\u00e9flexion strat\u00e9gique devient tout aussi importante que l'ex\u00e9cution.<\/p>\n<p>Avant de courir plus vite, il convient donc de se poser la question suivante : est-ce que j'avance vraiment... ou est-ce que je me contente de m'occuper ?<\/p>","protected":false},"excerpt":{"rendered":"<p>Voc\u00ea acorda cedo, responde mensagens, resolve problemas, apaga inc\u00eandios, corre atr\u00e1s de clientes, paga contas\u2026 e no fim do dia sente que trabalhou muito. Mas a\u00ed vem aquela pergunta inc\u00f4moda, quase um sussurro na cabe\u00e7a: \u201cT\u00e1, mas eu avancei de verdade?\u201d. Se isso soa familiar, fique tranquilo \u2014 voc\u00ea n\u00e3o est\u00e1 sozinho. Esse \u00e9 o [&hellip;]<\/p>\n","protected":false},"author":3,"featured_media":0,"parent":0,"menu_order":0,"comment_status":"closed","ping_status":"closed","template":"","meta":{"_et_pb_use_builder":"","_et_pb_old_content":"","_et_gb_content_width":"","_monsterinsights_skip_tracking":false,"_monsterinsights_sitenote_active":false,"_monsterinsights_sitenote_note":"","_monsterinsights_sitenote_category":0,"slim_seo":{"title":"Voc\u00ea trabalha muito\u2026 mas tem certeza de que est\u00e1 avan\u00e7ando? - Digital Business Solutions","description":"Voc\u00ea acorda cedo, responde mensagens, resolve problemas, apaga inc\u00eandios, corre atr\u00e1s de clientes, paga contas\u2026 e no fim do dia sente que trabalhou muito. Mas a"},"footnotes":""},"class_list":["post-206501","page","type-page","status-publish","hentry"],"_links":{"self":[{"href":"https:\/\/digitalbusiness-solutions.com.br\/fr\/wp-json\/wp\/v2\/pages\/206501","targetHints":{"allow":["GET"]}}],"collection":[{"href":"https:\/\/digitalbusiness-solutions.com.br\/fr\/wp-json\/wp\/v2\/pages"}],"about":[{"href":"https:\/\/digitalbusiness-solutions.com.br\/fr\/wp-json\/wp\/v2\/types\/page"}],"author":[{"embeddable":true,"href":"https:\/\/digitalbusiness-solutions.com.br\/fr\/wp-json\/wp\/v2\/users\/3"}],"replies":[{"embeddable":true,"href":"https:\/\/digitalbusiness-solutions.com.br\/fr\/wp-json\/wp\/v2\/comments?post=206501"}],"version-history":[{"count":1,"href":"https:\/\/digitalbusiness-solutions.com.br\/fr\/wp-json\/wp\/v2\/pages\/206501\/revisions"}],"predecessor-version":[{"id":206502,"href":"https:\/\/digitalbusiness-solutions.com.br\/fr\/wp-json\/wp\/v2\/pages\/206501\/revisions\/206502"}],"wp:attachment":[{"href":"https:\/\/digitalbusiness-solutions.com.br\/fr\/wp-json\/wp\/v2\/media?parent=206501"}],"curies":[{"name":"wp","href":"https:\/\/api.w.org\/{rel}","templated":true}]}}