{"id":205994,"date":"2025-08-21T16:18:20","date_gmt":"2025-08-21T19:18:20","guid":{"rendered":"https:\/\/digitalbusiness-solutions.com.br\/?page_id=205994"},"modified":"2025-08-21T16:18:20","modified_gmt":"2025-08-21T19:18:20","slug":"consultant-ia-2","status":"publish","type":"page","link":"https:\/\/digitalbusiness-solutions.com.br\/fr\/consultant-ia-2\/","title":{"rendered":"consultant-IA"},"content":{"rendered":"<h1>Finies les suppositions. L'IA appliqu\u00e9e de mani\u00e8re strat\u00e9gique peut changer la donne pour votre entreprise.<\/h1>\n<p><img fetchpriority=\"high\" decoding=\"async\" style=\"aspect-ratio: auto 400 \/ 550;\" title=\"Lean_Author-01\" src=\"\/\/digitalbusiness-solutions.com.br\/wp-content\/uploads\/tcb_content_templates\/images\/Lean_Author-01.jpg\" alt=\"\" width=\"400\" height=\"550\" data-id=\"2333\" data-init-width=\"400\" data-init-height=\"550\" data-width=\"400\" data-height=\"550\" \/><\/p>\n<h2>Vous avez l'impression d'\u00eatre toujours en mouvement : vous cr\u00e9ez du contenu, vous r\u00e9pondez \u00e0 des messages, vous essayez de vendre... mais les r\u00e9sultats sont toujours m\u00e9diocres ?<\/h2>\n<p><img decoding=\"async\" style=\"aspect-ratio: auto 1080 \/ 1350;\" title=\"Le probl\u00e8me (2)\" src=\"\/\/digitalbusiness-solutions.com.br\/wp-content\/uploads\/2025\/08\/O-problema-2.png\" alt=\"O problema (2)\" width=\"438\" height=\"547\" data-id=\"206019\" data-init-width=\"1080\" data-init-height=\"1350\" data-width=\"438\" data-height=\"547\" \/><img decoding=\"async\" style=\"aspect-ratio: auto 1080 \/ 1920;\" title=\"Sentiment\" src=\"\/\/digitalbusiness-solutions.com.br\/wp-content\/uploads\/2025\/08\/Sentimento.jpg\" alt=\" sentimento\" width=\"356\" height=\"632\" data-id=\"206022\" data-init-width=\"1080\" data-init-height=\"1920\" data-width=\"356\" data-height=\"632\" \/><\/p>\n<h2>C'est frustrant. On a l'impression que tout le monde avance avec la technologie, sauf vous.<\/h2>\n<h2>Et peu importe \u00e0 quel point vous essayez, rien ne semble fonctionner<\/h2>\n<h3>Cons\u00e9quences<\/h3>\n<ul>\n<li>Perte de temps dans des t\u00e2ches r\u00e9p\u00e9titives<\/li>\n<li>Il constate que les concurrents num\u00e9riques gagnent du terrain<\/li>\n<li>Vous \u00eates d\u00e9bord\u00e9, fatigu\u00e9 et vous ne voyez pas d'issue.<\/li>\n<\/ul>\n<p><img loading=\"lazy\" decoding=\"async\" style=\"aspect-ratio: auto 1080 \/ 1350;\" title=\"4. Les cons\u00e9quences\" src=\"\/\/digitalbusiness-solutions.com.br\/wp-content\/uploads\/2025\/08\/4.-Consequencias.png\" alt=\"4. consequ\u00eancias\" width=\"447\" height=\"558\" data-id=\"206024\" data-init-width=\"1080\" data-init-height=\"1350\" data-width=\"447\" data-height=\"558\" \/><\/p>\n<h2>Vous pourriez penser que le probl\u00e8me vient d'un manque de followers, d'un contenu de qualit\u00e9 ou de publicit\u00e9s payantes. Mais ce n'est pas vraiment le cas.<\/h2>\n<h3>Les solutions que vous avez essay\u00e9es<\/h3>\n<ul>\n<li>Achat d'un cours en ligne (qui \u00e9tait \u00e0 moiti\u00e9 termin\u00e9)<\/li>\n<li>Embauche d'un freelance ou d'une agence (qui ne comprend pas votre activit\u00e9)<\/li>\n<li>Utiliser des outils d'IA par soi-m\u00eame (mais ne pas savoir comment les appliquer)<\/li>\n<\/ul>\n<p><img loading=\"lazy\" decoding=\"async\" style=\"aspect-ratio: auto 1080 \/ 1350;\" title=\"6. Solutions d\u00e9j\u00e0 exp\u00e9riment\u00e9es\" src=\"\/\/digitalbusiness-solutions.com.br\/wp-content\/uploads\/2025\/08\/6.-Solucoes-ja-tentadas.png\" alt=\"6. solu\u00e7\u00f5es j\u00e1 tentadas\" width=\"447\" height=\"558\" data-id=\"206017\" data-init-width=\"1080\" data-init-height=\"1350\" data-width=\"447\" data-height=\"558\" \/><\/p>\n<h2 style=\"text-align: center;\">Le vrai probl\u00e8me<\/h2>\n<p dir=\"ltr\">Ils ne traitent que les sympt\u00f4mes<\/p>\n<p>n'est pas la v\u00e9ritable source du probl\u00e8me<\/p>\n<p>Vous avez besoin de clart\u00e9 strat\u00e9gique et d'actions concr\u00e8tes<\/p>\n<p>avec quelqu'un qui comprend \u00e0 la fois le marketing et l'IA - et qui parle votre langue.<\/p>\n<h2>Ce que vous en pensez<\/h2>\n<p>Vous commencez \u00e0 penser que l'IA est l'apanage des grandes entreprises. Et si le probl\u00e8me venait simplement de la mani\u00e8re dont vous utilisez la technologie en votre faveur ?<\/p>\n<h3>La v\u00e9ritable source du probl\u00e8me ?<\/h3>\n<p>Vous n'avez pas besoin d'un outil de plus. Vous avez besoin d'une strat\u00e9gie num\u00e9rique ax\u00e9e sur l'IA, adapt\u00e9e \u00e0 votre entreprise. Une fa\u00e7on d'utiliser l'IA avec l'intelligence humaine - avec concentration, simplicit\u00e9 et r\u00e9sultats.<\/p>\n<p><img loading=\"lazy\" decoding=\"async\" style=\"aspect-ratio: auto 1080 \/ 1350;\" title=\"-_Une checklist coch\u00e9e avec le mot \u201cIA\u201d en surbrillance_1\" src=\"\/\/digitalbusiness-solutions.com.br\/wp-content\/uploads\/2025\/08\/\u2022_Une-checklist-cochee-avec-le-mot-IA-en-surbrillance_1.png\" alt=\"\u2022 une checklist coch\u00e9e avec le mot \u201cia\u201d en surbrillance 1\" width=\"356\" height=\"444\" data-id=\"206026\" data-init-width=\"1080\" data-init-height=\"1350\" data-width=\"356\" data-height=\"444\" \/><\/p>\n<h2>La solution vraiment efficace<\/h2>\n<ul>\n<li>Un plan clair, adapt\u00e9 \u00e0 vos douleurs et \u00e0 vos objectifs<\/li>\n<li>L'IA appliqu\u00e9e pour attirer les clients et g\u00e9n\u00e9rer du contenu<\/li>\n<li>Plus de temps et de professionnalisme - m\u00eame sans exp\u00e9rience technique<\/li>\n<\/ul>\n<h2>Pourquoi cette solution fonctionne-t-elle ?<\/h2>\n<p>Parce que nous ne vendons pas de promesses en l'air.<\/p>\n<p>Nous travaillons avec vous pour mettre l'IA en pratique et obtenir des r\u00e9sultats visibles.<\/p>\n<p>Diagnostic personnalis\u00e9<\/p>\n<p>Outils test\u00e9s dans leur segment.<\/p>\n<p>Accompagnement humain<\/p>\n<p>Des r\u00e9sultats rapides avec un souci d'efficacit\u00e9<\/p>\n<h3>Comment cela fonctionne-t-il ?<\/h3>\n<ul>\n<li>S\u00e9ance de diagnostic gratuite<\/li>\n<li>Plan d'action sur mesure<\/li>\n<li>Suivi et ajustements<\/li>\n<li>Soutien humain<\/li>\n<\/ul>\n<h6>Pourquoi tout le monde ne le fait-il pas ?<\/h6>\n<p>&#8220;Muitos acham que IA \u00e9 dif\u00edcil, cara ou inacess\u00edvel. Mas os empreendedores que est\u00e3o se destacando s\u00e3o os que decidiram come\u00e7ar com orienta\u00e7\u00e3o certa.&#8221;<\/p>\n<p><img loading=\"lazy\" decoding=\"async\" style=\"aspect-ratio: auto 250 \/ 250;\" title=\"Carr\u00e9-Petit_kwik-02\" src=\"\/\/digitalbusiness-solutions.com.br\/wp-content\/uploads\/tcb_lp_templates\/templates\/css\/images\/Square-Small_kwik-02.jpg\" alt=\"\" width=\"170\" height=\"170\" data-id=\"3197\" data-init-width=\"250\" data-init-height=\"250\" data-width=\"170\" data-height=\"170\" \/><\/p>\n<p style=\"text-align: center;\">Why we&#8217;re the best<\/p>\n<h2>Qu'obtiendrez-vous ?<\/h2>\n<ul>\n<li>Plus de temps libre<\/li>\n<li>Plus de clients arrivent automatiquement<\/li>\n<li>Un contenu qui repr\u00e9sente votre marque sans effort<\/li>\n<li>Une pr\u00e9sence num\u00e9rique professionnelle et efficace<\/li>\n<\/ul>\n<h2 style=\"text-align: center;\">Here&#8217;s What You&#8217;ll Get<\/h2>\n<p><a href=\"#\"><img loading=\"lazy\" decoding=\"async\" style=\"aspect-ratio: auto 250 \/ 250;\" title=\"Carr\u00e9-Petit_kwik-01\" src=\"\/\/digitalbusiness-solutions.com.br\/wp-content\/uploads\/tcb_lp_templates\/templates\/css\/images\/Square-Small_kwik-01.jpg\" alt=\"\" width=\"176\" height=\"176\" data-id=\"3196\" data-init-width=\"250\" data-init-height=\"250\" data-width=\"176\" data-height=\"176\" \/><\/a><\/p>\n<h6>Votre titre<\/h6>\n<p>Lorem ipsum dolor sit amet, ut duius adipisicing elit, sed do eiusmod nam tempor incidunt ut labore.<\/p>\n<p>En savoir plus<\/p>\n<p><a href=\"#\"><img loading=\"lazy\" decoding=\"async\" style=\"aspect-ratio: auto 250 \/ 250;\" title=\"Carr\u00e9-Petit_kwik-04\" src=\"\/\/digitalbusiness-solutions.com.br\/wp-content\/uploads\/tcb_lp_templates\/templates\/css\/images\/Square-Small_kwik-04.jpg\" alt=\"\" width=\"176\" height=\"176\" data-id=\"3199\" data-init-width=\"250\" data-init-height=\"250\" data-width=\"176\" data-height=\"176\" \/><\/a><\/p>\n<h6>Votre titre<\/h6>\n<p>Lorem ipsum dolor sit amet, ut duius adipisicing elit, sed do eiusmod nam tempor incidunt ut labore.<\/p>\n<p>En savoir plus<\/p>\n<p><a href=\"#\"><img loading=\"lazy\" decoding=\"async\" style=\"aspect-ratio: auto 250 \/ 250;\" title=\"Carr\u00e9-Petit_kwik-07\" src=\"\/\/digitalbusiness-solutions.com.br\/wp-content\/uploads\/tcb_lp_templates\/templates\/css\/images\/Square-Small_kwik-07.jpg\" alt=\"\" width=\"176\" height=\"176\" data-id=\"3202\" data-init-width=\"250\" data-init-height=\"250\" data-width=\"176\" data-height=\"176\" \/><\/a><\/p>\n<h6>Votre titre<\/h6>\n<p>Lorem ipsum dolor sit amet, ut duius adipisicing elit, sed do eiusmod nam tempor incidunt ut labore.<\/p>\n<p>En savoir plus<\/p>\n<p>&nbsp;<\/p>\n<h2>bonus limit\u00e9s<\/h2>\n<p>L'objectif de cette section est de fournir une vue d'ensemble de votre produit. Il peut s'agir d'un aper\u00e7u des chapitres de votre livre \u00e9lectronique, des le\u00e7ons de votre cours, des modules de votre programme de coaching, etc. Le lecteur doit en ressortir avec une id\u00e9e tr\u00e8s claire de ce qu'il obtiendra pour son argent.<\/p>\n<h5>Titre de l'article<\/h5>\n<p>Lorem ipsum dolor sit amet, consectetur sagittis adipiscing nostrud sed do eiusmod<\/p>\n<h5>Titre de l'article<\/h5>\n<p>Lorem ipsum dolor sit amet, consectetur sagittis adipiscing nostrud sed do eiusmod<\/p>\n<h5>Titre de l'article<\/h5>\n<p>Lorem ipsum dolor sit amet, consectetur sagittis adipiscing nostrud sed do eiusmod<\/p>\n<h3 style=\"text-align: center;\">Des clients satisfaits<\/h3>\n<p>\u275d<\/p>\n<p dir=\"ltr\">Les t\u00e9moignages sont un excellent moyen de r\u00e9pondre aux objections. Montrez comment les gens ont obtenu le r\u00e9sultat souhait\u00e9 apr\u00e8s avoir utilis\u00e9 votre produit ou service.<\/p>\n<p>Marie Sanders<\/p>\n<p>Photographe<\/p>\n<p>\u275d<\/p>\n<p>Les t\u00e9moignages sont un excellent moyen de r\u00e9pondre aux objections. Montrez comment les gens ont obtenu le r\u00e9sultat souhait\u00e9 apr\u00e8s avoir utilis\u00e9 votre produit ou service.<\/p>\n<p>Peter Johnson<\/p>\n<p>D\u00e9veloppeur<\/p>\n<p>\u275d<\/p>\n<p>Les t\u00e9moignages sont un excellent moyen de r\u00e9pondre aux objections. Montrez comment les gens ont obtenu le r\u00e9sultat souhait\u00e9 apr\u00e8s avoir utilis\u00e9 votre produit ou service.<\/p>\n<p>June Dawson<\/p>\n<p>Designer<\/p>\n<h2 style=\"text-align: center;\">Nos options tarifaires<\/h2>\n<p><a href=\"#\">Instance 1<\/a><\/p>\n<h5 style=\"text-align: left;\">De base<\/h5>\n<p style=\"text-align: center;\"><span style=\"font-size: 20px;\">$<\/span>59<\/p>\n<p style=\"text-align: left;\">Un d\u00e9m\u00e9nagement simple, rapide et efficace<\/p>\n<h5 style=\"text-align: left;\">Prime<\/h5>\n<p style=\"text-align: center;\"><span style=\"font-size: 20px;\">$<\/span>89<\/p>\n<p style=\"text-align: left;\">Espace de travail cr\u00e9atif, peu bruyant, enti\u00e8rement \u00e9quip\u00e9 et pratique<\/p>\n<h5 style=\"text-align: left;\">Exclusif<\/h5>\n<p style=\"text-align: center;\"><span style=\"font-size: 20px;\">$<\/span>119<\/p>\n<p style=\"text-align: left;\">Le d\u00e9m\u00e9nagement flexible le plus simple, le plus rapide et le plus efficace<\/p>\n<h4><strong>Qu'attendez-vous ?<\/strong><\/h4>\n<p>There&#8217;s absolutely NO RISK with our\u00a0<strong>30 jours<\/strong> Garantie de remboursement.<\/p>\n<p><span style=\"font-weight: normal;\">\u275d<\/span><\/p>\n<p>Lorem ipsum dolor sit amet, consectetur adipiscing elit, sed do eiusmod tempor incididunt ut labore et dolore magna aliqua. Ut enim ad minim veniam, quis nostrud exercitation ullamco laboris nisi ut aliquip ex ea commodo consequat. Duis aute irure dolor in reprehenderit in voluptate velit esse cillum<\/p>\n<p><span style=\"background-color: transparent;\">Laura Parker<\/span><\/p>\n<p><span style=\"font-weight: normal;\">\u275d<\/span><\/p>\n<p>Lorem ipsum dolor sit amet, consectetur adipiscing elit, sed do eiusmod tempor incididunt ut labore et dolore magna aliqua. Ut enim ad minim veniam, quis nostrud exercitation ullamco laboris nisi ut aliquip ex ea commodo consequat.<\/p>\n<p><span style=\"background-color: transparent;\">Paul Jones<\/span><\/p>\n<p><span style=\"font-weight: normal;\">\u275d<\/span><\/p>\n<p>Lorem ipsum dolor sit amet, consectetur adipiscing elit, sed do eiusmod tempor incididunt ut labore et dolore magna aliqua.<\/p>\n<p>Ut enim ad minim veniam, quis nostrud exercitation ullamco laboris nisi ut aliquip ex ea commodo consequat.<\/p>\n<p><span style=\"background-color: transparent;\">Marie Weber<\/span><\/p>\n<h3>Faq.<\/h3>\n<h3>Section de texte polyvalente<\/h3>\n<p>Lorem ipsum dolor sit amet, consectetur adipiscing elit, sed do eiusmod tempor incididunt ut labore et dolore magna aliqua. Ut enim ad minim veniam, quis nostrud exercitation ullamco laboris nisi ut aliquip ex ea commodo consequat. Duis aute irure dolor in reprehenderit in voluptate velit esse cillum dolore eu fugiat nulla pariatur. Excepteur sint occaecat cupidatat non proident, sunt in culpa qui officia deserunt mollit anim id est laborum.<\/p>\n<h1>Notre exp\u00e9rience<\/h1>\n<p>+10 ans d'exp\u00e9rience en marketing digital. Franchis\u00e9 officiel de NextGoMarketing. De vrais clients avec des r\u00e9sultats prouv\u00e9s. Un soutien proche et humain.<\/p>\n<p>Drag to RepositionMove Up or Down to RepositionMove Left or Right to RepositionInsert Image<\/p>","protected":false},"excerpt":{"rendered":"<p>Chega de adivinha\u00e7\u00f5es. A IA aplicada com estrat\u00e9gia pode mudar o jogo do seu neg\u00f3cio Voc\u00ea sente que est\u00e1 sempre correndo atr\u00e1s: cria conte\u00fado, responde mensagens, tenta vender&#8230; mas os resultados continuam fracos? \u00c9 frustrante. Parece que todo mundo est\u00e1 avan\u00e7ando com a tecnologia, menos voc\u00ea. E por mais que voc\u00ea tente, nada parece dar [&hellip;]<\/p>\n","protected":false},"author":3,"featured_media":0,"parent":0,"menu_order":0,"comment_status":"closed","ping_status":"closed","template":"","meta":{"_et_pb_use_builder":"","_et_pb_old_content":"","_et_gb_content_width":"","_monsterinsights_skip_tracking":false,"_monsterinsights_sitenote_active":false,"_monsterinsights_sitenote_note":"","_monsterinsights_sitenote_category":0,"slim_seo":{"title":"consultant-IA - Digital Business Solutions","description":"Chega de adivinha\u00e7\u00f5es. A IA aplicada com estrat\u00e9gia pode mudar o jogo do seu neg\u00f3cio Voc\u00ea sente que est\u00e1 sempre correndo atr\u00e1s: cria conte\u00fado, responde mensagen"},"footnotes":""},"class_list":["post-205994","page","type-page","status-publish","hentry"],"_links":{"self":[{"href":"https:\/\/digitalbusiness-solutions.com.br\/fr\/wp-json\/wp\/v2\/pages\/205994","targetHints":{"allow":["GET"]}}],"collection":[{"href":"https:\/\/digitalbusiness-solutions.com.br\/fr\/wp-json\/wp\/v2\/pages"}],"about":[{"href":"https:\/\/digitalbusiness-solutions.com.br\/fr\/wp-json\/wp\/v2\/types\/page"}],"author":[{"embeddable":true,"href":"https:\/\/digitalbusiness-solutions.com.br\/fr\/wp-json\/wp\/v2\/users\/3"}],"replies":[{"embeddable":true,"href":"https:\/\/digitalbusiness-solutions.com.br\/fr\/wp-json\/wp\/v2\/comments?post=205994"}],"version-history":[{"count":19,"href":"https:\/\/digitalbusiness-solutions.com.br\/fr\/wp-json\/wp\/v2\/pages\/205994\/revisions"}],"predecessor-version":[{"id":206028,"href":"https:\/\/digitalbusiness-solutions.com.br\/fr\/wp-json\/wp\/v2\/pages\/205994\/revisions\/206028"}],"wp:attachment":[{"href":"https:\/\/digitalbusiness-solutions.com.br\/fr\/wp-json\/wp\/v2\/media?parent=205994"}],"curies":[{"name":"wp","href":"https:\/\/api.w.org\/{rel}","templated":true}]}}