{"id":205987,"date":"2025-08-07T13:51:34","date_gmt":"2025-08-07T16:51:34","guid":{"rendered":"https:\/\/digitalbusiness-solutions.com.br\/?page_id=205987"},"modified":"2025-08-07T13:51:34","modified_gmt":"2025-08-07T16:51:34","slug":"automatize-seu-funil-com-a-ia","status":"publish","type":"page","link":"https:\/\/digitalbusiness-solutions.com.br\/fr\/automatize-seu-funil-com-a-ia\/","title":{"rendered":"Automatiser votre entonnoir gr\u00e2ce \u00e0 l'IA"},"content":{"rendered":"<h1 data-start=\"168\" data-end=\"242\">Automatisez votre entonnoir avec l'IA et vendez tous les jours en mode automatique<\/h1>\n<p data-start=\"244\" data-end=\"528\">Pouvez-vous imaginer transformer des visiteurs en clients fid\u00e8les sans avoir \u00e0 \u00eatre en ligne en permanence ? Avec l'automatisation de l'entonnoir gr\u00e2ce \u00e0 l'intelligence artificielle (IA), c'est non seulement possible, mais c'est aussi la nouvelle norme pour les entreprises intelligentes qui veulent \u00e9voluer sans augmenter leur charge de travail.<\/p>\n<p data-start=\"530\" data-end=\"731\">Chez DBS (Digital Business Solutions), nous aidons les entrepreneurs comme vous \u00e0 cr\u00e9er, automatiser et optimiser des entonnoirs de vente intelligents qui fonctionnent 24 heures sur 24 et 7 jours sur 7 gr\u00e2ce \u00e0 la puissance de l'IA.<\/p>\n<h2 data-start=\"733\" data-end=\"783\">Qu'est-ce qu'un entonnoir de vente automatis\u00e9 avec IA ?<\/h2>\n<p data-start=\"785\" data-end=\"1049\">Un entonnoir de vente traditionnel accompagne le client depuis le premier contact jusqu'\u00e0 l'achat final. Cependant, la plupart des entrepreneurs s'appuient encore sur des processus manuels : r\u00e9pondre aux messages, envoyer des propositions, planifier des r\u00e9unions... tout cela prend du temps et de l'\u00e9nergie.<\/p>\n<p data-start=\"1051\" data-end=\"1126\">L'automatisation avec l'IA change compl\u00e8tement ce sc\u00e9nario. Gr\u00e2ce \u00e0 elle, vous pouvez :<\/p>\n<ul data-start=\"1128\" data-end=\"1416\">\n<li data-start=\"1128\" data-end=\"1160\">\n<p data-start=\"1130\" data-end=\"1160\">Capturer automatiquement les prospects<\/p>\n<\/li>\n<li data-start=\"1161\" data-end=\"1210\">\n<p data-start=\"1163\" data-end=\"1210\">Nourrir ces prospects avec un contenu personnalis\u00e9<\/p>\n<\/li>\n<li data-start=\"1211\" data-end=\"1273\">\n<p data-start=\"1213\" data-end=\"1273\">Qualifier et segmenter le public en fonction de son comportement<\/p>\n<\/li>\n<li data-start=\"1274\" data-end=\"1355\">\n<p data-start=\"1276\" data-end=\"1355\">Planifier des r\u00e9unions ou conclure des ventes directement par WhatsApp, par courriel ou par les r\u00e9seaux sociaux<\/p>\n<\/li>\n<li data-start=\"1356\" data-end=\"1416\">\n<p data-start=\"1358\" data-end=\"1416\">Contr\u00f4ler et optimiser les performances de l'entonnoir en temps r\u00e9el<\/p>\n<\/li>\n<\/ul>\n<p data-start=\"1418\" data-end=\"1538\">Le tout avec des outils intelligents qui apprennent \u00e0 partir des donn\u00e9es de votre entreprise et prennent des d\u00e9cisions bas\u00e9es sur les r\u00e9sultats.<\/p>\n<h2 data-start=\"1540\" data-end=\"1587\">Les avantages de l'automatisation de votre entonnoir gr\u00e2ce \u00e0 l'IA<\/h2>\n<h3 data-start=\"1589\" data-end=\"1626\">\u00c9volutivit\u00e9 sans effort humain<\/h3>\n<p data-start=\"1628\" data-end=\"1746\">Gr\u00e2ce \u00e0 l'IA, vous pouvez servir des centaines, voire des milliers de personnes en m\u00eame temps, sans devoir faire appel \u00e0 une \u00e9quipe nombreuse.<\/p>\n<h3 data-start=\"1748\" data-end=\"1779\">Gagner du temps et de l'\u00e9nergie<\/h3>\n<p data-start=\"1781\" data-end=\"1909\">Automatisez les t\u00e2ches r\u00e9p\u00e9titives telles que les r\u00e9ponses aux questions fr\u00e9quemment pos\u00e9es, l'envoi de courriers \u00e9lectroniques, les rappels de r\u00e9unions ou le suivi des ventes.<\/p>\n<h3 data-start=\"1911\" data-end=\"1943\">Segmentation et personnalisation<\/h3>\n<p data-start=\"1945\" data-end=\"2065\">L'IA comprend le comportement de vos prospects et fournit le bon contenu au bon moment, augmentant ainsi votre taux de conversion.<\/p>\n<h3 data-start=\"2067\" data-end=\"2097\">Des d\u00e9cisions fond\u00e9es sur des donn\u00e9es<\/h3>\n<p data-start=\"2099\" data-end=\"2209\">Vous saurez exactement o\u00f9 vous perdez des ventes et pourrez agir sur la base de donn\u00e9es concr\u00e8tes, et non d'hypoth\u00e8ses.<\/p>\n<h2 data-start=\"2211\" data-end=\"2239\">\u00c0 qui s'adresse ce service ?<\/h2>\n<p data-start=\"2241\" data-end=\"2300\">Notre service \"Automatisez votre entonnoir avec l'IA\" est id\u00e9al pour :<\/p>\n<ul data-start=\"2302\" data-end=\"2661\">\n<li data-start=\"2302\" data-end=\"2381\">\n<p data-start=\"2304\" data-end=\"2381\">Les coachs et les consultants qui souhaitent vendre des produits d'information ou des s\u00e9ances individuelles.<\/p>\n<\/li>\n<li data-start=\"2382\" data-end=\"2452\">\n<p data-start=\"2384\" data-end=\"2452\">Les entreprises locales qui souhaitent attirer plus de clients via les r\u00e9seaux sociaux<\/p>\n<\/li>\n<li data-start=\"2453\" data-end=\"2528\">\n<p data-start=\"2455\" data-end=\"2528\">Les professionnels tels que les avocats, les comptables, les m\u00e9decins et les th\u00e9rapeutes<\/p>\n<\/li>\n<li data-start=\"2529\" data-end=\"2587\">\n<p data-start=\"2531\" data-end=\"2587\">Les entreprises en ligne qui souhaitent se d\u00e9velopper sans augmenter leur personnel<\/p>\n<\/li>\n<li data-start=\"2588\" data-end=\"2661\">\n<p data-start=\"2590\" data-end=\"2661\">Agences et affili\u00e9s qui ont besoin d'entonnoirs intelligents et reproductibles<\/p>\n<\/li>\n<\/ul>\n<p data-start=\"2663\" data-end=\"2761\">Si vous souhaitez transformer automatiquement l'int\u00e9r\u00eat en ventes, ce service est fait pour vous.<\/p>\n<h2 data-start=\"2763\" data-end=\"2803\">Qu'est-ce qui est inclus dans notre service ?<\/h2>\n<p data-start=\"2805\" data-end=\"2886\">Chez DBS, nous offrons une solution personnalis\u00e9e et compl\u00e8te pour votre entreprise. Comprend :<\/p>\n<ul data-start=\"2888\" data-end=\"3274\">\n<li data-start=\"2888\" data-end=\"2947\">\n<p data-start=\"2890\" data-end=\"2947\">Cartographier et construire l'entonnoir id\u00e9al pour votre public<\/p>\n<\/li>\n<li data-start=\"2948\" data-end=\"3035\">\n<p data-start=\"2950\" data-end=\"3035\">Int\u00e9gration avec des outils tels que WhatsApp, l'email, le chatbot, le CRM et les pages de capture.<\/p>\n<\/li>\n<li data-start=\"3036\" data-end=\"3094\">\n<p data-start=\"3038\" data-end=\"3094\">Cr\u00e9er des messages et des s\u00e9quences automatis\u00e9s avec l'IA<\/p>\n<\/li>\n<li data-start=\"3095\" data-end=\"3170\">\n<p data-start=\"3097\" data-end=\"3170\">Formation \u00e0 l'IA pour comprendre et r\u00e9pondre \u00e0 vos prospects de mani\u00e8re naturelle<\/p>\n<\/li>\n<li data-start=\"3171\" data-end=\"3216\">\n<p data-start=\"3173\" data-end=\"3216\">Tests A\/B et optimisation continue de l'entonnoir<\/p>\n<\/li>\n<li data-start=\"3217\" data-end=\"3274\">\n<p data-start=\"3219\" data-end=\"3274\">Rapports et tableaux de bord pour le suivi des r\u00e9sultats<\/p>\n<\/li>\n<\/ul>\n<p data-start=\"3276\" data-end=\"3361\">Vous n'avez pas besoin de comprendre la technologie ou le marketing. Nous nous occupons de tout pour vous.<\/p>\n<h2 data-start=\"3363\" data-end=\"3389\">Pourquoi choisir DBS ?<\/h2>\n<p data-start=\"3391\" data-end=\"3536\">Nous sommes une agence sp\u00e9cialis\u00e9e dans le marketing num\u00e9rique et les solutions d'IA, avec un accent sur les r\u00e9sultats r\u00e9els pour les entrepreneurs et les entreprises br\u00e9siliens.<\/p>\n<p data-start=\"3538\" data-end=\"3693\">Gr\u00e2ce \u00e0 notre exp\u00e9rience pratique et \u00e0 nos outils test\u00e9s sur le march\u00e9, nous nous engageons \u00e0 simplifier le processus de vente et \u00e0 augmenter votre chiffre d'affaires avec intelligence.<\/p>\n<h2 data-start=\"3695\" data-end=\"3733\">T\u00e9moignages de clients satisfaits<\/h2>\n<p data-start=\"3735\" data-end=\"3936\">\"Apr\u00e8s avoir automatis\u00e9 mon entonnoir avec DBS, mes prospects ont commenc\u00e9 \u00e0 arriver tous les jours et je peux conclure des contrats m\u00eame lorsque je suis en r\u00e9union ou en train de me reposer.\"<br data-start=\"3898\" data-end=\"3901\" \/>- Ana Paula, conseill\u00e8re en carri\u00e8re<\/p>\n<p data-start=\"3938\" data-end=\"4124\">\"Le service client automatis\u00e9 avec l'IA m'a fait gagner plus de 10 heures par semaine. Je peux d\u00e9sormais me concentrer sur ce qui compte vraiment : servir mes clients.\"<br data-start=\"4085\" data-end=\"4088\" \/>- Jo\u00e3o Ricardo, Avocat d'affaires<\/p>\n<h2 data-start=\"4126\" data-end=\"4169\">C'est \u00e0 votre tour de vendre sur le march\u00e9 automatique<\/h2>\n<p data-start=\"4171\" data-end=\"4316\">Imaginez que vous vous r\u00e9veillez avec des messages de nouveaux clients potentiels int\u00e9ress\u00e9s par vos services. Ou terminer le mois avec deux fois plus de ventes sans avoir \u00e0 travailler deux fois plus.<\/p>\n<p data-start=\"4318\" data-end=\"4388\">Ce n'est pas de la chance. Il s'agit d'une strat\u00e9gie d'IA appliqu\u00e9e \u00e0 votre entonnoir de vente.<\/p>\n<p data-start=\"4390\" data-end=\"4534\">Cliquez sur le bouton ci-dessous et r\u00e9servez une d\u00e9monstration gratuite.<br data-start=\"4448\" data-end=\"4451\" \/>Nous vous montrerons concr\u00e8tement comment automatiser votre entonnoir et transformer votre entreprise.<\/p>\n<h3 data-start=\"4536\" data-end=\"4624\"><a class=\"cursor-pointer\" href=\"https:\/\/bit.ly\/WhatsApp-DBS\" rel=\"\" data-start=\"4540\" data-end=\"4624\">JE VEUX AUTOMATISER MON ENTONNOIR<\/a><\/h3>","protected":false},"excerpt":{"rendered":"<p>Automatize Seu Funil com a IA e Venda Todos os Dias no Piloto Autom\u00e1tico Voc\u00ea j\u00e1 imaginou transformar visitantes em clientes fi\u00e9is sem precisar estar online o tempo todo? Com a automa\u00e7\u00e3o de funil utilizando Intelig\u00eancia Artificial (IA), isso n\u00e3o s\u00f3 \u00e9 poss\u00edvel \u2014 \u00e9 o novo padr\u00e3o para neg\u00f3cios inteligentes que querem escalar sem [&hellip;]<\/p>\n","protected":false},"author":3,"featured_media":0,"parent":0,"menu_order":0,"comment_status":"closed","ping_status":"closed","template":"","meta":{"_et_pb_use_builder":"","_et_pb_old_content":"","_et_gb_content_width":"","_monsterinsights_skip_tracking":false,"_monsterinsights_sitenote_active":false,"_monsterinsights_sitenote_note":"","_monsterinsights_sitenote_category":0,"slim_seo":{"title":"Automatize Seu Funil com a IA - Digital Business Solutions","description":"Automatize Seu Funil com a IA e Venda Todos os Dias no Piloto Autom\u00e1tico Voc\u00ea j\u00e1 imaginou transformar visitantes em clientes fi\u00e9is sem precisar estar online o t"},"footnotes":""},"class_list":["post-205987","page","type-page","status-publish","hentry"],"_links":{"self":[{"href":"https:\/\/digitalbusiness-solutions.com.br\/fr\/wp-json\/wp\/v2\/pages\/205987","targetHints":{"allow":["GET"]}}],"collection":[{"href":"https:\/\/digitalbusiness-solutions.com.br\/fr\/wp-json\/wp\/v2\/pages"}],"about":[{"href":"https:\/\/digitalbusiness-solutions.com.br\/fr\/wp-json\/wp\/v2\/types\/page"}],"author":[{"embeddable":true,"href":"https:\/\/digitalbusiness-solutions.com.br\/fr\/wp-json\/wp\/v2\/users\/3"}],"replies":[{"embeddable":true,"href":"https:\/\/digitalbusiness-solutions.com.br\/fr\/wp-json\/wp\/v2\/comments?post=205987"}],"version-history":[{"count":1,"href":"https:\/\/digitalbusiness-solutions.com.br\/fr\/wp-json\/wp\/v2\/pages\/205987\/revisions"}],"predecessor-version":[{"id":205988,"href":"https:\/\/digitalbusiness-solutions.com.br\/fr\/wp-json\/wp\/v2\/pages\/205987\/revisions\/205988"}],"wp:attachment":[{"href":"https:\/\/digitalbusiness-solutions.com.br\/fr\/wp-json\/wp\/v2\/media?parent=205987"}],"curies":[{"name":"wp","href":"https:\/\/api.w.org\/{rel}","templated":true}]}}