{"id":205851,"date":"2025-06-15T17:15:00","date_gmt":"2025-06-15T20:15:00","guid":{"rendered":"https:\/\/digitalbusiness-solutions.com.br\/?page_id=205851"},"modified":"2025-08-18T21:51:45","modified_gmt":"2025-08-19T00:51:45","slug":"criacao-de-formacoes-online-para-coachs-e-consultores","status":"publish","type":"page","link":"https:\/\/digitalbusiness-solutions.com.br\/fr\/criacao-de-formacoes-online-para-coachs-e-consultores\/","title":{"rendered":"la cr\u00e9ation de cours de formation en ligne pour les coachs et les consultants"},"content":{"rendered":"<p>[et_pb_section][et_pb_row][et_pb_column type=&#8221;4_4&#8243;][et_pb_text]<\/p>\n<h1 data-start=\"313\" data-end=\"390\">Acompanhamento completo para criar e vender sua pr\u00f3pria forma\u00e7\u00e3o online<\/h1>\n<h2 data-start=\"392\" data-end=\"470\">Transforme sua expertise em renda passiva com um programa passo a passo<\/h2>\n<p data-start=\"472\" data-end=\"706\">Voc\u00ea \u00e9 coach, terapeuta, nutricionista, consultor ou advogado?<br data-start=\"534\" data-end=\"537\" \/>Quer compartilhar seu conhecimento em larga escala e gerar receita recorrente?<br data-start=\"615\" data-end=\"618\" \/><strong data-start=\"618\" data-end=\"706\">A DBS te acompanha do in\u00edcio ao fim para criar e vender sua pr\u00f3pria forma\u00e7\u00e3o online.<\/strong><\/p>\n<p data-start=\"708\" data-end=\"825\">Com nosso m\u00e9todo exclusivo, inspirado nas melhores estrat\u00e9gias do mercado, voc\u00ea vai:<\/p>\n<h3 data-start=\"832\" data-end=\"896\">O que voc\u00ea vai aprender e colocar em pr\u00e1tica com a gente:<\/h3>\n<h4 data-start=\"898\" data-end=\"954\">1. Clareza sobre seu p\u00fablico-alvo ideal (avatar)<\/h4>\n<ul data-start=\"955\" data-end=\"1084\">\n<li data-start=\"955\" data-end=\"987\">\n<p data-start=\"957\" data-end=\"987\">Identifica\u00e7\u00e3o do cliente ideal<\/p>\n<\/li>\n<li data-start=\"988\" data-end=\"1038\">\n<p data-start=\"990\" data-end=\"1038\">Entendimento das dores, objetivos e necessidades<\/p>\n<\/li>\n<li data-start=\"1039\" data-end=\"1084\">\n<p data-start=\"1041\" data-end=\"1084\">Posicionamento estrat\u00e9gico da sua expertise<\/p>\n<\/li>\n<\/ul>\n<h4 data-start=\"1086\" data-end=\"1132\">2. Constru\u00e7\u00e3o do plano da sua forma\u00e7\u00e3o<\/h4>\n<ul data-start=\"1133\" data-end=\"1295\">\n<li data-start=\"1133\" data-end=\"1185\">\n<p data-start=\"1135\" data-end=\"1185\">Organiza\u00e7\u00e3o do seu conhecimento em m\u00f3dulos e aulas<\/p>\n<\/li>\n<li data-start=\"1186\" data-end=\"1238\">\n<p data-start=\"1188\" data-end=\"1238\">Cria\u00e7\u00e3o de fichas pedag\u00f3gicas claras e impactantes<\/p>\n<\/li>\n<li data-start=\"1239\" data-end=\"1295\">\n<p data-start=\"1241\" data-end=\"1295\">Estrutura l\u00f3gica e flu\u00edda para facilitar o aprendizado<\/p>\n<\/li>\n<\/ul>\n<h4 data-start=\"1297\" data-end=\"1339\">3. Produ\u00e7\u00e3o dos conte\u00fados em v\u00eddeo<\/h4>\n<ul data-start=\"1340\" data-end=\"1492\">\n<li data-start=\"1340\" data-end=\"1388\">\n<p data-start=\"1342\" data-end=\"1388\">Roteiros otimizados para engajar e transformar<\/p>\n<\/li>\n<li data-start=\"1389\" data-end=\"1439\">\n<p data-start=\"1391\" data-end=\"1439\">Ferramentas pr\u00e1ticas para gravar (com ou sem IA)<\/p>\n<\/li>\n<li data-start=\"1440\" data-end=\"1492\">\n<p data-start=\"1442\" data-end=\"1492\">Suporte t\u00e9cnico com voz, slides, IA ou imagem real<\/p>\n<\/li>\n<\/ul>\n<h4 data-start=\"1494\" data-end=\"1534\">4. Publica\u00e7\u00e3o da forma\u00e7\u00e3o online<\/h4>\n<ul data-start=\"1535\" data-end=\"1699\">\n<li data-start=\"1535\" data-end=\"1620\">\n<p data-start=\"1537\" data-end=\"1620\">Escolha da <strong data-start=\"1548\" data-end=\"1569\">melhor plataforma<\/strong> (Hotmart, Kiwify, Eduzz, Kooneo, Systeme.io, etc.)<\/p>\n<\/li>\n<li data-start=\"1621\" data-end=\"1657\">\n<p data-start=\"1623\" data-end=\"1657\">Upload de v\u00eddeos, materiais e PDFs<\/p>\n<\/li>\n<li data-start=\"1658\" data-end=\"1699\">\n<p data-start=\"1660\" data-end=\"1699\">Configura\u00e7\u00f5es de acesso e testes finais<\/p>\n<\/li>\n<\/ul>\n<h4 data-start=\"1701\" data-end=\"1747\">5. Estrat\u00e9gia de venda da sua forma\u00e7\u00e3o<\/h4>\n<ul data-start=\"1748\" data-end=\"1920\">\n<li data-start=\"1748\" data-end=\"1789\">\n<p data-start=\"1750\" data-end=\"1789\">Cria\u00e7\u00e3o de um funil de vendas eficiente<\/p>\n<\/li>\n<li data-start=\"1790\" data-end=\"1869\">\n<p data-start=\"1792\" data-end=\"1869\">Dicas de comunica\u00e7\u00e3o <strong data-start=\"1813\" data-end=\"1825\">org\u00e2nica<\/strong> (Instagram, WhatsApp, conte\u00fados educativos)<\/p>\n<\/li>\n<li data-start=\"1870\" data-end=\"1920\">\n<p data-start=\"1872\" data-end=\"1920\">Opcional: campanhas pagas (Meta Ads, Google Ads)<\/p>\n<\/li>\n<\/ul>\n<h2 data-start=\"1927\" data-end=\"1968\">\u2705 Um acompanhamento 100% personalizado<\/h2>\n<p data-start=\"1970\" data-end=\"2150\">Voc\u00ea <strong data-start=\"1975\" data-end=\"2033\">n\u00e3o precisa ser expert em tecnologia nem em marketing.<\/strong><br data-start=\"2033\" data-end=\"2036\" \/><strong data-start=\"2036\" data-end=\"2067\">N\u00f3s fazemos junto com voc\u00ea.<\/strong><\/p>\n<p data-start=\"1970\" data-end=\"2150\">Com ferramentas pr\u00e1ticas, modelos prontos e orienta\u00e7\u00e3o profissional em cada etapa.<\/p>\n<h2 data-start=\"2157\" data-end=\"2195\">Para quem \u00e9 este acompanhamento?<\/h2>\n<ul data-start=\"2196\" data-end=\"2432\">\n<li data-start=\"2196\" data-end=\"2240\">\n<p data-start=\"2198\" data-end=\"2240\">Coaches (de bem-estar, carreira, neg\u00f3cios)<\/p>\n<\/li>\n<li data-start=\"2241\" data-end=\"2290\">\n<p data-start=\"2243\" data-end=\"2290\">Terapeutas e profissionais de sa\u00fade integrativa<\/p>\n<\/li>\n<li data-start=\"2291\" data-end=\"2320\">\n<p data-start=\"2293\" data-end=\"2320\">Consultores e especialistas<\/p>\n<\/li>\n<li data-start=\"2321\" data-end=\"2366\">\n<p data-start=\"2323\" data-end=\"2366\">Advogados, nutricionistas ou outros experts<\/p>\n<\/li>\n<li data-start=\"2367\" data-end=\"2432\">\n<p data-start=\"2369\" data-end=\"2432\">Qualquer profissional que deseja <strong data-start=\"2402\" data-end=\"2432\">monetizar seu conhecimento<\/strong><\/p>\n<\/li>\n<\/ul>\n<h2 data-start=\"2439\" data-end=\"2467\">Qual ser\u00e1 o resultado?<\/h2>\n<p data-start=\"2469\" data-end=\"2626\">Uma forma\u00e7\u00e3o 100% pronta para vender, hospedada com seguran\u00e7a, acess\u00edvel a qualquer hora e<\/p>\n<p data-start=\"2469\" data-end=\"2626\"><strong data-start=\"2561\" data-end=\"2626\">clientes sendo formados \u00e0 dist\u00e2ncia, at\u00e9 enquanto voc\u00ea dorme.<\/strong><\/p>\n<h2 data-start=\"2633\" data-end=\"2678\">Pronto para lan\u00e7ar sua forma\u00e7\u00e3o online?<\/h2>\n<p data-start=\"2680\" data-end=\"2826\"><strong data-start=\"2683\" data-end=\"2747\">Clique no bot\u00e3o abaixo para agendar sua consultoria gratuita<\/strong><br data-start=\"2747\" data-end=\"2750\" \/>e descobrir como a DBS pode transformar sua expertise em um neg\u00f3cio digital.<\/p>\n<h3 data-start=\"2828\" data-end=\"2887\"><a class=\"\" href=\"https:\/\/wa.me\/005581986601093\" rel=\"noopener\" data-start=\"2835\" data-end=\"2887\">Agendar minha consultoria gratuita agora<\/a>!<\/h3>\n<p>[\/et_pb_text][\/et_pb_column][\/et_pb_row][\/et_pb_section]<\/p>\n","protected":false},"excerpt":{"rendered":"<p><div class=\"et_pb_section et_pb_section_0 et_section_regular\" >\n\t\t\t\t\n\t\t\t\t\n\t\t\t\t\n\t\t\t\t\n\t\t\t\t\n\t\t\t\t\n\t\t\t\t\n\t\t\t\t\n\t\t\t\t\n\t\t\t<\/div><div class=\"et_pb_row et_pb_row_0 et_pb_row_empty\">\n\t\t\t\t\n\t\t\t\t\n\t\t\t\t\n\t\t\t\t\n\t\t\t\t\n\t\t\t<\/div><div class=\"et_pb_module et_pb_text et_pb_text_0  et_pb_text_align_left et_pb_bg_layout_light\">\n\t\t\t\t\n\t\t\t\t\n\t\t\t\t\n\t\t\t\t\n\t\t\t\t\n\t\t\t<\/div> Acompanhamento completo para criar e vender sua pr\u00f3pria forma\u00e7\u00e3o online Transforme sua expertise em renda passiva com um programa passo a passo Voc\u00ea \u00e9 coach, terapeuta, nutricionista, consultor ou advogado?Quer compartilhar seu conhecimento em larga escala e gerar receita recorrente?A DBS te acompanha do in\u00edcio ao fim para criar e vender sua pr\u00f3pria forma\u00e7\u00e3o [&hellip;]<\/p>\n","protected":false},"author":1,"featured_media":205858,"parent":0,"menu_order":0,"comment_status":"closed","ping_status":"closed","template":"","meta":{"_et_pb_use_builder":"on","_et_pb_old_content":"<h1 data-start=\"313\" data-end=\"390\">Acompanhamento completo para criar e vender sua pr\u00f3pria forma\u00e7\u00e3o online<\/h1><h2 data-start=\"392\" data-end=\"470\">Transforme sua expertise em renda passiva com um programa passo a passo<\/h2><p data-start=\"472\" data-end=\"706\">Voc\u00ea \u00e9 coach, terapeuta, nutricionista, consultor ou advogado?<br data-start=\"534\" data-end=\"537\" \/>Quer compartilhar seu conhecimento em larga escala e gerar receita recorrente?<br data-start=\"615\" data-end=\"618\" \/><strong data-start=\"618\" data-end=\"706\">A DBS te acompanha do in\u00edcio ao fim para criar e vender sua pr\u00f3pria forma\u00e7\u00e3o online.<\/strong><\/p><p data-start=\"708\" data-end=\"825\">Com nosso m\u00e9todo exclusivo, inspirado nas melhores estrat\u00e9gias do mercado, voc\u00ea vai:<\/p><h3 data-start=\"832\" data-end=\"896\">O que voc\u00ea vai aprender e colocar em pr\u00e1tica com a gente:<\/h3><h4 data-start=\"898\" data-end=\"954\">1. Clareza sobre seu p\u00fablico-alvo ideal (avatar)<\/h4><ul data-start=\"955\" data-end=\"1084\"><li data-start=\"955\" data-end=\"987\"><p data-start=\"957\" data-end=\"987\">Identifica\u00e7\u00e3o do cliente ideal<\/p><\/li><li data-start=\"988\" data-end=\"1038\"><p data-start=\"990\" data-end=\"1038\">Entendimento das dores, objetivos e necessidades<\/p><\/li><li data-start=\"1039\" data-end=\"1084\"><p data-start=\"1041\" data-end=\"1084\">Posicionamento estrat\u00e9gico da sua expertise<\/p><\/li><\/ul><h4 data-start=\"1086\" data-end=\"1132\">2. Constru\u00e7\u00e3o do plano da sua forma\u00e7\u00e3o<\/h4><ul data-start=\"1133\" data-end=\"1295\"><li data-start=\"1133\" data-end=\"1185\"><p data-start=\"1135\" data-end=\"1185\">Organiza\u00e7\u00e3o do seu conhecimento em m\u00f3dulos e aulas<\/p><\/li><li data-start=\"1186\" data-end=\"1238\"><p data-start=\"1188\" data-end=\"1238\">Cria\u00e7\u00e3o de fichas pedag\u00f3gicas claras e impactantes<\/p><\/li><li data-start=\"1239\" data-end=\"1295\"><p data-start=\"1241\" data-end=\"1295\">Estrutura l\u00f3gica e flu\u00edda para facilitar o aprendizado<\/p><\/li><\/ul><h4 data-start=\"1297\" data-end=\"1339\">3. Produ\u00e7\u00e3o dos conte\u00fados em v\u00eddeo<\/h4><ul data-start=\"1340\" data-end=\"1492\"><li data-start=\"1340\" data-end=\"1388\"><p data-start=\"1342\" data-end=\"1388\">Roteiros otimizados para engajar e transformar<\/p><\/li><li data-start=\"1389\" data-end=\"1439\"><p data-start=\"1391\" data-end=\"1439\">Ferramentas pr\u00e1ticas para gravar (com ou sem IA)<\/p><\/li><li data-start=\"1440\" data-end=\"1492\"><p data-start=\"1442\" data-end=\"1492\">Suporte t\u00e9cnico com voz, slides, IA ou imagem real<\/p><\/li><\/ul><h4 data-start=\"1494\" data-end=\"1534\">4. Publica\u00e7\u00e3o da forma\u00e7\u00e3o online<\/h4><ul data-start=\"1535\" data-end=\"1699\"><li data-start=\"1535\" data-end=\"1620\"><p data-start=\"1537\" data-end=\"1620\">Escolha da <strong data-start=\"1548\" data-end=\"1569\">melhor plataforma<\/strong> (Hotmart, Kiwify, Eduzz, Kooneo, Systeme.io, etc.)<\/p><\/li><li data-start=\"1621\" data-end=\"1657\"><p data-start=\"1623\" data-end=\"1657\">Upload de v\u00eddeos, materiais e PDFs<\/p><\/li><li data-start=\"1658\" data-end=\"1699\"><p data-start=\"1660\" data-end=\"1699\">Configura\u00e7\u00f5es de acesso e testes finais<\/p><\/li><\/ul><h4 data-start=\"1701\" data-end=\"1747\">5. Estrat\u00e9gia de venda da sua forma\u00e7\u00e3o<\/h4><ul data-start=\"1748\" data-end=\"1920\"><li data-start=\"1748\" data-end=\"1789\"><p data-start=\"1750\" data-end=\"1789\">Cria\u00e7\u00e3o de um funil de vendas eficiente<\/p><\/li><li data-start=\"1790\" data-end=\"1869\"><p data-start=\"1792\" data-end=\"1869\">Dicas de comunica\u00e7\u00e3o <strong data-start=\"1813\" data-end=\"1825\">org\u00e2nica<\/strong> (Instagram, WhatsApp, conte\u00fados educativos)<\/p><\/li><li data-start=\"1870\" data-end=\"1920\"><p data-start=\"1872\" data-end=\"1920\">Opcional: campanhas pagas (Meta Ads, Google Ads)<\/p><\/li><\/ul><h2 data-start=\"1927\" data-end=\"1968\">\u2705 Um acompanhamento 100% personalizado<\/h2><p data-start=\"1970\" data-end=\"2150\">Voc\u00ea <strong data-start=\"1975\" data-end=\"2033\">n\u00e3o precisa ser expert em tecnologia nem em marketing.<\/strong><br data-start=\"2033\" data-end=\"2036\" \/><strong data-start=\"2036\" data-end=\"2067\">N\u00f3s fazemos junto com voc\u00ea.<\/strong><\/p><p data-start=\"1970\" data-end=\"2150\">Com ferramentas pr\u00e1ticas, modelos prontos e orienta\u00e7\u00e3o profissional em cada etapa.<\/p><h2 data-start=\"2157\" data-end=\"2195\">Para quem \u00e9 este acompanhamento?<\/h2><ul data-start=\"2196\" data-end=\"2432\"><li data-start=\"2196\" data-end=\"2240\"><p data-start=\"2198\" data-end=\"2240\">Coaches (de bem-estar, carreira, neg\u00f3cios)<\/p><\/li><li data-start=\"2241\" data-end=\"2290\"><p data-start=\"2243\" data-end=\"2290\">Terapeutas e profissionais de sa\u00fade integrativa<\/p><\/li><li data-start=\"2291\" data-end=\"2320\"><p data-start=\"2293\" data-end=\"2320\">Consultores e especialistas<\/p><\/li><li data-start=\"2321\" data-end=\"2366\"><p data-start=\"2323\" data-end=\"2366\">Advogados, nutricionistas ou outros experts<\/p><\/li><li data-start=\"2367\" data-end=\"2432\"><p data-start=\"2369\" data-end=\"2432\">Qualquer profissional que deseja <strong data-start=\"2402\" data-end=\"2432\">monetizar seu conhecimento<\/strong><\/p><\/li><\/ul><h2 data-start=\"2439\" data-end=\"2467\">Qual ser\u00e1 o resultado?<\/h2><p data-start=\"2469\" data-end=\"2626\">Uma forma\u00e7\u00e3o 100% pronta para vender, hospedada com seguran\u00e7a, acess\u00edvel a qualquer hora e<\/p><p data-start=\"2469\" data-end=\"2626\"><strong data-start=\"2561\" data-end=\"2626\">clientes sendo formados \u00e0 dist\u00e2ncia, at\u00e9 enquanto voc\u00ea dorme.<\/strong><\/p><h2 data-start=\"2633\" data-end=\"2678\">Pronto para lan\u00e7ar sua forma\u00e7\u00e3o online?<\/h2><p data-start=\"2680\" data-end=\"2826\"><strong data-start=\"2683\" data-end=\"2747\">Clique no bot\u00e3o abaixo para agendar sua consultoria gratuita<\/strong><br data-start=\"2747\" data-end=\"2750\" \/>e descobrir como a DBS pode transformar sua expertise em um neg\u00f3cio digital.<\/p><h3 data-start=\"2828\" data-end=\"2887\"><a class=\"\" href=\"https:\/\/wa.me\/005581986601093\" rel=\"noopener\" data-start=\"2835\" data-end=\"2887\">Agendar minha consultoria gratuita agora<\/a>!<\/h3>","_et_gb_content_width":"","_monsterinsights_skip_tracking":false,"_monsterinsights_sitenote_active":false,"_monsterinsights_sitenote_note":"","_monsterinsights_sitenote_category":0,"slim_seo":{"title":"Cr\u00e9ez et vendez votre formation en ligne avec un soutien personnalis\u00e9","description":"Nous aidons les coachs, les consultants et les experts \u00e0 cr\u00e9er, lancer et vendre leurs cours de formation en ligne \u00e9tape par \u00e9tape, m\u00eame sans exp\u00e9rience technique."},"footnotes":""},"class_list":["post-205851","page","type-page","status-publish","has-post-thumbnail","hentry"],"_links":{"self":[{"href":"https:\/\/digitalbusiness-solutions.com.br\/fr\/wp-json\/wp\/v2\/pages\/205851","targetHints":{"allow":["GET"]}}],"collection":[{"href":"https:\/\/digitalbusiness-solutions.com.br\/fr\/wp-json\/wp\/v2\/pages"}],"about":[{"href":"https:\/\/digitalbusiness-solutions.com.br\/fr\/wp-json\/wp\/v2\/types\/page"}],"author":[{"embeddable":true,"href":"https:\/\/digitalbusiness-solutions.com.br\/fr\/wp-json\/wp\/v2\/users\/1"}],"replies":[{"embeddable":true,"href":"https:\/\/digitalbusiness-solutions.com.br\/fr\/wp-json\/wp\/v2\/comments?post=205851"}],"version-history":[{"count":6,"href":"https:\/\/digitalbusiness-solutions.com.br\/fr\/wp-json\/wp\/v2\/pages\/205851\/revisions"}],"predecessor-version":[{"id":206015,"href":"https:\/\/digitalbusiness-solutions.com.br\/fr\/wp-json\/wp\/v2\/pages\/205851\/revisions\/206015"}],"wp:featuredmedia":[{"embeddable":true,"href":"https:\/\/digitalbusiness-solutions.com.br\/fr\/wp-json\/wp\/v2\/media\/205858"}],"wp:attachment":[{"href":"https:\/\/digitalbusiness-solutions.com.br\/fr\/wp-json\/wp\/v2\/media?parent=205851"}],"curies":[{"name":"wp","href":"https:\/\/api.w.org\/{rel}","templated":true}]}}