{"id":1296,"date":"2024-03-22T11:20:58","date_gmt":"2024-03-22T14:20:58","guid":{"rendered":"https:\/\/digitalbusiness-solutions.com.br\/?page_id=1296"},"modified":"2025-01-06T15:08:07","modified_gmt":"2025-01-06T18:08:07","slug":"criacao-de-conteudos-para-seu-negocio","status":"publish","type":"page","link":"https:\/\/digitalbusiness-solutions.com.br\/fr\/criacao-de-conteudos-para-seu-negocio\/","title":{"rendered":"Cr\u00e9er du contenu pour votre entreprise"},"content":{"rendered":"<p>[et_pb_section fb_built=&#8221;1&#8243; _builder_version=&#8221;4.16&#8243; global_colors_info=&#8221;{}&#8221;][et_pb_row _builder_version=&#8221;4.16&#8243; background_size=&#8221;initial&#8221; background_position=&#8221;top_left&#8221; background_repeat=&#8221;repeat&#8221; global_colors_info=&#8221;{}&#8221;][et_pb_column type=&#8221;4_4&#8243; _builder_version=&#8221;4.16&#8243; custom_padding=&#8221;|||&#8221; global_colors_info=&#8221;{}&#8221; custom_padding__hover=&#8221;|||&#8221;][et_pb_text _builder_version=&#8221;4.25.1&#8243; text_font_size=&#8221;16px&#8221; background_size=&#8221;initial&#8221; background_position=&#8221;top_left&#8221; background_repeat=&#8221;repeat&#8221; global_colors_info=&#8221;{}&#8221;]<\/p>\n<p>A DBS oferece servi\u00e7os de cria\u00e7\u00e3o de conte\u00fados profissionais para o seu neg\u00f3cio vender mais e melhor.<\/p>\n<ol>\n<li>Defina o avatar ou seu cliente ideal: identifique as necessidades precisas dos seus clientes potenciais, crie conte\u00fado cativante e envolvente, crie fidelidade em uma comunidade apaixonada e desenvolva solu\u00e7\u00f5es personalizadas atraentes.<\/li>\n<li>Cria\u00e7\u00e3o de Quiz: energize seu p\u00fablico, aumente a coleta de novos contatos e envolva seu p\u00fablico de forma divertida.<\/li>\n<li>\u00cdm\u00e3 de leads de alta qualidade (eBook): ofere\u00e7a conte\u00fado atraente e valioso para atrair e cativar seus clientes potenciais.<\/li>\n<li>P\u00e1gina de captura de eventos e \u00edm\u00e3 de leads: use uma p\u00e1gina eficaz para atrair os clientes em potencial a se registrarem em seus eventos ou baixarem seu \u00edm\u00e3 de leads.<\/li>\n<li>P\u00e1gina de vendas atraente: Crie uma p\u00e1gina de vendas otimizada para converter efetivamente seus clientes potenciais em clientes.<\/li>\n<li>Cria\u00e7\u00e3o de Reels e Shorts: Aumente sua visibilidade on-line usando esses formatos curtos e envolventes nas redes sociais.<\/li>\n<li>Livros de n\u00e3o fic\u00e7\u00e3o: torne-se uma refer\u00eancia em seu setor para atrair leads e clientes de alta qualidade.<\/li>\n<li>Publica\u00e7\u00f5es de blog otimizadas para SEO: atraia leads qualificados de longo prazo publicando conte\u00fado regular e otimizando-o para mecanismos de pesquisa.<\/li>\n<li>Tradu\u00e7\u00e3o de conte\u00fado: alcance um p\u00fablico mais amplo traduzindo seu conte\u00fado para outros idiomas para maior acessibilidade e compreens\u00e3o.<\/li>\n<\/ol>\n<p>&nbsp;<\/p>\n<p>&nbsp;<\/p>\n<p>&nbsp;<\/p>\n<p>[\/et_pb_text][\/et_pb_column][\/et_pb_row][et_pb_row _builder_version=&#8221;4.24.2&#8243; _module_preset=&#8221;default&#8221; background_enable_color=&#8221;off&#8221; collapsed=&#8221;off&#8221; global_colors_info=&#8221;{}&#8221;][et_pb_column type=&#8221;4_4&#8243; _builder_version=&#8221;4.24.2&#8243; _module_preset=&#8221;default&#8221; global_colors_info=&#8221;{}&#8221;][et_pb_cta title=&#8221;Confira os valores e tire suas duvidas!&#8221; button_url=&#8221;https:\/\/bit.ly\/DBS-Recife&#8221; button_text=&#8221;clique aqui!&#8221; _builder_version=&#8221;4.27.3&#8243; _module_preset=&#8221;default&#8221; background_color=&#8221;#ef7d17&#8243; custom_button=&#8221;on&#8221; button_bg_color=&#8221;#000000&#8243; link_option_url_new_window=&#8221;on&#8221; hover_enabled=&#8221;0&#8243; global_colors_info=&#8221;{}&#8221; sticky_enabled=&#8221;0&#8243;][\/et_pb_cta][\/et_pb_column][\/et_pb_row][\/et_pb_section]<\/p>\n","protected":false},"excerpt":{"rendered":"<p>A DBS oferece servi\u00e7os de cria\u00e7\u00e3o de conte\u00fados profissionais para o seu neg\u00f3cio vender mais e melhor. Defina o avatar ou seu cliente ideal: identifique as necessidades precisas dos seus clientes potenciais, crie conte\u00fado cativante e envolvente, crie fidelidade em uma comunidade apaixonada e desenvolva solu\u00e7\u00f5es personalizadas atraentes. Cria\u00e7\u00e3o de Quiz: energize seu p\u00fablico, aumente [&hellip;]<\/p>\n","protected":false},"author":1,"featured_media":1297,"parent":0,"menu_order":0,"comment_status":"closed","ping_status":"closed","template":"","meta":{"_et_pb_use_builder":"on","_et_pb_old_content":"<p>A\u00a0DBS\u00a0oferece servi\u00e7os de cria\u00e7\u00e3o de conte\u00fado com intelig\u00eancia artificial para o seu neg\u00f3cio, utilizando\u00a0tecnologia avan\u00e7ada\u00a0para produzir conte\u00fado personalizado e otimizado.<\/p><p>Com a combina\u00e7\u00e3o de IA e\u00a0expertise\u00a0humana, fornecemos posts para redes sociais como Facebook e LinkedIn, an\u00fancios no Facebook e Google,\u00a0metatags\u00a0de SEO, descri\u00e7\u00f5es de produtos e im\u00f3veis, e artigos de blog.<\/p><p>Nossos servi\u00e7os permitem uma produ\u00e7\u00e3o r\u00e1pida e eficiente, trazendo novas possibilidades para a sua estrat\u00e9gia de marketing digital.<\/p><p>Aproveite as vantagens da intelig\u00eancia artificial e aumente o impacto de suas campanhas online com a\u00a0DBS.<\/p><p>\u00a0<\/p><p>\u00a0<\/p>","_et_gb_content_width":"","_monsterinsights_skip_tracking":false,"_monsterinsights_sitenote_active":false,"_monsterinsights_sitenote_note":"","_monsterinsights_sitenote_category":0,"slim_seo":{"title":"Optimisez votre activit\u00e9 gr\u00e2ce \u00e0 l'intelligence artificielle","description":"D\u00e9couvrez les meilleurs outils d'IA pour cr\u00e9er un contenu personnalis\u00e9 et optimis\u00e9, en connectant les solutions aux points de douleur de votre public. Cliquez pour en savoir plus !"},"footnotes":""},"class_list":["post-1296","page","type-page","status-publish","has-post-thumbnail","hentry"],"_links":{"self":[{"href":"https:\/\/digitalbusiness-solutions.com.br\/fr\/wp-json\/wp\/v2\/pages\/1296","targetHints":{"allow":["GET"]}}],"collection":[{"href":"https:\/\/digitalbusiness-solutions.com.br\/fr\/wp-json\/wp\/v2\/pages"}],"about":[{"href":"https:\/\/digitalbusiness-solutions.com.br\/fr\/wp-json\/wp\/v2\/types\/page"}],"author":[{"embeddable":true,"href":"https:\/\/digitalbusiness-solutions.com.br\/fr\/wp-json\/wp\/v2\/users\/1"}],"replies":[{"embeddable":true,"href":"https:\/\/digitalbusiness-solutions.com.br\/fr\/wp-json\/wp\/v2\/comments?post=1296"}],"version-history":[{"count":8,"href":"https:\/\/digitalbusiness-solutions.com.br\/fr\/wp-json\/wp\/v2\/pages\/1296\/revisions"}],"predecessor-version":[{"id":205600,"href":"https:\/\/digitalbusiness-solutions.com.br\/fr\/wp-json\/wp\/v2\/pages\/1296\/revisions\/205600"}],"wp:featuredmedia":[{"embeddable":true,"href":"https:\/\/digitalbusiness-solutions.com.br\/fr\/wp-json\/wp\/v2\/media\/1297"}],"wp:attachment":[{"href":"https:\/\/digitalbusiness-solutions.com.br\/fr\/wp-json\/wp\/v2\/media?parent=1296"}],"curies":[{"name":"wp","href":"https:\/\/api.w.org\/{rel}","templated":true}]}}