{"id":1162,"date":"2024-03-12T11:39:03","date_gmt":"2024-03-12T14:39:03","guid":{"rendered":"https:\/\/digitalbusiness-solutions.com.br\/?page_id=1162"},"modified":"2024-03-25T16:10:23","modified_gmt":"2024-03-25T19:10:23","slug":"o-que-e-estrategia-digital-para-sua-empresa","status":"publish","type":"page","link":"https:\/\/digitalbusiness-solutions.com.br\/fr\/o-que-e-estrategia-digital-para-sua-empresa\/","title":{"rendered":"O que \u00e9 estrat\u00e9gia digital para sua empresa?"},"content":{"rendered":"<p>[et_pb_section fb_built=&#8221;1&#8243; _builder_version=&#8221;4.16&#8243; global_colors_info=&#8221;{}&#8221;][et_pb_row _builder_version=&#8221;4.16&#8243; background_size=&#8221;initial&#8221; background_position=&#8221;top_left&#8221; background_repeat=&#8221;repeat&#8221; global_colors_info=&#8221;{}&#8221;][et_pb_column type=&#8221;4_4&#8243; _builder_version=&#8221;4.16&#8243; custom_padding=&#8221;|||&#8221; global_colors_info=&#8221;{}&#8221; custom_padding__hover=&#8221;|||&#8221;][et_pb_text _builder_version=&#8221;4.16&#8243; background_size=&#8221;initial&#8221; background_position=&#8221;top_left&#8221; background_repeat=&#8221;repeat&#8221; global_colors_info=&#8221;{}&#8221;]<\/p>\n<h1><strong>Uma estrat\u00e9gia digital vai muito al\u00e9m de realizar algumas atividades online<\/strong><\/h1>\n<p>Investir em uma boa presen\u00e7a online pode ser crucial, por\u00e9m muitos gestores n\u00e3o sabem como fazer isso ou sequer entendem o que isso significa.<\/p>\n<p>A implementa\u00e7\u00e3o dessa abordagem pode ser um desafio para muitos.<\/p>\n<p>Esta \u00e9 a sua situa\u00e7\u00e3o? Se sim, saiba que digital vai muito al\u00e9m das redes sociais.<\/p>\n<p>Por isso, junte-se a n\u00f3s e descubra tudo o que precisa saber para ter uma base s\u00f3lida para uma estrat\u00e9gia digital. Aproveite o conte\u00fado!<\/p>\n<h2>O que \u00e9 estrat\u00e9gia digital e qual \u00e9 o seu funcionamento?<\/h2>\n<p>Uma estrat\u00e9gia digital consiste em um conjunto de medidas para manter uma empresa ativa no ambiente online.<\/p>\n<p>Isso permite que a empresa esteja presente no mundo digital e tamb\u00e9m contribua para atrair novos consumidores e clientes.<\/p>\n<p>Esta estrat\u00e9gia tamb\u00e9m deve incluir a implementa\u00e7\u00e3o de ferramentas e tecnologias adequadas para alcan\u00e7ar e engajar o p\u00fablico-alvo, al\u00e9m de medir e analisar constantemente os resultados obtidos. Em resumo, uma estrat\u00e9gia digital eficiente \u00e9 aquela que utiliza de maneira eficaz a coleta, an\u00e1lise e aplica\u00e7\u00e3o de dados para alcan\u00e7ar os objetivos da organiza\u00e7\u00e3o. Uma estrat\u00e9gia digital eficaz \u00e9 aquela que envolve processos s\u00f3lidos, desde a an\u00e1lise de dados dos consumidores at\u00e9 a transforma\u00e7\u00e3o desses dados em informa\u00e7\u00f5es estrat\u00e9gicas para a organiza\u00e7\u00e3o. Tamb\u00e9m inclui a utiliza\u00e7\u00e3o de ferramentas e tecnologias apropriadas para alcan\u00e7ar e engajar o p\u00fablico-alvo, bem como a an\u00e1lise cont\u00ednua dos resultados. Em suma, uma estrat\u00e9gia digital eficaz \u00e9 aquela que faz um uso eficiente da coleta, an\u00e1lise e aplica\u00e7\u00e3o de dados para atingir os objetivos da organiza\u00e7\u00e3o.\u00a0tomada de decis\u00e3o\u00a0Desta forma a empresa come\u00e7a a se diferenciar dos concorrentes, uma vez que cria.Solu\u00e7\u00f5es <a href=\"https:\/\/blog.brq.com\/solucoes-digitais\/\">digitais<\/a>que realmente atendem \u00e0s necessidades do p\u00fablico.<\/p>\n<h2>Qual \u00e9 a import\u00e2ncia de ter uma estrat\u00e9gia digital na empresa?<\/h2>\n<p>Se ainda n\u00e3o est\u00e1 claro para voc\u00ea os motivos que tornam importante uma estrat\u00e9gia digital na empresa, \u00e9 melhor prestar aten\u00e7\u00e3o em algumas das raz\u00f5es que listamos para voc\u00ea!<\/p>\n<h3>Impulsiona o neg\u00f3cio<\/h3>\n<p>Um dos principais benef\u00edcios \u00e9 a potencializa\u00e7\u00e3o dos neg\u00f3cios por meio de uma estrat\u00e9gia digital eficaz. Isso ocorre pois a empresa passa a ter capacidade de inovar produtos e melhorar processos, resultando em maior satisfa\u00e7\u00e3o tanto dos funcion\u00e1rios quanto dos clientes.<\/p>\n<p>Quanto mais refinada for essa estrat\u00e9gia, mais claro ser\u00e1 o caminho que a empresa deve seguir para construir vantagens competitivas atrav\u00e9s da tecnologia. Isso tamb\u00e9m se aplica \u00e0s t\u00e1ticas que ser\u00e3o utilizadas na implementa\u00e7\u00e3o de mudan\u00e7as, que abrangem desde o modelo de neg\u00f3cios at\u00e9 a entrega de produtos.<strong>servi\u00e7os completamente inovadores<\/strong>\u00a0.<\/p>\n<h3>Aumenta a capacidade de alcance<\/h3>\n<p>A efic\u00e1cia de uma estrat\u00e9gia digital \u00e9 atualmente representada por um<strong>maior abrang\u00eancia de diversos p\u00fablicos<\/strong>Al\u00e9m disso, a efic\u00e1cia da comunica\u00e7\u00e3o \u00e9 fundamental, sendo essencial que as informa\u00e7\u00f5es e mensagens circulem atrav\u00e9s de todos os canais da empresa.atender com precis\u00e3o\u00a0adequando-se \u00e0s demandas da sua audi\u00eancia.<\/p>\n<p>Ao considerarmos os an\u00fancios pagos para a divulga\u00e7\u00e3o online, \u00e9 crucial ter em mente que a efic\u00e1cia deles est\u00e1 diretamente relacionada \u00e0 capacidade de alcan\u00e7ar um p\u00fablico mais amplo, mesmo que este n\u00e3o esteja familiarizado com a empresa. Logo, compreender qual tipo de comunica\u00e7\u00e3o \u00e9 mais eficaz nesse meio \u00e9 fundamental.<\/p>\n<h3>Eleva o perfil p\u00fablico da empresa<\/h3>\n<p>Ao desenvolver sua estrat\u00e9gia digital, a empresa tamb\u00e9m melhora e aumenta sua reputa\u00e7\u00e3o p\u00fablica. S\u00e3o aquelas marcas que as pessoas olham e pensam &#8220;eu adoraria trabalhar l\u00e1&#8221; ou &#8220;eu adoraria ter um produto deles&#8221;. \u00c9 exatamente isso!<\/p>\n<p>uma trajet\u00f3ria s\u00f3lida e confi\u00e1vel, \u00e9 fundamental para conquistar a confian\u00e7a dos clientes. Ter uma imagem positiva no mercado \u00e9 algo de extrema import\u00e2ncia para garantir o sucesso e prosperidade de um neg\u00f3cio. Uma empresa bem conceituada tende a atrair mais consumidores e a se destacar em meio \u00e0 concorr\u00eancia. Portanto, investir na constru\u00e7\u00e3o e manuten\u00e7\u00e3o de uma boa reputa\u00e7\u00e3o \u00e9 essencial para o crescimento empresarial.<a href=\"https:\/\/blog.brq.com\/maturidade-digital-da-empresa-o-que-voce-precisa-saber-sobre-o-assunto\/\">\u00a0maturidade digital\u00a0<\/a>\u00e9 amplamente reconhecido, com certeza,<strong>mais importante aos olhos do p\u00fablico.<\/strong>Portanto, \u00e9 poss\u00edvel que ela estabele\u00e7a alian\u00e7as mais vantajosas, contrate profissionais mais capacitados e conduza negocia\u00e7\u00f5es ainda mais ben\u00e9ficas.<\/p>\n<h2>Como criar uma\u00a0estrat\u00e9gia digital?<\/h2>\n<p>Se voc\u00ea gostou de tudo at\u00e9 agora, \u00e9 hora de aprender como desenvolver sua estrat\u00e9gia digital. Vamos come\u00e7ar?<\/p>\n<h3>Defina bem seus objetivos<\/h3>\n<p>metas que devem ser alcan\u00e7adas. Esses objetivos s\u00e3o as diretrizes que guiar\u00e3o o caminho a ser seguido para atingir os resultados desejados. Eles definem o rumo a ser seguido e as a\u00e7\u00f5es a serem tomadas para alcan\u00e7ar o sucesso. S\u00e3o as metas a serem atingidas para que o planejamento seja bem-sucedido.<strong><a href=\"https:\/\/marketingnapratica.com.br\/estrategias-de-marketing-para-atrair-clientes\/\">a\u00e7\u00f5es de marketing<\/a><\/strong>Qual \u00e9 o objetivo da sua estrat\u00e9gia digital? Para alcan\u00e7ar o que voc\u00ea se prop\u00f4s, \u00e9 necess\u00e1rio manter o foco.<\/p>\n<ul>\n<li>Expor e conquistar o\u00a0<strong>\u00a0reconhecimento da sua marca\u00a0<\/strong>\u00a0?<\/li>\n<li>Gerar mais leadse clientes em potencial?<\/li>\n<li><strong>\u00a0Aumentar as vendas\u00a0<\/strong>Devo interagir pessoalmente ou virtualmente?<\/li>\n<li>Criar pontos de conex\u00e3o com o seu p\u00fablico-alvo?<\/li>\n<li>Atender e orientar os seus clientes?<\/li>\n<\/ul>\n<p>N\u00e3o se deve esquecer de definir metas claras e objetivas em rela\u00e7\u00e3o ao que voc\u00ea deseja alcan\u00e7ar, pois somente assim ser\u00e1 poss\u00edvel saber se conseguiu ou n\u00e3o atingir o seu objetivo.<\/p>\n<h3>Pesquise e familiarize-se com o seu p\u00fablico-alvo.<\/h3>\n<p>Para desenvolver uma estrat\u00e9gia digital verdadeiramente eficaz, \u00e9 necess\u00e1rio comprar ou criar.<strong>Estudos sobre a audi\u00eancia dele.<\/strong>A an\u00e1lise dessas informa\u00e7\u00f5es fornecer\u00e1 insights importantes sobre como isso pode afetar voc\u00ea.<a href=\"https:\/\/blog.brq.com\/gerenciamento-de-crise\/\">\u00a0dados\u00a0<\/a>Voc\u00ea pode criar diferentes personas que deseja atingir e adaptar a linguagem para cada uma delas.<\/p>\n<p>Dessa forma, voc\u00ea direciona suas campanhas para um p\u00fablico-alvo que realmente tem interesse nelas, utilizando a segmenta\u00e7\u00e3o de v\u00e1rias ferramentas, como o Google Ads. Essa personaliza\u00e7\u00e3o do seu p\u00fablico vai auxiliar a compreender melhor o comportamento de cada grupo, bem como suas necessidades.<\/p>\n<h3>Defina as principais estrat\u00e9gias de marketing digital.<\/h3>\n<p>Com todas as ferramentas discutidas at\u00e9 agora em m\u00e3os, \u00e9 hora de<strong>criar um plano de marketing digital<\/strong>Isso engloba todo o material que ser\u00e1 discutido para cada segmento de consumidor com a linguagem apropriada, ofertas direcionadas e um cronograma.<\/p>\n<h3>Capacite a equipe.<\/h3>\n<p>\u00c9 crucial que a equipe esteja preparada para utilizar as melhores ferramentas digitais. Por isso, \u00e9 fundamental investir em treinamentos e capacita\u00e7\u00f5es.<strong>alcan\u00e7ar resultados verdadeiramente satisfat\u00f3rios<\/strong>\u00a0com a estrat\u00e9gia elaborada.<\/p>\n<p>Atualmente, para utilizar qualquer ferramenta online \u00e9 necess\u00e1rio passar por treinamentos espec\u00edficos que ir\u00e3o capacitar o profissional a utiliz\u00e1-la de forma eficiente. Portanto, n\u00e3o se deve menosprezar essa etapa e achar que apenas por entender de internet uma pessoa automaticamente entender\u00e1 de marketing online.<\/p>\n<h3>Tenha um programa de atividades.<\/h3>\n<p>as a\u00e7\u00f5es que ser\u00e3o realizadas para implementar a estrat\u00e9gia digital precisam ser cuidadosamente planejadas e inseridas em um calend\u00e1rio l\u00f3gico e vi\u00e1vel.<strong>Cada equipe ou profissional encarregado ser\u00e1 capaz de acompanhar a efic\u00e1cia.<\/strong>\u00a0operacional dessa parte.<\/p>\n<p>Al\u00e9m disso, certas ferramentas permitem a cria\u00e7\u00e3o de a\u00e7\u00f5es programadas, que s\u00e3o agendadas para serem realizadas automaticamente, o que pode ser muito \u00fatil para sincronizar e conectar as a\u00e7\u00f5es dentro de prazos que sejam relevantes.<\/p>\n<p>Ter uma estrat\u00e9gia digital na empresa \u00e9 essencial para manter a competitividade no mercado. Portanto, quanto mais cedo voc\u00ea se envolver nesse processo, mais f\u00e1cil ser\u00e1 alimentar os sistemas de dados relevantes para a gest\u00e3o do neg\u00f3cio e para decis\u00f5es importantes.<\/p>\n<p>&nbsp;<\/p>\n<p>&nbsp;<\/p>\n<figure><\/figure>\n<figure><\/figure>\n<p>[\/et_pb_text][\/et_pb_column][\/et_pb_row][\/et_pb_section][et_pb_section fb_built=&#8221;1&#8243; _builder_version=&#8221;4.21.0&#8243; _module_preset=&#8221;default&#8221; background_color=&#8221;#ef7d17&#8243; collapsed=&#8221;off&#8221; global_colors_info=&#8221;{}&#8221; theme_builder_area=&#8221;post_content&#8221;][et_pb_row _builder_version=&#8221;4.21.0&#8243; _module_preset=&#8221;default&#8221; background_color=&#8221;#ef7d17&#8243; global_colors_info=&#8221;{}&#8221; theme_builder_area=&#8221;post_content&#8221;][et_pb_column type=&#8221;4_4&#8243; _builder_version=&#8221;4.21.0&#8243; _module_preset=&#8221;default&#8221; global_colors_info=&#8221;{}&#8221; theme_builder_area=&#8221;post_content&#8221;][et_pb_cta title=&#8221;Consulta gratuita de 30 minutos&#8221; button_url=&#8221;https:\/\/mywhats.net\/DigitalBusinessSolutions&#8221; url_new_window=&#8221;on&#8221; button_text=&#8221;Agende aqui!&#8221; _builder_version=&#8221;4.24.2&#8243; _module_preset=&#8221;default&#8221; background_color=&#8221;#ef7d17&#8243; custom_button=&#8221;on&#8221; button_bg_color=&#8221;#1d1d1b&#8221; global_colors_info=&#8221;{}&#8221; theme_builder_area=&#8221;post_content&#8221;]<\/p>\n<p>Marque agora conosco uma consulta gratuita de 30 minutos e sem engajamento para a gente entender melhor seus precisos!<\/p>\n<p>[\/et_pb_cta][\/et_pb_column][\/et_pb_row][\/et_pb_section]<\/p>\n","protected":false},"excerpt":{"rendered":"<p>Uma estrat\u00e9gia digital vai muito al\u00e9m de realizar algumas atividades online Investir em uma boa presen\u00e7a online pode ser crucial, por\u00e9m muitos gestores n\u00e3o sabem como fazer isso ou sequer entendem o que isso significa. A implementa\u00e7\u00e3o dessa abordagem pode ser um desafio para muitos. Esta \u00e9 a sua situa\u00e7\u00e3o? Se sim, saiba que digital [&hellip;]<\/p>\n","protected":false},"author":1,"featured_media":1165,"parent":0,"menu_order":0,"comment_status":"closed","ping_status":"closed","template":"","meta":{"_et_pb_use_builder":"on","_et_pb_old_content":"<h1><strong>Uma estrat\u00e9gia digital vai muito al\u00e9m de realizar algumas atividades online<\/strong><\/h1><p>Investir em uma boa presen\u00e7a online pode ser crucial, por\u00e9m muitos gestores n\u00e3o sabem como fazer isso ou sequer entendem o que isso significa.<\/p><p>A implementa\u00e7\u00e3o dessa abordagem pode ser um desafio para muitos.<\/p><p>Esta \u00e9 a sua situa\u00e7\u00e3o? Se sim, saiba que digital vai muito al\u00e9m das redes sociais.<\/p><p>Por isso, junte-se a n\u00f3s e descubra tudo o que precisa saber para ter uma base s\u00f3lida para uma estrat\u00e9gia digital. Aproveite o conte\u00fado!<\/p><h2>O que \u00e9 estrat\u00e9gia digital e qual \u00e9 o seu funcionamento?<\/h2><p>Uma estrat\u00e9gia digital consiste em um conjunto de medidas para manter uma empresa ativa no ambiente online.<\/p><p>Isso permite que a empresa esteja presente no mundo digital e tamb\u00e9m contribua para atrair novos consumidores e clientes.<\/p><p>Esta estrat\u00e9gia tamb\u00e9m deve incluir a implementa\u00e7\u00e3o de ferramentas e tecnologias adequadas para alcan\u00e7ar e engajar o p\u00fablico-alvo, al\u00e9m de medir e analisar constantemente os resultados obtidos. Em resumo, uma estrat\u00e9gia digital eficiente \u00e9 aquela que utiliza de maneira eficaz a coleta, an\u00e1lise e aplica\u00e7\u00e3o de dados para alcan\u00e7ar os objetivos da organiza\u00e7\u00e3o. Uma estrat\u00e9gia digital eficaz \u00e9 aquela que envolve processos s\u00f3lidos, desde a an\u00e1lise de dados dos consumidores at\u00e9 a transforma\u00e7\u00e3o desses dados em informa\u00e7\u00f5es estrat\u00e9gicas para a organiza\u00e7\u00e3o. Tamb\u00e9m inclui a utiliza\u00e7\u00e3o de ferramentas e tecnologias apropriadas para alcan\u00e7ar e engajar o p\u00fablico-alvo, bem como a an\u00e1lise cont\u00ednua dos resultados. Em suma, uma estrat\u00e9gia digital eficaz \u00e9 aquela que faz um uso eficiente da coleta, an\u00e1lise e aplica\u00e7\u00e3o de dados para atingir os objetivos da organiza\u00e7\u00e3o.\u00a0tomada de decis\u00e3o\u00a0Desta forma a empresa come\u00e7a a se diferenciar dos concorrentes, uma vez que cria.Solu\u00e7\u00f5es <a href=\"https:\/\/blog.brq.com\/solucoes-digitais\/\">digitais<\/a>que realmente atendem \u00e0s necessidades do p\u00fablico.<\/p><h2>Qual \u00e9 a import\u00e2ncia de ter uma estrat\u00e9gia digital na empresa?<\/h2><p>Se ainda n\u00e3o est\u00e1 claro para voc\u00ea os motivos que tornam importante uma estrat\u00e9gia digital na empresa, \u00e9 melhor prestar aten\u00e7\u00e3o em algumas das raz\u00f5es que listamos para voc\u00ea!<\/p><h3>Impulsiona o neg\u00f3cio<\/h3><p>Um dos principais benef\u00edcios \u00e9 a potencializa\u00e7\u00e3o dos neg\u00f3cios por meio de uma estrat\u00e9gia digital eficaz. Isso ocorre pois a empresa passa a ter capacidade de inovar produtos e melhorar processos, resultando em maior satisfa\u00e7\u00e3o tanto dos funcion\u00e1rios quanto dos clientes.<\/p><p>Quanto mais refinada for essa estrat\u00e9gia, mais claro ser\u00e1 o caminho que a empresa deve seguir para construir vantagens competitivas atrav\u00e9s da tecnologia. Isso tamb\u00e9m se aplica \u00e0s t\u00e1ticas que ser\u00e3o utilizadas na implementa\u00e7\u00e3o de mudan\u00e7as, que abrangem desde o modelo de neg\u00f3cios at\u00e9 a entrega de produtos.<strong>servi\u00e7os completamente inovadores<\/strong>\u00a0.<\/p><h3>Aumenta a capacidade de alcance<\/h3><p>A efic\u00e1cia de uma estrat\u00e9gia digital \u00e9 atualmente representada por um<strong>maior abrang\u00eancia de diversos p\u00fablicos<\/strong>Al\u00e9m disso, a efic\u00e1cia da comunica\u00e7\u00e3o \u00e9 fundamental, sendo essencial que as informa\u00e7\u00f5es e mensagens circulem atrav\u00e9s de todos os canais da empresa.atender com precis\u00e3o\u00a0adequando-se \u00e0s demandas da sua audi\u00eancia.<\/p><p>Ao considerarmos os an\u00fancios pagos para a divulga\u00e7\u00e3o online, \u00e9 crucial ter em mente que a efic\u00e1cia deles est\u00e1 diretamente relacionada \u00e0 capacidade de alcan\u00e7ar um p\u00fablico mais amplo, mesmo que este n\u00e3o esteja familiarizado com a empresa. Logo, compreender qual tipo de comunica\u00e7\u00e3o \u00e9 mais eficaz nesse meio \u00e9 fundamental.<\/p><h3>Eleva o perfil p\u00fablico da empresa<\/h3><p>Ao desenvolver sua estrat\u00e9gia digital, a empresa tamb\u00e9m melhora e aumenta sua reputa\u00e7\u00e3o p\u00fablica. S\u00e3o aquelas marcas que as pessoas olham e pensam \"eu adoraria trabalhar l\u00e1\" ou \"eu adoraria ter um produto deles\". \u00c9 exatamente isso!<\/p><p>uma trajet\u00f3ria s\u00f3lida e confi\u00e1vel, \u00e9 fundamental para conquistar a confian\u00e7a dos clientes. Ter uma imagem positiva no mercado \u00e9 algo de extrema import\u00e2ncia para garantir o sucesso e prosperidade de um neg\u00f3cio. Uma empresa bem conceituada tende a atrair mais consumidores e a se destacar em meio \u00e0 concorr\u00eancia. Portanto, investir na constru\u00e7\u00e3o e manuten\u00e7\u00e3o de uma boa reputa\u00e7\u00e3o \u00e9 essencial para o crescimento empresarial.<a href=\"https:\/\/blog.brq.com\/maturidade-digital-da-empresa-o-que-voce-precisa-saber-sobre-o-assunto\/\">\u00a0maturidade digital\u00a0<\/a>\u00e9 amplamente reconhecido, com certeza,<strong>mais importante aos olhos do p\u00fablico.<\/strong>Portanto, \u00e9 poss\u00edvel que ela estabele\u00e7a alian\u00e7as mais vantajosas, contrate profissionais mais capacitados e conduza negocia\u00e7\u00f5es ainda mais ben\u00e9ficas.<\/p><h2>Como criar uma\u00a0estrat\u00e9gia digital?<\/h2><p>Se voc\u00ea gostou de tudo at\u00e9 agora, \u00e9 hora de aprender como desenvolver sua estrat\u00e9gia digital. Vamos come\u00e7ar?<\/p><h3>Defina bem seus objetivos<\/h3><p>metas que devem ser alcan\u00e7adas. Esses objetivos s\u00e3o as diretrizes que guiar\u00e3o o caminho a ser seguido para atingir os resultados desejados. Eles definem o rumo a ser seguido e as a\u00e7\u00f5es a serem tomadas para alcan\u00e7ar o sucesso. S\u00e3o as metas a serem atingidas para que o planejamento seja bem-sucedido.<strong><a href=\"https:\/\/marketingnapratica.com.br\/estrategias-de-marketing-para-atrair-clientes\/\">a\u00e7\u00f5es de marketing<\/a><\/strong>Qual \u00e9 o objetivo da sua estrat\u00e9gia digital? Para alcan\u00e7ar o que voc\u00ea se prop\u00f4s, \u00e9 necess\u00e1rio manter o foco.<\/p><ul><li>Expor e conquistar o\u00a0<strong>\u00a0reconhecimento da sua marca\u00a0<\/strong>\u00a0?<\/li><li>Gerar mais leadse clientes em potencial?<\/li><li><strong>\u00a0Aumentar as vendas\u00a0<\/strong>Devo interagir pessoalmente ou virtualmente?<\/li><li>Criar pontos de conex\u00e3o com o seu p\u00fablico-alvo?<\/li><li>Atender e orientar os seus clientes?<\/li><\/ul><p>N\u00e3o se deve esquecer de definir metas claras e objetivas em rela\u00e7\u00e3o ao que voc\u00ea deseja alcan\u00e7ar, pois somente assim ser\u00e1 poss\u00edvel saber se conseguiu ou n\u00e3o atingir o seu objetivo.<\/p><h3>Pesquise e familiarize-se com o seu p\u00fablico-alvo.<\/h3><p>Para desenvolver uma estrat\u00e9gia digital verdadeiramente eficaz, \u00e9 necess\u00e1rio comprar ou criar.<strong>Estudos sobre a audi\u00eancia dele.<\/strong>A an\u00e1lise dessas informa\u00e7\u00f5es fornecer\u00e1 insights importantes sobre como isso pode afetar voc\u00ea.<a href=\"https:\/\/blog.brq.com\/gerenciamento-de-crise\/\">\u00a0dados\u00a0<\/a>Voc\u00ea pode criar diferentes personas que deseja atingir e adaptar a linguagem para cada uma delas.<\/p><p>Dessa forma, voc\u00ea direciona suas campanhas para um p\u00fablico-alvo que realmente tem interesse nelas, utilizando a segmenta\u00e7\u00e3o de v\u00e1rias ferramentas, como o Google Ads. Essa personaliza\u00e7\u00e3o do seu p\u00fablico vai auxiliar a compreender melhor o comportamento de cada grupo, bem como suas necessidades.<\/p><h3>Defina as principais estrat\u00e9gias de marketing digital.<\/h3><p>Com todas as ferramentas discutidas at\u00e9 agora em m\u00e3os, \u00e9 hora de<strong>criar um plano de marketing digital<\/strong>Isso engloba todo o material que ser\u00e1 discutido para cada segmento de consumidor com a linguagem apropriada, ofertas direcionadas e um cronograma.<\/p><h3>Capacite a equipe.<\/h3><p>\u00c9 crucial que a equipe esteja preparada para utilizar as melhores ferramentas digitais. Por isso, \u00e9 fundamental investir em treinamentos e capacita\u00e7\u00f5es.<strong>alcan\u00e7ar resultados verdadeiramente satisfat\u00f3rios<\/strong>\u00a0com a estrat\u00e9gia elaborada.<\/p><p>Atualmente, para utilizar qualquer ferramenta online \u00e9 necess\u00e1rio passar por treinamentos espec\u00edficos que ir\u00e3o capacitar o profissional a utiliz\u00e1-la de forma eficiente. Portanto, n\u00e3o se deve menosprezar essa etapa e achar que apenas por entender de internet uma pessoa automaticamente entender\u00e1 de marketing online.<\/p><h3>Tenha um programa de atividades.<\/h3><p>as a\u00e7\u00f5es que ser\u00e3o realizadas para implementar a estrat\u00e9gia digital precisam ser cuidadosamente planejadas e inseridas em um calend\u00e1rio l\u00f3gico e vi\u00e1vel.<strong>Cada equipe ou profissional encarregado ser\u00e1 capaz de acompanhar a efic\u00e1cia.<\/strong>\u00a0operacional dessa parte.<\/p><p>Al\u00e9m disso, certas ferramentas permitem a cria\u00e7\u00e3o de a\u00e7\u00f5es programadas, que s\u00e3o agendadas para serem realizadas automaticamente, o que pode ser muito \u00fatil para sincronizar e conectar as a\u00e7\u00f5es dentro de prazos que sejam relevantes.<\/p><p>Ter uma estrat\u00e9gia digital na empresa \u00e9 essencial para manter a competitividade no mercado. Portanto, quanto mais cedo voc\u00ea se envolver nesse processo, mais f\u00e1cil ser\u00e1 alimentar os sistemas de dados relevantes para a gest\u00e3o do neg\u00f3cio e para decis\u00f5es importantes.<\/p><p>\u00a0<\/p><p>\u00a0<\/p><figure><\/figure><figure><\/figure>","_et_gb_content_width":"","_monsterinsights_skip_tracking":false,"_monsterinsights_sitenote_active":false,"_monsterinsights_sitenote_note":"","_monsterinsights_sitenote_category":0,"slim_seo":{"title":"Estrat\u00e9gia Digital para sua Empresa | Maximizando Resultados","description":"Descubra como uma estrat\u00e9gia digital eficaz pode impulsionar o crescimento da sua empresa. Entre em contato para come\u00e7ar hoje mesmo!"},"footnotes":""},"class_list":["post-1162","page","type-page","status-publish","has-post-thumbnail","hentry"],"_links":{"self":[{"href":"https:\/\/digitalbusiness-solutions.com.br\/fr\/wp-json\/wp\/v2\/pages\/1162","targetHints":{"allow":["GET"]}}],"collection":[{"href":"https:\/\/digitalbusiness-solutions.com.br\/fr\/wp-json\/wp\/v2\/pages"}],"about":[{"href":"https:\/\/digitalbusiness-solutions.com.br\/fr\/wp-json\/wp\/v2\/types\/page"}],"author":[{"embeddable":true,"href":"https:\/\/digitalbusiness-solutions.com.br\/fr\/wp-json\/wp\/v2\/users\/1"}],"replies":[{"embeddable":true,"href":"https:\/\/digitalbusiness-solutions.com.br\/fr\/wp-json\/wp\/v2\/comments?post=1162"}],"version-history":[{"count":4,"href":"https:\/\/digitalbusiness-solutions.com.br\/fr\/wp-json\/wp\/v2\/pages\/1162\/revisions"}],"predecessor-version":[{"id":1339,"href":"https:\/\/digitalbusiness-solutions.com.br\/fr\/wp-json\/wp\/v2\/pages\/1162\/revisions\/1339"}],"wp:featuredmedia":[{"embeddable":true,"href":"https:\/\/digitalbusiness-solutions.com.br\/fr\/wp-json\/wp\/v2\/media\/1165"}],"wp:attachment":[{"href":"https:\/\/digitalbusiness-solutions.com.br\/fr\/wp-json\/wp\/v2\/media?parent=1162"}],"curies":[{"name":"wp","href":"https:\/\/api.w.org\/{rel}","templated":true}]}}