{"id":205994,"date":"2025-08-21T16:18:20","date_gmt":"2025-08-21T19:18:20","guid":{"rendered":"https:\/\/digitalbusiness-solutions.com.br\/?page_id=205994"},"modified":"2025-08-21T16:18:20","modified_gmt":"2025-08-21T19:18:20","slug":"consultant-ia-2","status":"publish","type":"page","link":"https:\/\/digitalbusiness-solutions.com.br\/en\/consultant-ia-2\/","title":{"rendered":"consultant-IA"},"content":{"rendered":"<h1>No more guesswork. AI applied strategically can change the game for your business<\/h1>\n<p><img fetchpriority=\"high\" decoding=\"async\" style=\"aspect-ratio: auto 400 \/ 550;\" title=\"Lean_Author-01\" src=\"\/\/digitalbusiness-solutions.com.br\/wp-content\/uploads\/tcb_content_templates\/images\/Lean_Author-01.jpg\" alt=\"\" width=\"400\" height=\"550\" data-id=\"2333\" data-init-width=\"400\" data-init-height=\"550\" data-width=\"400\" data-height=\"550\" \/><\/p>\n<h2>Do you feel like you're always on the go: creating content, replying to messages, trying to sell... but the results are still poor?<\/h2>\n<p><img decoding=\"async\" style=\"aspect-ratio: auto 1080 \/ 1350;\" title=\"The problem (2)\" src=\"\/\/digitalbusiness-solutions.com.br\/wp-content\/uploads\/2025\/08\/O-problema-2.png\" alt=\"O problema (2)\" width=\"438\" height=\"547\" data-id=\"206019\" data-init-width=\"1080\" data-init-height=\"1350\" data-width=\"438\" data-height=\"547\" \/><img decoding=\"async\" style=\"aspect-ratio: auto 1080 \/ 1920;\" title=\"_Feeling\" src=\"\/\/digitalbusiness-solutions.com.br\/wp-content\/uploads\/2025\/08\/Sentimento.jpg\" alt=\" sentimento\" width=\"356\" height=\"632\" data-id=\"206022\" data-init-width=\"1080\" data-init-height=\"1920\" data-width=\"356\" data-height=\"632\" \/><\/p>\n<h2>It's frustrating. It seems like everyone is moving forward with technology except you.<\/h2>\n<h2>And no matter how hard you try, nothing seems to work<\/h2>\n<h3>Consequences<\/h3>\n<ul>\n<li>Wasting time on repetitive tasks<\/li>\n<li>He sees more digital competitors gaining ground<\/li>\n<li>You get overwhelmed, tired, and see no return<\/li>\n<\/ul>\n<p><img loading=\"lazy\" decoding=\"async\" style=\"aspect-ratio: auto 1080 \/ 1350;\" title=\"4. Consequences\" src=\"\/\/digitalbusiness-solutions.com.br\/wp-content\/uploads\/2025\/08\/4.-Consequencias.png\" alt=\"4. consequ\u00eancias\" width=\"447\" height=\"558\" data-id=\"206024\" data-init-width=\"1080\" data-init-height=\"1350\" data-width=\"447\" data-height=\"558\" \/><\/p>\n<h2>You might think that the problem is a lack of followers, beautiful content or paid ads. But that's not really the case.<\/h2>\n<h3>Solutions you've tried<\/h3>\n<ul>\n<li>Buying an online course (which was half-finished)<\/li>\n<li>Hiring a freelancer or agency (who doesn't understand your business)<\/li>\n<li>Using AI tools on your own (but not knowing how to apply them)<\/li>\n<\/ul>\n<p><img loading=\"lazy\" decoding=\"async\" style=\"aspect-ratio: auto 1080 \/ 1350;\" title=\"6. Solutions already tried\" src=\"\/\/digitalbusiness-solutions.com.br\/wp-content\/uploads\/2025\/08\/6.-Solucoes-ja-tentadas.png\" alt=\"6. solu\u00e7\u00f5es j\u00e1 tentadas\" width=\"447\" height=\"558\" data-id=\"206017\" data-init-width=\"1080\" data-init-height=\"1350\" data-width=\"447\" data-height=\"558\" \/><\/p>\n<h2 style=\"text-align: center;\">The real problem<\/h2>\n<p dir=\"ltr\">They only treat the symptoms<\/p>\n<p>not the real source of the problem<\/p>\n<p>You need strategic clarity and concrete actions<\/p>\n<p>with someone who understands both marketing and AI - and who speaks your language.<\/p>\n<h2>What you think<\/h2>\n<p>You start to think that AI is a thing for big companies. But what if the problem is just the way you're using technology to your advantage?<\/p>\n<h3>The real source of the problem?<\/h3>\n<p>You don't need just another tool. You need a digital strategy driven by artificial intelligence, tailored to your business. A way of using AI with human intelligence - with focus, simplicity and results.<\/p>\n<p><img loading=\"lazy\" decoding=\"async\" style=\"aspect-ratio: auto 1080 \/ 1350;\" title=\"-_Une checklist coch\u00e9e avec le mot \u201cIA\u201d en surbrillance_1\" src=\"\/\/digitalbusiness-solutions.com.br\/wp-content\/uploads\/2025\/08\/\u2022_Une-checklist-cochee-avec-le-mot-IA-en-surbrillance_1.png\" alt=\"\u2022 une checklist coch\u00e9e avec le mot \u201cia\u201d en surbrillance 1\" width=\"356\" height=\"444\" data-id=\"206026\" data-init-width=\"1080\" data-init-height=\"1350\" data-width=\"356\" data-height=\"444\" \/><\/p>\n<h2>The Really Effective Solution<\/h2>\n<ul>\n<li>Clear plan, adapted to your pains and objectives<\/li>\n<li>AI applied to attract customers and generate content<\/li>\n<li>More time and professionalism - even without technical experience<\/li>\n<\/ul>\n<h2>Why does this solution work?<\/h2>\n<p>Because we don't sell empty promises.<\/p>\n<p>We work with you to apply AI in practice, with visible results.<\/p>\n<p>Personalized diagnosis<\/p>\n<p>Tools tested in their segment.<\/p>\n<p>Human accompaniment<\/p>\n<p>Fast results with a focus on efficiency<\/p>\n<h3>How does it work?<\/h3>\n<ul>\n<li>Free diagnostic session<\/li>\n<li>Tailor-made action plan<\/li>\n<li>Monitoring and adjustments<\/li>\n<li>Human support<\/li>\n<\/ul>\n<h6>Why doesn't everyone do this?<\/h6>\n<p>&#8220;Muitos acham que IA \u00e9 dif\u00edcil, cara ou inacess\u00edvel. Mas os empreendedores que est\u00e3o se destacando s\u00e3o os que decidiram come\u00e7ar com orienta\u00e7\u00e3o certa.&#8221;<\/p>\n<p><img loading=\"lazy\" decoding=\"async\" style=\"aspect-ratio: auto 250 \/ 250;\" title=\"Square-Small_kwik-02\" src=\"\/\/digitalbusiness-solutions.com.br\/wp-content\/uploads\/tcb_lp_templates\/templates\/css\/images\/Square-Small_kwik-02.jpg\" alt=\"\" width=\"170\" height=\"170\" data-id=\"3197\" data-init-width=\"250\" data-init-height=\"250\" data-width=\"170\" data-height=\"170\" \/><\/p>\n<p style=\"text-align: center;\">Why we&#8217;re the best<\/p>\n<h2>What will you get?<\/h2>\n<ul>\n<li>More free time<\/li>\n<li>More customers arriving automatically<\/li>\n<li>Content that effortlessly represents your brand<\/li>\n<li>Professional and efficient digital presence<\/li>\n<\/ul>\n<h2 style=\"text-align: center;\">Here&#8217;s What You&#8217;ll Get<\/h2>\n<p><a href=\"#\"><img loading=\"lazy\" decoding=\"async\" style=\"aspect-ratio: auto 250 \/ 250;\" title=\"Square-Small_kwik-01\" src=\"\/\/digitalbusiness-solutions.com.br\/wp-content\/uploads\/tcb_lp_templates\/templates\/css\/images\/Square-Small_kwik-01.jpg\" alt=\"\" width=\"176\" height=\"176\" data-id=\"3196\" data-init-width=\"250\" data-init-height=\"250\" data-width=\"176\" data-height=\"176\" \/><\/a><\/p>\n<h6>Your Headline<\/h6>\n<p>Lorem ipsum dolor sit amet, ut duius adipisicing elit, sed do eiusmod nam tempor incididunt ut labore.<\/p>\n<p>Find out more<\/p>\n<p><a href=\"#\"><img loading=\"lazy\" decoding=\"async\" style=\"aspect-ratio: auto 250 \/ 250;\" title=\"Square-Small_kwik-04\" src=\"\/\/digitalbusiness-solutions.com.br\/wp-content\/uploads\/tcb_lp_templates\/templates\/css\/images\/Square-Small_kwik-04.jpg\" alt=\"\" width=\"176\" height=\"176\" data-id=\"3199\" data-init-width=\"250\" data-init-height=\"250\" data-width=\"176\" data-height=\"176\" \/><\/a><\/p>\n<h6>Your Headline<\/h6>\n<p>Lorem ipsum dolor sit amet, ut duius adipisicing elit, sed do eiusmod nam tempor incididunt ut labore.<\/p>\n<p>Find out more<\/p>\n<p><a href=\"#\"><img loading=\"lazy\" decoding=\"async\" style=\"aspect-ratio: auto 250 \/ 250;\" title=\"Square-Small_kwik-07\" src=\"\/\/digitalbusiness-solutions.com.br\/wp-content\/uploads\/tcb_lp_templates\/templates\/css\/images\/Square-Small_kwik-07.jpg\" alt=\"\" width=\"176\" height=\"176\" data-id=\"3202\" data-init-width=\"250\" data-init-height=\"250\" data-width=\"176\" data-height=\"176\" \/><\/a><\/p>\n<h6>Your Headline<\/h6>\n<p>Lorem ipsum dolor sit amet, ut duius adipisicing elit, sed do eiusmod nam tempor incididunt ut labore.<\/p>\n<p>Find out more<\/p>\n<p>&nbsp;<\/p>\n<h2>limited bonus features<\/h2>\n<p>The purpose of this section is to provide an overview of your product. This could be an outline of chapters in your ebook, lessons in your course, modules in your coaching program etc. The reader should come away from this with a very clear idea of what they will get for their money.<\/p>\n<h5>Feature headline<\/h5>\n<p>Lorem ipsum dolor sit amet, consectetur sagittis adipiscing nostrud sed do eiusmod<\/p>\n<h5>Feature headline<\/h5>\n<p>Lorem ipsum dolor sit amet, consectetur sagittis adipiscing nostrud sed do eiusmod<\/p>\n<h5>Feature headline<\/h5>\n<p>Lorem ipsum dolor sit amet, consectetur sagittis adipiscing nostrud sed do eiusmod<\/p>\n<h3 style=\"text-align: center;\">Happy Customers<\/h3>\n<p>\u275d<\/p>\n<p dir=\"ltr\">Testimonials are an excellent way to address objections. Show how people got the desired result after using your product or service.<\/p>\n<p>Marie Sanders<\/p>\n<p>Photographer<\/p>\n<p>\u275d<\/p>\n<p>Testimonials are an excellent way to address objections. Show how people got the desired result after using your product or service.<\/p>\n<p>Peter Johnson<\/p>\n<p>Developer<\/p>\n<p>\u275d<\/p>\n<p>Testimonials are an excellent way to address objections. Show how people got the desired result after using your product or service.<\/p>\n<p>June Dawson<\/p>\n<p>Designer<\/p>\n<h2 style=\"text-align: center;\">Our Pricing Options<\/h2>\n<p><a href=\"#\">Instance 1<\/a><\/p>\n<h5 style=\"text-align: left;\">Basic<\/h5>\n<p style=\"text-align: center;\"><span style=\"font-size: 20px;\">$<\/span>59<\/p>\n<p style=\"text-align: left;\">Simple, fast and effective flexible move<\/p>\n<h5 style=\"text-align: left;\">Premium<\/h5>\n<p style=\"text-align: center;\"><span style=\"font-size: 20px;\">$<\/span>89<\/p>\n<p style=\"text-align: left;\">Creative working space, not noisy, fully equipped and convenient<\/p>\n<h5 style=\"text-align: left;\">Exclusive<\/h5>\n<p style=\"text-align: center;\"><span style=\"font-size: 20px;\">$<\/span>119<\/p>\n<p style=\"text-align: left;\">Simplest, fastest and most effective flexible move<\/p>\n<h4><strong>What Are You Waiting For?<\/strong><\/h4>\n<p>There&#8217;s absolutely NO RISK with our\u00a0<strong>30-day<\/strong> Money Back Guarantee.<\/p>\n<p><span style=\"font-weight: normal;\">\u275d<\/span><\/p>\n<p>Lorem ipsum dolor sit amet, consectetur adipiscing elit, sed do eiusmod tempor incididunt ut labore et dolore magna aliqua. Ut enim ad minim veniam, quis nostrud exercitation ullamco laboris nisi ut aliquip ex ea commodo consequat. Duis aute irure dolor in reprehenderit in voluptate velit esse cillum<\/p>\n<p><span style=\"background-color: transparent;\">Laura Parker<\/span><\/p>\n<p><span style=\"font-weight: normal;\">\u275d<\/span><\/p>\n<p>Lorem ipsum dolor sit amet, consectetur adipiscing elit, sed do eiusmod tempor incididunt ut labore et dolore magna aliqua. Ut enim ad minim veniam, quis nostrud exercitation ullamco laboris nisi ut aliquip ex ea commodo consequat.<\/p>\n<p><span style=\"background-color: transparent;\">Paul Jones<\/span><\/p>\n<p><span style=\"font-weight: normal;\">\u275d<\/span><\/p>\n<p>Lorem ipsum dolor sit amet, consectetur adipiscing elit, sed do eiusmod tempor incididunt ut labore et dolore magna aliqua.<\/p>\n<p>Ut enim ad minim veniam, quis nostrud exercitation ullamco laboris nisi ut aliquip ex ea commodo consequat.<\/p>\n<p><span style=\"background-color: transparent;\">Marie Weber<\/span><\/p>\n<h3>Faq.<\/h3>\n<h3>Multi-Purpose Text Section<\/h3>\n<p>Lorem ipsum dolor sit amet, consectetur adipiscing elit, sed do eiusmod tempor incididunt ut labore et dolore magna aliqua. Ut enim ad minim veniam, quis nostrud exercitation ullamco laboris nisi ut aliquip ex ea commodo consequat. Duis aute irure dolor in reprehenderit in voluptate velit esse cillum dolore eu fugiat nulla pariatur. Excepteur sint occaecat cupidatat non proident, sunt in culpa qui officia deserunt mollit anim id est laborum.<\/p>\n<h1>Our Experience<\/h1>\n<p>+10 years of experience in digital marketing. Official franchisee of NextGoMarketing. Real clients with proven results. Close, human support.<\/p>\n<p>Drag to RepositionMove Up or Down to RepositionMove Left or Right to RepositionInsert Image<\/p>","protected":false},"excerpt":{"rendered":"<p>Chega de adivinha\u00e7\u00f5es. A IA aplicada com estrat\u00e9gia pode mudar o jogo do seu neg\u00f3cio Voc\u00ea sente que est\u00e1 sempre correndo atr\u00e1s: cria conte\u00fado, responde mensagens, tenta vender&#8230; mas os resultados continuam fracos? \u00c9 frustrante. Parece que todo mundo est\u00e1 avan\u00e7ando com a tecnologia, menos voc\u00ea. E por mais que voc\u00ea tente, nada parece dar [&hellip;]<\/p>\n","protected":false},"author":3,"featured_media":0,"parent":0,"menu_order":0,"comment_status":"closed","ping_status":"closed","template":"","meta":{"_et_pb_use_builder":"","_et_pb_old_content":"","_et_gb_content_width":"","_monsterinsights_skip_tracking":false,"_monsterinsights_sitenote_active":false,"_monsterinsights_sitenote_note":"","_monsterinsights_sitenote_category":0,"slim_seo":{"title":"consultant-IA - Digital Business Solutions","description":"Chega de adivinha\u00e7\u00f5es. A IA aplicada com estrat\u00e9gia pode mudar o jogo do seu neg\u00f3cio Voc\u00ea sente que est\u00e1 sempre correndo atr\u00e1s: cria conte\u00fado, responde mensagen"},"footnotes":""},"class_list":["post-205994","page","type-page","status-publish","hentry"],"_links":{"self":[{"href":"https:\/\/digitalbusiness-solutions.com.br\/en\/wp-json\/wp\/v2\/pages\/205994","targetHints":{"allow":["GET"]}}],"collection":[{"href":"https:\/\/digitalbusiness-solutions.com.br\/en\/wp-json\/wp\/v2\/pages"}],"about":[{"href":"https:\/\/digitalbusiness-solutions.com.br\/en\/wp-json\/wp\/v2\/types\/page"}],"author":[{"embeddable":true,"href":"https:\/\/digitalbusiness-solutions.com.br\/en\/wp-json\/wp\/v2\/users\/3"}],"replies":[{"embeddable":true,"href":"https:\/\/digitalbusiness-solutions.com.br\/en\/wp-json\/wp\/v2\/comments?post=205994"}],"version-history":[{"count":19,"href":"https:\/\/digitalbusiness-solutions.com.br\/en\/wp-json\/wp\/v2\/pages\/205994\/revisions"}],"predecessor-version":[{"id":206028,"href":"https:\/\/digitalbusiness-solutions.com.br\/en\/wp-json\/wp\/v2\/pages\/205994\/revisions\/206028"}],"wp:attachment":[{"href":"https:\/\/digitalbusiness-solutions.com.br\/en\/wp-json\/wp\/v2\/media?parent=205994"}],"curies":[{"name":"wp","href":"https:\/\/api.w.org\/{rel}","templated":true}]}}