{"id":205766,"date":"2025-05-08T10:04:00","date_gmt":"2025-05-08T13:04:00","guid":{"rendered":"https:\/\/digitalbusiness-solutions.com.br\/?page_id=205766"},"modified":"2025-05-09T17:00:24","modified_gmt":"2025-05-09T20:00:24","slug":"mencoes-legais","status":"publish","type":"page","link":"https:\/\/digitalbusiness-solutions.com.br\/en\/mencoes-legais\/","title":{"rendered":"Legal mentions"},"content":{"rendered":"<h3 class=\"\" data-start=\"505\" data-end=\"538\">1. <strong data-start=\"512\" data-end=\"538\">Informa\u00e7\u00f5es da Empresa<\/strong><\/h3>\n<p class=\"\" data-start=\"539\" data-end=\"855\"><strong data-start=\"539\" data-end=\"556\">Raz\u00e3o Social:<\/strong> Digital Business Solutions<br data-start=\"583\" data-end=\"586\" \/><strong data-start=\"586\" data-end=\"595\">CNPJ: 49.493.335\/0001-88<\/strong><br data-start=\"632\" data-end=\"635\" \/><strong data-start=\"635\" data-end=\"657\">Respons\u00e1vel legal:<\/strong> Slimane Benslimane<br data-start=\"688\" data-end=\"691\" \/><strong data-start=\"691\" data-end=\"713\">E-mail de contato:<\/strong> <a class=\"cursor-pointer\" rel=\"noopener\" data-start=\"714\" data-end=\"754\">contato@digitalbusiness-solutions.com.br<\/a><br data-start=\"754\" data-end=\"757\" \/><strong data-start=\"757\" data-end=\"779\">Telefone\/WhatsApp:<\/strong> (81) 98660-1093<br data-start=\"796\" data-end=\"799\" \/><strong data-start=\"799\" data-end=\"812\">Endere\u00e7o:<\/strong> Rua Dona Maria C\u00e9sar, n\u00b0 170, Edif\u00edcioLuciano Costa, Sala 203, Caixa Postal 411,Bairro do Recife Antigo (Porto Digital),<br \/>\nCEP: 50.030-140, Recife, Pernambuco.<\/p>\n<hr class=\"\" data-start=\"857\" data-end=\"860\" \/>\n<h3 class=\"\" data-start=\"862\" data-end=\"896\">2. <strong data-start=\"869\" data-end=\"896\">Propriedade Intelectual<\/strong><\/h3>\n<p class=\"\" data-start=\"897\" data-end=\"1170\">Todos os conte\u00fados dispon\u00edveis neste site (textos, imagens, v\u00eddeos, logotipos, \u00edcones, etc.) s\u00e3o de propriedade exclusiva da Digital Business Solutions, salvo quando indicado o contr\u00e1rio.<\/p>\n<p class=\"\" data-start=\"897\" data-end=\"1170\">\u00c9 proibida a reprodu\u00e7\u00e3o, distribui\u00e7\u00e3o ou uso n\u00e3o autorizado sem consentimento pr\u00e9vio.<\/p>\n<hr class=\"\" data-start=\"1172\" data-end=\"1175\" \/>\n<h3 class=\"\" data-start=\"1177\" data-end=\"1199\">3. <strong data-start=\"1184\" data-end=\"1199\">Uso do Site<\/strong><\/h3>\n<p class=\"\" data-start=\"1200\" data-end=\"1381\">O uso deste site implica na aceita\u00e7\u00e3o dos termos aqui apresentados. O usu\u00e1rio compromete-se a utiliz\u00e1-lo de maneira \u00e9tica e legal, sem violar os direitos da empresa ou de terceiros.<\/p>\n<hr class=\"\" data-start=\"1383\" data-end=\"1386\" \/>\n<h3 class=\"\" data-start=\"1388\" data-end=\"1430\">4. <strong data-start=\"1395\" data-end=\"1430\">Prote\u00e7\u00e3o de Dados e Privacidade<\/strong><\/h3>\n<p class=\"\" data-start=\"1431\" data-end=\"1683\">Coletamos informa\u00e7\u00f5es apenas com o consentimento do usu\u00e1rio, com o objetivo de melhorar a experi\u00eancia e oferecer conte\u00fado relevante. Os dados pessoais s\u00e3o armazenados de forma segura e n\u00e3o ser\u00e3o vendidos ou compartilhados com terceiros sem autoriza\u00e7\u00e3o.<\/p>\n<p class=\"\" data-start=\"1685\" data-end=\"1746\">Para mais detalhes, consulte nossa [Pol\u00edtica de Privacidade].<\/p>\n<hr class=\"\" data-start=\"1748\" data-end=\"1751\" \/>\n<h3 class=\"\" data-start=\"1753\" data-end=\"1784\">5. <strong data-start=\"1760\" data-end=\"1784\">Links para Terceiros<\/strong><\/h3>\n<p class=\"\" data-start=\"1785\" data-end=\"1952\">Este site pode conter links para sites de terceiros. A Digital Business Solutions n\u00e3o se responsabiliza pelo conte\u00fado ou pr\u00e1ticas de privacidade desses sites externos.<\/p>\n<hr class=\"\" data-start=\"1954\" data-end=\"1957\" \/>\n<h3 class=\"\" data-start=\"1959\" data-end=\"1987\">6. <strong data-start=\"1966\" data-end=\"1987\">Responsabilidades<\/strong><\/h3>\n<p class=\"\" data-start=\"1988\" data-end=\"2153\">A Digital Business Solutions se exime de responsabilidade por eventuais falhas t\u00e9cnicas, indisponibilidade tempor\u00e1ria do site, ou erros de conte\u00fado n\u00e3o intencionais.<\/p>\n<hr class=\"\" data-start=\"2155\" data-end=\"2158\" \/>\n<h3 class=\"\" data-start=\"2160\" data-end=\"2181\">7. <strong data-start=\"2167\" data-end=\"2181\">Altera\u00e7\u00f5es<\/strong><\/h3>\n<p class=\"\" data-start=\"2182\" data-end=\"2318\">Reservamo-nos o direito de modificar estes termos a qualquer momento, sendo as mudan\u00e7as v\u00e1lidas a partir de sua publica\u00e7\u00e3o nesta p\u00e1gina.<\/p>\n<hr class=\"\" data-start=\"2320\" data-end=\"2323\" \/>\n<p class=\"\" data-start=\"2325\" data-end=\"2458\">Se voc\u00ea tiver qualquer d\u00favida sobre estes termos, entre em contato conosco pelo e-mail: <strong data-start=\"2413\" data-end=\"2457\"><a class=\"cursor-pointer\" rel=\"noopener\" data-start=\"2415\" data-end=\"2455\">contato@digitalbusiness-solutions.com.br<\/a><\/strong>.<\/p>\n","protected":false},"excerpt":{"rendered":"<p>1. Informa\u00e7\u00f5es da Empresa Raz\u00e3o Social: Digital Business SolutionsCNPJ: 49.493.335\/0001-88Respons\u00e1vel legal: Slimane BenslimaneE-mail de contato: contato@digitalbusiness-solutions.com.brTelefone\/WhatsApp: (81) 98660-1093Endere\u00e7o: Rua Dona Maria C\u00e9sar, n\u00b0 170, Edif\u00edcioLuciano Costa, Sala 203, Caixa Postal 411,Bairro do Recife Antigo (Porto Digital), CEP: 50.030-140, Recife, Pernambuco. 2. Propriedade Intelectual Todos os conte\u00fados dispon\u00edveis neste site (textos, imagens, v\u00eddeos, logotipos, \u00edcones, etc.) [&hellip;]<\/p>\n","protected":false},"author":1,"featured_media":0,"parent":0,"menu_order":0,"comment_status":"closed","ping_status":"closed","template":"","meta":{"_et_pb_use_builder":"","_et_pb_old_content":"","_et_gb_content_width":"","_monsterinsights_skip_tracking":false,"_monsterinsights_sitenote_active":false,"_monsterinsights_sitenote_note":"","_monsterinsights_sitenote_category":0,"slim_seo":{"title":"Legal mentions - Digital Business Solutions","description":"1. Company Information Company name: Digital Business Solutions CNPJ: 49.493.335\/0001-88 Legal representative: Slimane Benslimane Contact e-mail: contact@dig"},"footnotes":""},"class_list":["post-205766","page","type-page","status-publish","hentry"],"_links":{"self":[{"href":"https:\/\/digitalbusiness-solutions.com.br\/en\/wp-json\/wp\/v2\/pages\/205766","targetHints":{"allow":["GET"]}}],"collection":[{"href":"https:\/\/digitalbusiness-solutions.com.br\/en\/wp-json\/wp\/v2\/pages"}],"about":[{"href":"https:\/\/digitalbusiness-solutions.com.br\/en\/wp-json\/wp\/v2\/types\/page"}],"author":[{"embeddable":true,"href":"https:\/\/digitalbusiness-solutions.com.br\/en\/wp-json\/wp\/v2\/users\/1"}],"replies":[{"embeddable":true,"href":"https:\/\/digitalbusiness-solutions.com.br\/en\/wp-json\/wp\/v2\/comments?post=205766"}],"version-history":[{"count":1,"href":"https:\/\/digitalbusiness-solutions.com.br\/en\/wp-json\/wp\/v2\/pages\/205766\/revisions"}],"predecessor-version":[{"id":205768,"href":"https:\/\/digitalbusiness-solutions.com.br\/en\/wp-json\/wp\/v2\/pages\/205766\/revisions\/205768"}],"wp:attachment":[{"href":"https:\/\/digitalbusiness-solutions.com.br\/en\/wp-json\/wp\/v2\/media?parent=205766"}],"curies":[{"name":"wp","href":"https:\/\/api.w.org\/{rel}","templated":true}]}}