{"id":740,"date":"2023-12-11T15:38:10","date_gmt":"2023-12-11T18:38:10","guid":{"rendered":"http:\/\/digitalbusiness-solutions.com.br\/?page_id=740"},"modified":"2023-12-12T16:31:08","modified_gmt":"2023-12-12T19:31:08","slug":"microsites","status":"publish","type":"page","link":"https:\/\/digitalbusiness-solutions.com.br\/ar\/microsites\/","title":{"rendered":"\u0627\u0644\u0645\u0648\u0627\u0642\u0639 \u0627\u0644\u0645\u0635\u063a\u0631\u0629"},"content":{"rendered":"<p>[et_pb_section fb_built=&#8221;1&#8243; _builder_version=&#8221;4.23.1&#8243; _module_preset=&#8221;default&#8221; global_colors_info=&#8221;{}&#8221;][et_pb_row admin_label=&#8221;Rang\u00e9e&#8221; _builder_version=&#8221;4.23.1&#8243; _module_preset=&#8221;default&#8221; collapsed=&#8221;off&#8221; global_colors_info=&#8221;{}&#8221;][et_pb_column type=&#8221;4_4&#8243; _builder_version=&#8221;4.23.1&#8243; _module_preset=&#8221;default&#8221; global_colors_info=&#8221;{}&#8221;][et_pb_image title_text=&#8221;Banner Site-100&#8243; _builder_version=&#8221;4.23.1&#8243; _module_preset=&#8221;default&#8221; background_image=&#8221;http:\/\/digitalbusiness-solutions.com.br\/wp-content\/uploads\/2023\/11\/Banner-Site-100.jpg&#8221; background_size=&#8221;contain&#8221; hover_enabled=&#8221;0&#8243; global_colors_info=&#8221;{}&#8221; sticky_enabled=&#8221;0&#8243;][\/et_pb_image][\/et_pb_column][\/et_pb_row][et_pb_row _builder_version=&#8221;4.23.1&#8243; _module_preset=&#8221;default&#8221; global_colors_info=&#8221;{}&#8221;][et_pb_column type=&#8221;4_4&#8243; _builder_version=&#8221;4.23.1&#8243; _module_preset=&#8221;default&#8221; global_colors_info=&#8221;{}&#8221;][et_pb_text _builder_version=&#8221;4.23.1&#8243; _module_preset=&#8221;default&#8221; global_colors_info=&#8221;{}&#8221;]<\/p>\n<p>A Nextgocard disponibiliza aos franquiados dezenas de modelos pr\u00e9-prontos para qualquer ramo.<br \/>Assim, \u00e9 poss\u00edvel criar um catalogo personalizado para seu neg\u00f3cio emat\u00e9 48h e com um pre\u00e7o bem acess\u00edvel!<br \/>A empresa tem v\u00e1rias ferramentas de marketing e vendas que podemser adicionadas ao seu site para proporcionar uma \u00f3tima experi\u00eanciaao cliente e impulsionar suas vendas!<\/p>\n<p>Quais s\u00e3o os benef\u00edcios do catalogo para seu neg\u00f3cio?<\/p>\n<p>Site pronto em 48h!<br \/>A DBS n\u00e3o cobra comiss\u00f5es sobre suas vendas e n\u00e3o h\u00e1 limites depedidos!<br \/>Pre\u00e7o acess\u00edvel<br \/>Suporte t\u00e9cnico 7\/7<br \/>Vendas antecipadas<br \/>Ferramentas de marketing e venda para fazer mais vendas!<br \/>Atender mais clientes com um site claro e organizado<br \/>Painel de insights para analisar as vendas<br \/>Controle do estoque e das vendas<br \/>Plano de fidelidade para fidelizar seus clientes!<br \/>Aumento das indica\u00e7\u00f5es<br \/>Aumento das vendas<\/p>\n<p>Quais s\u00e3o as vantagens do catalogo para seus clientes?<\/p>\n<p>Agilidade no atendimento<br \/>Possibilidade de avaliar o atendimento e fazer observa\u00e7\u00f5es<br \/>Facilidade de uso para pedir e pagar: \u00d3tima experi\u00eancia do usu\u00e1rio<br \/>Seu neg\u00f3cio est\u00e1 aberto 24 horas todos os dias<br \/>O site cria um vinculo e engajamento com o cliente<br \/>N\u00e3o precisa baixar aplicativo<br \/>Abre o catalogo com o QR code ou com o link<br \/>Recebe um link no WhatsApp para acompanhar o pedido at\u00e9 \u00e0entrega<br \/>Ganha tempo para pedir!<\/p>\n<p>&nbsp;<\/p>\n<p>Ferramentas de vendas e marketing do catalogo<\/p>\n<p>C\u00e1lculo de frete automatico<br \/>Cupons de descontos customiz\u00e1veis<br \/>Temporizador (para exibir as ofertas rel\u00e2mpago)<br \/>Gerenciamento dos pedidos online<br \/>(NextGoOrders)<br \/>Link de pagamento para vendas online<br \/>(NextGoPay)<br \/>Email marketing<br \/>(NextGoLeads)<br \/>Sistema de agendamento online<br \/>(NextGoAgenda)<br \/>Organize seus eventos online<br \/>( NextGoEvents)<br \/>Horario de funcionamento (trava o site fora dos horarios)<br \/>Conferir avalia\u00e7\u00e3o do cliente<br \/>atrav\u00e9s do painel de controle<br \/>Controle de pedidos e vendas<br \/>Pixel do facebook<br \/>Indexa\u00e7\u00e3<br \/>o no google<br \/>Bot\u00e3o va de Uber\/Waze<br \/>QRCode (para abrir o site)<br \/>Bot\u00e3o chamar o gar\u00e7om<\/p>\n<p>EM BREVE CRM acoplado a WhatsApp (NextGoZAp)<br \/>!<\/p>\n<p>Duvidas sobre o microsite?<br \/>So ligar para a gente !<br \/>https:\/\/mywhats.net\/DigitalBusinessSolutions<\/p>\n<p>[\/et_pb_text][\/et_pb_column][\/et_pb_row][\/et_pb_section]<\/p>\n","protected":false},"excerpt":{"rendered":"<p>A Nextgocard disponibiliza aos franquiados dezenas de modelos pr\u00e9-prontos para qualquer ramo.Assim, \u00e9 poss\u00edvel criar um catalogo personalizado para seu neg\u00f3cio emat\u00e9 48h e com um pre\u00e7o bem acess\u00edvel!A empresa tem v\u00e1rias ferramentas de marketing e vendas que podemser adicionadas ao seu site para proporcionar uma \u00f3tima experi\u00eanciaao cliente e impulsionar suas vendas! Quais s\u00e3o [&hellip;]<\/p>\n","protected":false},"author":1,"featured_media":0,"parent":0,"menu_order":0,"comment_status":"closed","ping_status":"closed","template":"","meta":{"_et_pb_use_builder":"on","_et_pb_old_content":"","_et_gb_content_width":"","_monsterinsights_skip_tracking":false,"_monsterinsights_sitenote_active":false,"_monsterinsights_sitenote_note":"","_monsterinsights_sitenote_category":0,"slim_seo":{"title":"microsites - Digital Business Solutions","description":"A Nextgocard disponibiliza aos franquiados dezenas de modelos pr\u00e9-prontos para qualquer ramo. Assim, \u00e9 poss\u00edvel criar um catalogo personalizado para seu neg\u00f3cio"},"footnotes":""},"class_list":["post-740","page","type-page","status-publish","hentry"],"_links":{"self":[{"href":"https:\/\/digitalbusiness-solutions.com.br\/ar\/wp-json\/wp\/v2\/pages\/740","targetHints":{"allow":["GET"]}}],"collection":[{"href":"https:\/\/digitalbusiness-solutions.com.br\/ar\/wp-json\/wp\/v2\/pages"}],"about":[{"href":"https:\/\/digitalbusiness-solutions.com.br\/ar\/wp-json\/wp\/v2\/types\/page"}],"author":[{"embeddable":true,"href":"https:\/\/digitalbusiness-solutions.com.br\/ar\/wp-json\/wp\/v2\/users\/1"}],"replies":[{"embeddable":true,"href":"https:\/\/digitalbusiness-solutions.com.br\/ar\/wp-json\/wp\/v2\/comments?post=740"}],"version-history":[{"count":7,"href":"https:\/\/digitalbusiness-solutions.com.br\/ar\/wp-json\/wp\/v2\/pages\/740\/revisions"}],"predecessor-version":[{"id":789,"href":"https:\/\/digitalbusiness-solutions.com.br\/ar\/wp-json\/wp\/v2\/pages\/740\/revisions\/789"}],"wp:attachment":[{"href":"https:\/\/digitalbusiness-solutions.com.br\/ar\/wp-json\/wp\/v2\/media?parent=740"}],"curies":[{"name":"\u062f\u0628\u0644\u064a\u0648 \u0628\u064a","href":"https:\/\/api.w.org\/{rel}","templated":true}]}}