{"id":341,"date":"2023-06-25T18:55:52","date_gmt":"2023-06-25T21:55:52","guid":{"rendered":"http:\/\/digitalbusiness-solutions.com.br\/?page_id=341"},"modified":"2024-03-25T15:35:46","modified_gmt":"2024-03-25T18:35:46","slug":"por-que-migrar-seu-site-para-outro-host","status":"publish","type":"page","link":"https:\/\/digitalbusiness-solutions.com.br\/ar\/por-que-migrar-seu-site-para-outro-host\/","title":{"rendered":"\u0644\u0645\u0627\u0630\u0627 \u062a\u0631\u062d\u0644 \u0645\u0648\u0642\u0639\u0643 \u0625\u0644\u0649 \u0645\u0636\u064a\u0641 \u0622\u062e\u0631\u061f"},"content":{"rendered":"<p>[et_pb_section fb_built=&#8221;1&#8243; _builder_version=&#8221;4.21.0&#8243; _module_preset=&#8221;default&#8221; global_colors_info=&#8221;{}&#8221;][et_pb_row _builder_version=&#8221;4.21.0&#8243; _module_preset=&#8221;default&#8221; global_colors_info=&#8221;{}&#8221;][et_pb_column type=&#8221;4_4&#8243; _builder_version=&#8221;4.21.0&#8243; _module_preset=&#8221;default&#8221; global_colors_info=&#8221;{}&#8221;][et_pb_text _builder_version=&#8221;4.21.0&#8243; _module_preset=&#8221;default&#8221; global_colors_info=&#8221;{}&#8221;]<\/p>\n<p>Por que migrar seu site para outro host?<\/p>\n<p>MIGRANDO SEU SITE<br \/>Por que migrar seu site para outro host?<br \/>Pode haver v\u00e1rios motivos:<br \/>&#8211; Os custos ou o desempenho mudaram<br \/>&#8211; Surgiram novas tecnologias e seu site pode se beneficiar de maior confiabilidade e seguran\u00e7a.<br \/>&#8211; Suas necessidades podem ter mudado e seu host atual n\u00e3o est\u00e1 atendendo a elas.<br \/>&#8211; Mais tr\u00e1fego exige mais capacidade<br \/>&#8211; O volume do seu site est\u00e1 aumentando e voc\u00ea precisa de mais espa\u00e7o em disco<br \/>&#8211; Voc\u00ea est\u00e1 atualizando o site e precisa de um banco de dados espec\u00edfico ou de aplicativos espec\u00edficos.<\/p>\n<p>DICA:<br \/>Se voc\u00ea precisar migrar seu site para outro provedor de hospedagem: n\u00e3o cancele o plano de hospedagem existente antes da conclus\u00e3o da migra\u00e7\u00e3o, pois isso pode resultar em perda total de arquivos e informa\u00e7\u00f5es do banco de dados a partir do momento em que o cancelamento for solicitado.<br \/>Portanto, fa\u00e7a isso ap\u00f3s a conclus\u00e3o da migra\u00e7\u00e3o.<br \/>Precisa mudar seu provedor de hospedagem?<br \/>Clique no bot\u00e3o abaixo.<img fetchpriority=\"high\" fetchpriority=\"high\" decoding=\"async\" class=\"wp-image-344 alignnone size-full\" src=\"http:\/\/digitalbusiness-solutions.com.br\/wp-content\/uploads\/2023\/06\/migration-de-site-internet-300x225-1.png\" alt=\"\" width=\"300\" height=\"225\" \/><\/p>\n<p>[\/et_pb_text][\/et_pb_column][\/et_pb_row][\/et_pb_section]<\/p>\n","protected":false},"excerpt":{"rendered":"<p>Por que migrar seu site para outro host? MIGRANDO SEU SITEPor que migrar seu site para outro host?Pode haver v\u00e1rios motivos:- Os custos ou o desempenho mudaram- Surgiram novas tecnologias e seu site pode se beneficiar de maior confiabilidade e seguran\u00e7a.- Suas necessidades podem ter mudado e seu host atual n\u00e3o est\u00e1 atendendo a elas.- [&hellip;]<\/p>\n","protected":false},"author":1,"featured_media":344,"parent":0,"menu_order":0,"comment_status":"closed","ping_status":"closed","template":"","meta":{"_et_pb_use_builder":"on","_et_pb_old_content":"","_et_gb_content_width":"","_monsterinsights_skip_tracking":false,"_monsterinsights_sitenote_active":false,"_monsterinsights_sitenote_note":"","_monsterinsights_sitenote_category":0,"slim_seo":{"title":"Raz\u00f5es para considerar uma migra\u00e7\u00e3o do seu site para outro host","description":"Descubra por que migrar seu site para outro host pode ser a melhor op\u00e7\u00e3o.Os motivos como custos, desempenho, tecnologia, que podem influenciar nessa decis\u00e3o."},"footnotes":""},"class_list":["post-341","page","type-page","status-publish","has-post-thumbnail","hentry"],"_links":{"self":[{"href":"https:\/\/digitalbusiness-solutions.com.br\/ar\/wp-json\/wp\/v2\/pages\/341","targetHints":{"allow":["GET"]}}],"collection":[{"href":"https:\/\/digitalbusiness-solutions.com.br\/ar\/wp-json\/wp\/v2\/pages"}],"about":[{"href":"https:\/\/digitalbusiness-solutions.com.br\/ar\/wp-json\/wp\/v2\/types\/page"}],"author":[{"embeddable":true,"href":"https:\/\/digitalbusiness-solutions.com.br\/ar\/wp-json\/wp\/v2\/users\/1"}],"replies":[{"embeddable":true,"href":"https:\/\/digitalbusiness-solutions.com.br\/ar\/wp-json\/wp\/v2\/comments?post=341"}],"version-history":[{"count":6,"href":"https:\/\/digitalbusiness-solutions.com.br\/ar\/wp-json\/wp\/v2\/pages\/341\/revisions"}],"predecessor-version":[{"id":1328,"href":"https:\/\/digitalbusiness-solutions.com.br\/ar\/wp-json\/wp\/v2\/pages\/341\/revisions\/1328"}],"wp:featuredmedia":[{"embeddable":true,"href":"https:\/\/digitalbusiness-solutions.com.br\/ar\/wp-json\/wp\/v2\/media\/344"}],"wp:attachment":[{"href":"https:\/\/digitalbusiness-solutions.com.br\/ar\/wp-json\/wp\/v2\/media?parent=341"}],"curies":[{"name":"\u062f\u0628\u0644\u064a\u0648 \u0628\u064a","href":"https:\/\/api.w.org\/{rel}","templated":true}]}}