{"id":267,"date":"2023-06-23T19:47:30","date_gmt":"2023-06-23T22:47:30","guid":{"rendered":"http:\/\/digitalbusiness-solutions.com.br\/?page_id=267"},"modified":"2025-02-25T14:55:10","modified_gmt":"2025-02-25T17:55:10","slug":"portfolio-dbs","status":"publish","type":"page","link":"https:\/\/digitalbusiness-solutions.com.br\/ar\/portfolio-dbs\/","title":{"rendered":"\u0645\u062d\u0641\u0638\u0629 DBS"},"content":{"rendered":"<p>[et_pb_section fb_built=&#8221;1&#8243; fullwidth=&#8221;on&#8221; _builder_version=&#8221;4.27.4&#8243; _module_preset=&#8221;default&#8221; collapsed=&#8221;off&#8221; global_colors_info=&#8221;{}&#8221;][et_pb_fullwidth_slider _builder_version=&#8221;4.27.4&#8243; _module_preset=&#8221;default&#8221; global_colors_info=&#8221;{}&#8221;][et_pb_slide heading=&#8221;Nossas realiza\u00e7\u00f5es&#8221; _builder_version=&#8221;4.27.4&#8243; _module_preset=&#8221;default&#8221; header_font_size=&#8221;60px&#8221; background_image=&#8221;http:\/\/digitalbusiness-solutions.com.br\/wp-content\/uploads\/2025\/02\/projetos.png&#8221; background_enable_image=&#8221;on&#8221; global_colors_info=&#8221;{}&#8221; sticky_transition=&#8221;on&#8221;][\/et_pb_slide][\/et_pb_fullwidth_slider][\/et_pb_section][et_pb_section fb_built=&#8221;1&#8243; _builder_version=&#8221;4.21.0&#8243; _module_preset=&#8221;default&#8221; global_colors_info=&#8221;{}&#8221;][et_pb_row _builder_version=&#8221;4.21.0&#8243; _module_preset=&#8221;default&#8221; global_colors_info=&#8221;{}&#8221;][et_pb_column type=&#8221;4_4&#8243; _builder_version=&#8221;4.21.0&#8243; _module_preset=&#8221;default&#8221; global_colors_info=&#8221;{}&#8221;][et_pb_filterable_portfolio fullwidth=&#8221;off&#8221; _builder_version=&#8221;4.21.0&#8243; _module_preset=&#8221;default&#8221; global_colors_info=&#8221;{}&#8221;][\/et_pb_filterable_portfolio][et_pb_cta title=&#8221;Fale conosco do seu projeto&#8221; button_url=&#8221;https:\/\/bit.ly\/DBS-Recife&#8221; button_text=&#8221;clique aqui!&#8221; _builder_version=&#8221;4.27.4&#8243; _module_preset=&#8221;default&#8221; background_color=&#8221;#ef7d17&#8243; custom_button=&#8221;on&#8221; button_bg_color=&#8221;#000000&#8243; link_option_url_new_window=&#8221;on&#8221; hover_enabled=&#8221;0&#8243; global_colors_info=&#8221;{}&#8221; sticky_enabled=&#8221;0&#8243;][\/et_pb_cta][\/et_pb_column][\/et_pb_row][\/et_pb_section]<\/p>\n","protected":false},"excerpt":{"rendered":"","protected":false},"author":1,"featured_media":0,"parent":0,"menu_order":0,"comment_status":"closed","ping_status":"closed","template":"","meta":{"_et_pb_use_builder":"on","_et_pb_old_content":"","_et_gb_content_width":"","_monsterinsights_skip_tracking":false,"_monsterinsights_sitenote_active":false,"_monsterinsights_sitenote_note":"","_monsterinsights_sitenote_category":0,"slim_seo":{"title":"Cria\u00e7\u00e3o de sites em WordPress, cat\u00e1logos digitais, card\u00e1pios digitais e gest\u00e3o de redes sociais","description":"Conhe\u00e7a o portf\u00f3lio da DBS, especialista em cria\u00e7\u00e3o e SEO de sites, cat\u00e1logos digitais, card\u00e1pios digitais e gest\u00e3o de redes sociais."},"footnotes":""},"class_list":["post-267","page","type-page","status-publish","hentry"],"_links":{"self":[{"href":"https:\/\/digitalbusiness-solutions.com.br\/ar\/wp-json\/wp\/v2\/pages\/267","targetHints":{"allow":["GET"]}}],"collection":[{"href":"https:\/\/digitalbusiness-solutions.com.br\/ar\/wp-json\/wp\/v2\/pages"}],"about":[{"href":"https:\/\/digitalbusiness-solutions.com.br\/ar\/wp-json\/wp\/v2\/types\/page"}],"author":[{"embeddable":true,"href":"https:\/\/digitalbusiness-solutions.com.br\/ar\/wp-json\/wp\/v2\/users\/1"}],"replies":[{"embeddable":true,"href":"https:\/\/digitalbusiness-solutions.com.br\/ar\/wp-json\/wp\/v2\/comments?post=267"}],"version-history":[{"count":19,"href":"https:\/\/digitalbusiness-solutions.com.br\/ar\/wp-json\/wp\/v2\/pages\/267\/revisions"}],"predecessor-version":[{"id":205651,"href":"https:\/\/digitalbusiness-solutions.com.br\/ar\/wp-json\/wp\/v2\/pages\/267\/revisions\/205651"}],"wp:attachment":[{"href":"https:\/\/digitalbusiness-solutions.com.br\/ar\/wp-json\/wp\/v2\/media?parent=267"}],"curies":[{"name":"\u062f\u0628\u0644\u064a\u0648 \u0628\u064a","href":"https:\/\/api.w.org\/{rel}","templated":true}]}}