{"id":205994,"date":"2025-08-21T16:18:20","date_gmt":"2025-08-21T19:18:20","guid":{"rendered":"https:\/\/digitalbusiness-solutions.com.br\/?page_id=205994"},"modified":"2025-08-21T16:18:20","modified_gmt":"2025-08-21T19:18:20","slug":"consultant-ia-2","status":"publish","type":"page","link":"https:\/\/digitalbusiness-solutions.com.br\/ar\/consultant-ia-2\/","title":{"rendered":"consultant-IA"},"content":{"rendered":"<h1>\u0644\u0627 \u0645\u0632\u064a\u062f \u0645\u0646 \u0627\u0644\u062a\u062e\u0645\u064a\u0646. \u064a\u0645\u0643\u0646 \u0644\u0644\u0630\u0643\u0627\u0621 \u0627\u0644\u0627\u0635\u0637\u0646\u0627\u0639\u064a \u0627\u0644\u0645\u0637\u0628\u0642 \u0628\u0634\u0643\u0644 \u0627\u0633\u062a\u0631\u0627\u062a\u064a\u062c\u064a \u0623\u0646 \u064a\u063a\u064a\u0631 \u0627\u0644\u0644\u0639\u0628\u0629 \u0628\u0627\u0644\u0646\u0633\u0628\u0629 \u0644\u0639\u0645\u0644\u0643<\/h1>\n<p><img fetchpriority=\"high\" decoding=\"async\" style=\"aspect-ratio: auto 400 \/ 550;\" title=\"\u0644\u064a\u0627\u0646-\u0627\u0644\u0645\u0624\u0644\u0641-01\" src=\"\/\/digitalbusiness-solutions.com.br\/wp-content\/uploads\/tcb_content_templates\/images\/Lean_Author-01.jpg\" alt=\"\" width=\"400\" height=\"550\" data-id=\"2333\" data-init-width=\"400\" data-init-height=\"550\" data-width=\"400\" data-height=\"550\" \/><\/p>\n<h2>\u0647\u0644 \u062a\u0634\u0639\u0631 \u0628\u0623\u0646\u0643 \u062f\u0627\u0626\u0645 \u0627\u0644\u062a\u0646\u0642\u0644: \u0625\u0646\u0634\u0627\u0621 \u0627\u0644\u0645\u062d\u062a\u0648\u0649\u060c \u0648\u0627\u0644\u0631\u062f \u0639\u0644\u0649 \u0627\u0644\u0631\u0633\u0627\u0626\u0644\u060c \u0648\u0645\u062d\u0627\u0648\u0644\u0629 \u0627\u0644\u0628\u064a\u0639... \u0648\u0644\u0643\u0646 \u0627\u0644\u0646\u062a\u0627\u0626\u062c \u0644\u0627 \u062a\u0632\u0627\u0644 \u0636\u0639\u064a\u0641\u0629\u061f<\/h2>\n<p><img decoding=\"async\" style=\"aspect-ratio: auto 1080 \/ 1350;\" title=\"\u0627\u0644\u0645\u0634\u0643\u0644\u0629 (2)\" src=\"\/\/digitalbusiness-solutions.com.br\/wp-content\/uploads\/2025\/08\/O-problema-2.png\" alt=\"O problema (2)\" width=\"438\" height=\"547\" data-id=\"206019\" data-init-width=\"1080\" data-init-height=\"1350\" data-width=\"438\" data-height=\"547\" \/><img decoding=\"async\" style=\"aspect-ratio: auto 1080 \/ 1920;\" title=\"_\u0627\u0644\u0634\u0639\u0648\u0631\" src=\"\/\/digitalbusiness-solutions.com.br\/wp-content\/uploads\/2025\/08\/Sentimento.jpg\" alt=\" sentimento\" width=\"356\" height=\"632\" data-id=\"206022\" data-init-width=\"1080\" data-init-height=\"1920\" data-width=\"356\" data-height=\"632\" \/><\/p>\n<h2>\u0625\u0646\u0647 \u0623\u0645\u0631 \u0645\u062d\u0628\u0637. \u064a\u0628\u062f\u0648 \u0623\u0646 \u0627\u0644\u062c\u0645\u064a\u0639 \u064a\u0645\u0636\u064a \u0642\u062f\u0645\u0627\u064b \u0645\u0639 \u0627\u0644\u062a\u0643\u0646\u0648\u0644\u0648\u062c\u064a\u0627 \u0625\u0644\u0627 \u0623\u0646\u062a.<\/h2>\n<h2>\u0648\u0628\u063a\u0636 \u0627\u0644\u0646\u0638\u0631 \u0639\u0646 \u0645\u062f\u0649 \u0635\u0639\u0648\u0628\u0629 \u0627\u0644\u0645\u062d\u0627\u0648\u0644\u0629\u060c \u0644\u0627 \u064a\u0628\u062f\u0648 \u0623\u0646 \u0623\u064a \u0634\u064a\u0621 \u064a\u0639\u0645\u0644<\/h2>\n<h3>\u0627\u0644\u0639\u0648\u0627\u0642\u0628<\/h3>\n<ul>\n<li>\u0625\u0636\u0627\u0639\u0629 \u0627\u0644\u0648\u0642\u062a \u0641\u064a \u0627\u0644\u0645\u0647\u0627\u0645 \u0627\u0644\u0645\u062a\u0643\u0631\u0631\u0629<\/li>\n<li>\u064a\u0631\u0649 \u0623\u0646 \u0627\u0644\u0645\u0632\u064a\u062f \u0645\u0646 \u0627\u0644\u0645\u0646\u0627\u0641\u0633\u064a\u0646 \u0627\u0644\u0631\u0642\u0645\u064a\u064a\u0646 \u064a\u0643\u062a\u0633\u0628\u0648\u0646 \u0627\u0644\u0645\u0632\u064a\u062f \u0645\u0646 \u0627\u0644\u0642\u0648\u0629<\/li>\n<li>\u0623\u0646\u062a \u0645\u0631\u0647\u0642 \u0648\u0645\u062a\u0639\u0628 \u0648\u0644\u0627 \u062a\u0631\u0649 \u0623\u064a \u0645\u0631\u062f\u0648\u062f<\/li>\n<\/ul>\n<p><img loading=\"lazy\" decoding=\"async\" style=\"aspect-ratio: auto 1080 \/ 1350;\" title=\"4. \u0627\u0644\u0639\u0648\u0627\u0642\u0628\" src=\"\/\/digitalbusiness-solutions.com.br\/wp-content\/uploads\/2025\/08\/4.-Consequencias.png\" alt=\"4. consequ\u00eancias\" width=\"447\" height=\"558\" data-id=\"206024\" data-init-width=\"1080\" data-init-height=\"1350\" data-width=\"447\" data-height=\"558\" \/><\/p>\n<h2>\u0642\u062f \u062a\u0639\u062a\u0642\u062f \u0623\u0646 \u0627\u0644\u0645\u0634\u0643\u0644\u0629 \u062a\u0643\u0645\u0646 \u0641\u064a \u0642\u0644\u0629 \u0627\u0644\u0645\u062a\u0627\u0628\u0639\u064a\u0646 \u0623\u0648 \u0627\u0644\u0645\u062d\u062a\u0648\u0649 \u0627\u0644\u062c\u0645\u064a\u0644 \u0623\u0648 \u0627\u0644\u0625\u0639\u0644\u0627\u0646\u0627\u062a \u0627\u0644\u0645\u062f\u0641\u0648\u0639\u0629. \u0648\u0644\u0643\u0646 \u0627\u0644\u0623\u0645\u0631 \u0644\u064a\u0633 \u0643\u0630\u0644\u0643 \u0641\u064a \u0627\u0644\u062d\u0642\u064a\u0642\u0629.<\/h2>\n<h3>\u0627\u0644\u062d\u0644\u0648\u0644 \u0627\u0644\u062a\u064a \u062c\u0631\u0628\u062a\u0647\u0627<\/h3>\n<ul>\n<li>\u0634\u0631\u0627\u0621 \u062f\u0648\u0631\u0629 \u062a\u062f\u0631\u064a\u0628\u064a\u0629 \u0639\u0628\u0631 \u0627\u0644\u0625\u0646\u062a\u0631\u0646\u062a (\u0627\u0644\u062a\u064a \u0643\u0627\u0646\u062a \u0646\u0635\u0641 \u0645\u0643\u062a\u0645\u0644\u0629)<\/li>\n<li>\u062a\u0648\u0638\u064a\u0641 \u0645\u0648\u0638\u0641 \u0645\u0633\u062a\u0642\u0644 \u0623\u0648 \u0648\u0643\u0627\u0644\u0629 (\u0644\u0627 \u064a\u0641\u0647\u0645 \u0639\u0645\u0644\u0643)<\/li>\n<li>\u0627\u0633\u062a\u062e\u062f\u0627\u0645 \u0623\u062f\u0648\u0627\u062a \u0627\u0644\u0630\u0643\u0627\u0621 \u0627\u0644\u0627\u0635\u0637\u0646\u0627\u0639\u064a \u0628\u0645\u0641\u0631\u062f\u0643 (\u0648\u0644\u0643\u0646 \u062f\u0648\u0646 \u0645\u0639\u0631\u0641\u0629 \u0643\u064a\u0641\u064a\u0629 \u062a\u0637\u0628\u064a\u0642\u0647\u0627)<\/li>\n<\/ul>\n<p><img loading=\"lazy\" decoding=\"async\" style=\"aspect-ratio: auto 1080 \/ 1350;\" title=\"6. \u0627\u0644\u062d\u0644\u0648\u0644 \u0627\u0644\u062a\u064a \u062a\u0645\u062a \u062a\u062c\u0631\u0628\u062a\u0647\u0627 \u0628\u0627\u0644\u0641\u0639\u0644\" src=\"\/\/digitalbusiness-solutions.com.br\/wp-content\/uploads\/2025\/08\/6.-Solucoes-ja-tentadas.png\" alt=\"6. solu\u00e7\u00f5es j\u00e1 tentadas\" width=\"447\" height=\"558\" data-id=\"206017\" data-init-width=\"1080\" data-init-height=\"1350\" data-width=\"447\" data-height=\"558\" \/><\/p>\n<h2 style=\"text-align: center;\">\u0627\u0644\u0645\u0634\u0643\u0644\u0629 \u0627\u0644\u062d\u0642\u064a\u0642\u064a\u0629<\/h2>\n<p dir=\"ltr\">\u064a\u0639\u0627\u0644\u062c\u0648\u0646 \u0627\u0644\u0623\u0639\u0631\u0627\u0636 \u0641\u0642\u0637<\/p>\n<p>\u0644\u064a\u0633 \u0627\u0644\u0645\u0635\u062f\u0631 \u0627\u0644\u062d\u0642\u064a\u0642\u064a \u0644\u0644\u0645\u0634\u0643\u0644\u0629<\/p>\n<p>\u062a\u062d\u062a\u0627\u062c \u0625\u0644\u0649 \u0648\u0636\u0648\u062d \u0627\u0633\u062a\u0631\u0627\u062a\u064a\u062c\u064a \u0648\u0625\u062c\u0631\u0627\u0621\u0627\u062a \u0645\u0644\u0645\u0648\u0633\u0629<\/p>\n<p>\u0645\u0639 \u0634\u062e\u0635 \u064a\u0641\u0647\u0645 \u0641\u064a \u0643\u0644 \u0645\u0646 \u0627\u0644\u062a\u0633\u0648\u064a\u0642 \u0648\u0627\u0644\u0630\u0643\u0627\u0621 \u0627\u0644\u0627\u0635\u0637\u0646\u0627\u0639\u064a - \u0648\u064a\u062a\u062d\u062f\u062b \u0644\u063a\u062a\u0643.<\/p>\n<h2>\u0645\u0627 \u0631\u0623\u064a\u0643<\/h2>\n<p>\u062a\u0628\u062f\u0623 \u0641\u064a \u0627\u0644\u0627\u0639\u062a\u0642\u0627\u062f \u0628\u0623\u0646 \u0627\u0644\u0630\u0643\u0627\u0621 \u0627\u0644\u0627\u0635\u0637\u0646\u0627\u0639\u064a \u0647\u0648 \u0634\u064a\u0621 \u062e\u0627\u0635 \u0628\u0627\u0644\u0634\u0631\u0643\u0627\u062a \u0627\u0644\u0643\u0628\u0631\u0649. \u0648\u0644\u0643\u0646 \u0645\u0627\u0630\u0627 \u0644\u0648 \u0643\u0627\u0646\u062a \u0627\u0644\u0645\u0634\u0643\u0644\u0629 \u0641\u064a \u0637\u0631\u064a\u0642\u0629 \u0627\u0633\u062a\u062e\u062f\u0627\u0645\u0643 \u0644\u0644\u062a\u0643\u0646\u0648\u0644\u0648\u062c\u064a\u0627 \u0644\u0635\u0627\u0644\u062d\u0643\u061f<\/p>\n<h3>\u0627\u0644\u0645\u0635\u062f\u0631 \u0627\u0644\u062d\u0642\u064a\u0642\u064a \u0644\u0644\u0645\u0634\u0643\u0644\u0629\u061f<\/h3>\n<p>\u0623\u0646\u062a \u0644\u0627 \u062a\u062d\u062a\u0627\u062c \u0625\u0644\u0649 \u0645\u062c\u0631\u062f \u0623\u062f\u0627\u0629 \u0623\u062e\u0631\u0649. \u0623\u0646\u062a \u0628\u062d\u0627\u062c\u0629 \u0625\u0644\u0649 \u0627\u0633\u062a\u0631\u0627\u062a\u064a\u062c\u064a\u0629 \u0631\u0642\u0645\u064a\u0629 \u0642\u0627\u0626\u0645\u0629 \u0639\u0644\u0649 \u0627\u0644\u0630\u0643\u0627\u0621 \u0627\u0644\u0627\u0635\u0637\u0646\u0627\u0639\u064a\u060c \u0645\u0635\u0645\u0645\u0629 \u062e\u0635\u064a\u0635\u0627\u064b \u0644\u0623\u0639\u0645\u0627\u0644\u0643. \u0637\u0631\u064a\u0642\u0629 \u0644\u0627\u0633\u062a\u062e\u062f\u0627\u0645 \u0627\u0644\u0630\u0643\u0627\u0621 \u0627\u0644\u0627\u0635\u0637\u0646\u0627\u0639\u064a \u0645\u0639 \u0627\u0644\u0630\u0643\u0627\u0621 \u0627\u0644\u0628\u0634\u0631\u064a - \u0628\u062a\u0631\u0643\u064a\u0632 \u0648\u0628\u0633\u0627\u0637\u0629 \u0648\u0646\u062a\u0627\u0626\u062c.<\/p>\n<p><img loading=\"lazy\" decoding=\"async\" style=\"aspect-ratio: auto 1080 \/ 1350;\" title=\"\u2022_Une checklist coch\u00e9e avec le mot \u201cIA\u201d en surbrillance_1\" src=\"\/\/digitalbusiness-solutions.com.br\/wp-content\/uploads\/2025\/08\/\u2022_Une-checklist-cochee-avec-le-mot-IA-en-surbrillance_1.png\" alt=\"\u2022 une checklist coch\u00e9e avec le mot \u201cia\u201d en surbrillance 1\" width=\"356\" height=\"444\" data-id=\"206026\" data-init-width=\"1080\" data-init-height=\"1350\" data-width=\"356\" data-height=\"444\" \/><\/p>\n<h2>\u0627\u0644\u062d\u0644 \u0627\u0644\u0641\u0639\u0627\u0644 \u062d\u0642\u064b\u0627<\/h2>\n<ul>\n<li>\u062e\u0637\u0629 \u0648\u0627\u0636\u062d\u0629 \u0648\u0645\u0644\u0627\u0626\u0645\u0629 \u0644\u0622\u0644\u0627\u0645\u0643 \u0648\u0623\u0647\u062f\u0627\u0641\u0643<\/li>\n<li>\u062a\u0637\u0628\u064a\u0642 \u0627\u0644\u0630\u0643\u0627\u0621 \u0627\u0644\u0627\u0635\u0637\u0646\u0627\u0639\u064a \u0644\u062c\u0630\u0628 \u0627\u0644\u0639\u0645\u0644\u0627\u0621 \u0648\u0625\u0646\u0634\u0627\u0621 \u0627\u0644\u0645\u062d\u062a\u0648\u0649<\/li>\n<li>\u0627\u0644\u0645\u0632\u064a\u062f \u0645\u0646 \u0627\u0644\u0648\u0642\u062a \u0648\u0627\u0644\u0627\u062d\u062a\u0631\u0627\u0641\u064a\u0629 - \u062d\u062a\u0649 \u0628\u062f\u0648\u0646 \u062e\u0628\u0631\u0629 \u0641\u0646\u064a\u0629<\/li>\n<\/ul>\n<h2>\u0644\u0645\u0627\u0630\u0627 \u064a\u0639\u0645\u0644 \u0647\u0630\u0627 \u0627\u0644\u062d\u0644\u061f<\/h2>\n<p>\u0644\u0623\u0646\u0646\u0627 \u0644\u0627 \u0646\u0628\u064a\u0639 \u0627\u0644\u0648\u0639\u0648\u062f \u0627\u0644\u0641\u0627\u0631\u063a\u0629.<\/p>\n<p>\u0646\u062d\u0646 \u0646\u0639\u0645\u0644 \u0645\u0639\u0643 \u0644\u062a\u0637\u0628\u064a\u0642 \u0627\u0644\u0630\u0643\u0627\u0621 \u0627\u0644\u0627\u0635\u0637\u0646\u0627\u0639\u064a \u0639\u0644\u0649 \u0623\u0631\u0636 \u0627\u0644\u0648\u0627\u0642\u0639\u060c \u0645\u0639 \u062a\u062d\u0642\u064a\u0642 \u0646\u062a\u0627\u0626\u062c \u0648\u0627\u0636\u062d\u0629.<\/p>\n<p>\u0627\u0644\u062a\u0634\u062e\u064a\u0635 \u0627\u0644\u0634\u062e\u0635\u064a<\/p>\n<p>\u0627\u0644\u0623\u062f\u0648\u0627\u062a \u0627\u0644\u062a\u064a \u062a\u0645 \u0627\u062e\u062a\u0628\u0627\u0631\u0647\u0627 \u0641\u064a \u0642\u0637\u0627\u0639\u0647\u0627.<\/p>\n<p>\u0627\u0644\u0645\u0631\u0627\u0641\u0642\u0629 \u0627\u0644\u0628\u0634\u0631\u064a\u0629<\/p>\n<p>\u0646\u062a\u0627\u0626\u062c \u0633\u0631\u064a\u0639\u0629 \u0645\u0639 \u0627\u0644\u062a\u0631\u0643\u064a\u0632 \u0639\u0644\u0649 \u0627\u0644\u0643\u0641\u0627\u0621\u0629<\/p>\n<h3>\u0643\u064a\u0641 \u062a\u0639\u0645\u0644\u061f<\/h3>\n<ul>\n<li>\u062c\u0644\u0633\u0629 \u062a\u0634\u062e\u064a\u0635\u064a\u0629 \u0645\u062c\u0627\u0646\u064a\u0629<\/li>\n<li>\u062e\u0637\u0629 \u0639\u0645\u0644 \u0645\u0635\u0645\u0645\u0629 \u062e\u0635\u064a\u0635\u0627\u064b<\/li>\n<li>\u0627\u0644\u0645\u0631\u0627\u0642\u0628\u0629 \u0648\u0627\u0644\u062a\u0639\u062f\u064a\u0644\u0627\u062a<\/li>\n<li>\u0627\u0644\u062f\u0639\u0645 \u0627\u0644\u0628\u0634\u0631\u064a<\/li>\n<\/ul>\n<h6>\u0644\u0645\u0627\u0630\u0627 \u0644\u0627 \u064a\u0642\u0648\u0645 \u0627\u0644\u062c\u0645\u064a\u0639 \u0628\u0630\u0644\u0643\u061f<\/h6>\n<p>&#8220;Muitos acham que IA \u00e9 dif\u00edcil, cara ou inacess\u00edvel. Mas os empreendedores que est\u00e3o se destacando s\u00e3o os que decidiram come\u00e7ar com orienta\u00e7\u00e3o certa.&#8221;<\/p>\n<p><img loading=\"lazy\" decoding=\"async\" style=\"aspect-ratio: auto 250 \/ 250;\" title=\"\u0645\u0631\u0628\u0639-\u0635\u063a\u064a\u0631-\u0643\u0648\u064a\u0643-02\" src=\"\/\/digitalbusiness-solutions.com.br\/wp-content\/uploads\/tcb_lp_templates\/templates\/css\/images\/Square-Small_kwik-02.jpg\" alt=\"\" width=\"170\" height=\"170\" data-id=\"3197\" data-init-width=\"250\" data-init-height=\"250\" data-width=\"170\" data-height=\"170\" \/><\/p>\n<p style=\"text-align: center;\">Why we&#8217;re the best<\/p>\n<h2>\u0645\u0627 \u0627\u0644\u0630\u064a \u0633\u062a\u062d\u0635\u0644 \u0639\u0644\u064a\u0647\u061f<\/h2>\n<ul>\n<li>\u0627\u0644\u0645\u0632\u064a\u062f \u0645\u0646 \u0648\u0642\u062a \u0627\u0644\u0641\u0631\u0627\u063a<\/li>\n<li>\u0648\u0635\u0648\u0644 \u0627\u0644\u0645\u0632\u064a\u062f \u0645\u0646 \u0627\u0644\u0639\u0645\u0644\u0627\u0621 \u062a\u0644\u0642\u0627\u0626\u064a\u0627\u064b<\/li>\n<li>\u0645\u062d\u062a\u0648\u0649 \u064a\u0645\u062b\u0644 \u0639\u0644\u0627\u0645\u062a\u0643 \u0627\u0644\u062a\u062c\u0627\u0631\u064a\u0629 \u062f\u0648\u0646 \u0639\u0646\u0627\u0621<\/li>\n<li>\u062d\u0636\u0648\u0631 \u0631\u0642\u0645\u064a \u0627\u062d\u062a\u0631\u0627\u0641\u064a \u0648\u0641\u0639\u0627\u0644<\/li>\n<\/ul>\n<h2 style=\"text-align: center;\">Here&#8217;s What You&#8217;ll Get<\/h2>\n<p><a href=\"#\"><img loading=\"lazy\" decoding=\"async\" style=\"aspect-ratio: auto 250 \/ 250;\" title=\"\u0645\u0631\u0628\u0639-\u0635\u063a\u064a\u0631-\u0643\u0648\u064a\u0643-01\" src=\"\/\/digitalbusiness-solutions.com.br\/wp-content\/uploads\/tcb_lp_templates\/templates\/css\/images\/Square-Small_kwik-01.jpg\" alt=\"\" width=\"176\" height=\"176\" data-id=\"3196\" data-init-width=\"250\" data-init-height=\"250\" data-width=\"176\" data-height=\"176\" \/><\/a><\/p>\n<h6>\u0639\u0646\u0648\u0627\u0646\u0643 \u0627\u0644\u0631\u0626\u064a\u0633\u064a<\/h6>\n<p>Lorem ipsum ipsum dolor sit amet\u060c \u0648 ut duius adipisicing elit\u060c \u0648 do do eiusmod nam tempor incididunt ut labore.<\/p>\n<p>\u0627\u0643\u062a\u0634\u0641 \u0627\u0644\u0645\u0632\u064a\u062f<\/p>\n<p><a href=\"#\"><img loading=\"lazy\" decoding=\"async\" style=\"aspect-ratio: auto 250 \/ 250;\" title=\"\u0645\u0631\u0628\u0639-\u0635\u063a\u064a\u0631-\u0643\u0648\u064a\u0643-04\" src=\"\/\/digitalbusiness-solutions.com.br\/wp-content\/uploads\/tcb_lp_templates\/templates\/css\/images\/Square-Small_kwik-04.jpg\" alt=\"\" width=\"176\" height=\"176\" data-id=\"3199\" data-init-width=\"250\" data-init-height=\"250\" data-width=\"176\" data-height=\"176\" \/><\/a><\/p>\n<h6>\u0639\u0646\u0648\u0627\u0646\u0643 \u0627\u0644\u0631\u0626\u064a\u0633\u064a<\/h6>\n<p>Lorem ipsum ipsum dolor sit amet\u060c \u0648 ut duius adipisicing elit\u060c \u0648 do do eiusmod nam tempor incididunt ut labore.<\/p>\n<p>\u0627\u0643\u062a\u0634\u0641 \u0627\u0644\u0645\u0632\u064a\u062f<\/p>\n<p><a href=\"#\"><img loading=\"lazy\" decoding=\"async\" style=\"aspect-ratio: auto 250 \/ 250;\" title=\"\u0645\u0631\u0628\u0639-\u0635\u063a\u064a\u0631-\u0643\u0648\u064a\u0643-07\" src=\"\/\/digitalbusiness-solutions.com.br\/wp-content\/uploads\/tcb_lp_templates\/templates\/css\/images\/Square-Small_kwik-07.jpg\" alt=\"\" width=\"176\" height=\"176\" data-id=\"3202\" data-init-width=\"250\" data-init-height=\"250\" data-width=\"176\" data-height=\"176\" \/><\/a><\/p>\n<h6>\u0639\u0646\u0648\u0627\u0646\u0643 \u0627\u0644\u0631\u0626\u064a\u0633\u064a<\/h6>\n<p>Lorem ipsum ipsum dolor sit amet\u060c \u0648 ut duius adipisicing elit\u060c \u0648 do do eiusmod nam tempor incididunt ut labore.<\/p>\n<p>\u0627\u0643\u062a\u0634\u0641 \u0627\u0644\u0645\u0632\u064a\u062f<\/p>\n<p>&nbsp;<\/p>\n<h2>\u0645\u064a\u0632\u0627\u062a \u0625\u0636\u0627\u0641\u064a\u0629 \u0645\u062d\u062f\u0648\u062f\u0629<\/h2>\n<p>\u0627\u0644\u063a\u0631\u0636 \u0645\u0646 \u0647\u0630\u0627 \u0627\u0644\u0642\u0633\u0645 \u0647\u0648 \u062a\u0642\u062f\u064a\u0645 \u0644\u0645\u062d\u0629 \u0639\u0627\u0645\u0629 \u0639\u0646 \u0645\u0646\u062a\u062c\u0643. \u064a\u0645\u0643\u0646 \u0623\u0646 \u064a\u0643\u0648\u0646 \u0647\u0630\u0627 \u0645\u0644\u062e\u0635\u0627\u064b \u0644\u0641\u0635\u0648\u0644 \u0643\u062a\u0627\u0628\u0643 \u0627\u0644\u0625\u0644\u0643\u062a\u0631\u0648\u0646\u064a\u060c \u0648\u0627\u0644\u062f\u0631\u0648\u0633 \u0641\u064a \u062f\u0648\u0631\u062a\u0643 \u0627\u0644\u062a\u062f\u0631\u064a\u0628\u064a\u0629\u060c \u0648\u0648\u062d\u062f\u0627\u062a \u0628\u0631\u0646\u0627\u0645\u062c\u0643 \u0627\u0644\u062a\u062f\u0631\u064a\u0628\u064a \u0648\u0645\u0627 \u0625\u0644\u0649 \u0630\u0644\u0643. \u064a\u062c\u0628 \u0623\u0646 \u064a\u062e\u0631\u062c \u0627\u0644\u0642\u0627\u0631\u0626 \u0645\u0646 \u0647\u0630\u0627 \u0627\u0644\u0642\u0633\u0645 \u0628\u0641\u0643\u0631\u0629 \u0648\u0627\u0636\u062d\u0629 \u062c\u062f\u0627\u064b \u0639\u0645\u0627 \u0633\u064a\u062d\u0635\u0644 \u0639\u0644\u064a\u0647 \u0645\u0642\u0627\u0628\u0644 \u0623\u0645\u0648\u0627\u0644\u0647.<\/p>\n<h5>\u0639\u0646\u0648\u0627\u0646 \u0627\u0644\u0645\u064a\u0632\u0629<\/h5>\n<p>Lorem ips ipsum dolor sit amet, consectetur sagittis adipiscing nostrud sed do eiusmod<\/p>\n<h5>\u0639\u0646\u0648\u0627\u0646 \u0627\u0644\u0645\u064a\u0632\u0629<\/h5>\n<p>Lorem ips ipsum dolor sit amet, consectetur sagittis adipiscing nostrud sed do eiusmod<\/p>\n<h5>\u0639\u0646\u0648\u0627\u0646 \u0627\u0644\u0645\u064a\u0632\u0629<\/h5>\n<p>Lorem ips ipsum dolor sit amet, consectetur sagittis adipiscing nostrud sed do eiusmod<\/p>\n<h3 style=\"text-align: center;\">\u0639\u0645\u0644\u0627\u0621 \u0633\u0639\u062f\u0627\u0621<\/h3>\n<p>\u275d<\/p>\n<p dir=\"ltr\">\u0627\u0644\u0634\u0647\u0627\u062f\u0627\u062a \u0637\u0631\u064a\u0642\u0629 \u0645\u0645\u062a\u0627\u0632\u0629 \u0644\u0645\u0639\u0627\u0644\u062c\u0629 \u0627\u0644\u0627\u0639\u062a\u0631\u0627\u0636\u0627\u062a. \u0627\u0639\u0631\u0636 \u0643\u064a\u0641 \u062d\u0635\u0644 \u0627\u0644\u0646\u0627\u0633 \u0639\u0644\u0649 \u0627\u0644\u0646\u062a\u064a\u062c\u0629 \u0627\u0644\u0645\u0631\u062c\u0648\u0629 \u0628\u0639\u062f \u0627\u0633\u062a\u062e\u062f\u0627\u0645 \u0645\u0646\u062a\u062c\u0643 \u0623\u0648 \u062e\u062f\u0645\u062a\u0643.<\/p>\n<p>\u0645\u0627\u0631\u064a \u0633\u0627\u0646\u062f\u0631\u0632<\/p>\n<p>\u0645\u0635\u0648\u0631 \u0641\u0648\u062a\u0648\u063a\u0631\u0627\u0641\u064a<\/p>\n<p>\u275d<\/p>\n<p>\u0627\u0644\u0634\u0647\u0627\u062f\u0627\u062a \u0637\u0631\u064a\u0642\u0629 \u0645\u0645\u062a\u0627\u0632\u0629 \u0644\u0645\u0639\u0627\u0644\u062c\u0629 \u0627\u0644\u0627\u0639\u062a\u0631\u0627\u0636\u0627\u062a. \u0627\u0639\u0631\u0636 \u0643\u064a\u0641 \u062d\u0635\u0644 \u0627\u0644\u0646\u0627\u0633 \u0639\u0644\u0649 \u0627\u0644\u0646\u062a\u064a\u062c\u0629 \u0627\u0644\u0645\u0631\u062c\u0648\u0629 \u0628\u0639\u062f \u0627\u0633\u062a\u062e\u062f\u0627\u0645 \u0645\u0646\u062a\u062c\u0643 \u0623\u0648 \u062e\u062f\u0645\u062a\u0643.<\/p>\n<p>\u0628\u064a\u062a\u0631 \u062c\u0648\u0646\u0633\u0648\u0646<\/p>\n<p>\u0627\u0644\u0645\u0637\u0648\u0631<\/p>\n<p>\u275d<\/p>\n<p>\u0627\u0644\u0634\u0647\u0627\u062f\u0627\u062a \u0637\u0631\u064a\u0642\u0629 \u0645\u0645\u062a\u0627\u0632\u0629 \u0644\u0645\u0639\u0627\u0644\u062c\u0629 \u0627\u0644\u0627\u0639\u062a\u0631\u0627\u0636\u0627\u062a. \u0627\u0639\u0631\u0636 \u0643\u064a\u0641 \u062d\u0635\u0644 \u0627\u0644\u0646\u0627\u0633 \u0639\u0644\u0649 \u0627\u0644\u0646\u062a\u064a\u062c\u0629 \u0627\u0644\u0645\u0631\u062c\u0648\u0629 \u0628\u0639\u062f \u0627\u0633\u062a\u062e\u062f\u0627\u0645 \u0645\u0646\u062a\u062c\u0643 \u0623\u0648 \u062e\u062f\u0645\u062a\u0643.<\/p>\n<p>\u064a\u0648\u0646\u064a\u0648 \u062f\u0627\u0648\u0633\u0648\u0646<\/p>\n<p>\u0645\u0635\u0645\u0645<\/p>\n<h2 style=\"text-align: center;\">\u062e\u064a\u0627\u0631\u0627\u062a \u0627\u0644\u062a\u0633\u0639\u064a\u0631 \u0644\u062f\u064a\u0646\u0627<\/h2>\n<p><a href=\"#\">\u0627\u0644\u0645\u062b\u064a\u0644 1<\/a><\/p>\n<h5 style=\"text-align: left;\">\u0627\u0644\u0623\u0633\u0627\u0633\u064a\u0627\u062a<\/h5>\n<p style=\"text-align: center;\"><span style=\"font-size: 20px;\">$<\/span>59<\/p>\n<p style=\"text-align: left;\">\u062d\u0631\u0643\u0629 \u0645\u0631\u0646\u0629 \u0628\u0633\u064a\u0637\u0629 \u0648\u0633\u0631\u064a\u0639\u0629 \u0648\u0641\u0639\u0627\u0644\u0629 \u0648\u0628\u0633\u064a\u0637\u0629<\/p>\n<h5 style=\"text-align: left;\">\u0628\u0631\u064a\u0645\u064a\u0648\u0645<\/h5>\n<p style=\"text-align: center;\"><span style=\"font-size: 20px;\">$<\/span>89<\/p>\n<p style=\"text-align: left;\">\u0645\u0633\u0627\u062d\u0629 \u0639\u0645\u0644 \u0625\u0628\u062f\u0627\u0639\u064a\u0629\u060c \u063a\u064a\u0631 \u0635\u0627\u062e\u0628\u0629\u060c \u0645\u062c\u0647\u0632\u0629 \u0628\u0627\u0644\u0643\u0627\u0645\u0644 \u0648\u0645\u0631\u064a\u062d\u0629<\/p>\n<h5 style=\"text-align: left;\">\u062d\u0635\u0631\u064a\u0627\u064b<\/h5>\n<p style=\"text-align: center;\"><span style=\"font-size: 20px;\">$<\/span>119<\/p>\n<p style=\"text-align: left;\">\u0623\u0628\u0633\u0637 \u0648\u0623\u0633\u0631\u0639 \u062d\u0631\u0643\u0629 \u0645\u0631\u0646\u0629 \u0648\u0623\u0643\u062b\u0631\u0647\u0627 \u0641\u0627\u0639\u0644\u064a\u0629 \u0648\u0645\u0631\u0648\u0646\u0629<\/p>\n<h4><strong>\u0645\u0627\u0630\u0627 \u062a\u0646\u062a\u0638\u0631\u061f<\/strong><\/h4>\n<p>There&#8217;s absolutely NO RISK with our\u00a0<strong>30 \u064a\u0648\u0645\u064b\u0627<\/strong> \u0636\u0645\u0627\u0646 \u0627\u0633\u062a\u0631\u062f\u0627\u062f \u0627\u0644\u0623\u0645\u0648\u0627\u0644.<\/p>\n<p><span style=\"font-weight: normal;\">\u275d<\/span><\/p>\n<p>Lorem ipsum dolor dolor sit amet, consectetur adipiscing elit, sed do do eiusmod tempor incididunt ut labore et dolore magna aliqua. Ut enim ad minim veniam, quis nostrud exercitation ullamco laboris ni ut aliquip ex ea commodo consequat. Duis aute aute irure dolor in reprehenderit in voluptate velit esse cillum<\/p>\n<p><span style=\"background-color: transparent;\">\u0644\u0648\u0631\u0627 \u0628\u0627\u0631\u0643\u0631<\/span><\/p>\n<p><span style=\"font-weight: normal;\">\u275d<\/span><\/p>\n<p>Lorem ipsum dolor dolor sit amet, consectetur adipiscing elit, sed do do eiusmod tempor incididunt ut labore et dolore magna aliqua. Ut enim ad minim veniam, quis nostrud exercitation ullamco laboris ni ut aliquip ex ea commodo consequat.<\/p>\n<p><span style=\"background-color: transparent;\">\u0628\u0648\u0644 \u062c\u0648\u0646\u0632<\/span><\/p>\n<p><span style=\"font-weight: normal;\">\u275d<\/span><\/p>\n<p>Lorem ips ipsum dolor sit amet, consectetur adipiscing elit, sed do do eiusmod um tempor incididunt ut labore et dolore magna aliqua.<\/p>\n<p>Ut enim ad minim veniam, quis nostrud exercitation ullamco laboris ni ut aliquip ex ea commodo consequat.<\/p>\n<p><span style=\"background-color: transparent;\">\u0645\u0627\u0631\u064a \u0648\u064a\u0628\u0631<\/span><\/p>\n<h3>\u0633\u0624\u0627\u0644 \u0648\u062c\u0648\u0627\u0628.<\/h3>\n<h3>\u0642\u0633\u0645 \u0627\u0644\u0646\u0635 \u0645\u062a\u0639\u062f\u062f \u0627\u0644\u0623\u063a\u0631\u0627\u0636<\/h3>\n<p>Lorem ipsum dolor dolor sit amet, consectetur adipiscing elit, sed do do eiusmod tempor incididunt ut labore et dolore magna aliqua. Ut enim ad minim veniam, quis nostrud exercitation ullamco laboris ni ut aliquip ex ea commodo consequat. \u0644\u0627 \u064a\u0645\u0643\u0646 \u0623\u0646 \u064a\u0643\u0648\u0646 \u0647\u0646\u0627\u0643 \u0623\u064a \u0634\u064a\u0621 \u0622\u062e\u0631 \u063a\u064a\u0631 \u0630\u0644\u0643. \u0645\u0627\u0639\u062f\u0627 \u0623\u0646 \u0647\u0630\u0627 \u0644\u0627 \u064a\u0639\u0646\u064a \u0623\u0646 \u0647\u0646\u0627\u0643 \u0645\u0646 \u0644\u0627 \u064a\u0643\u062a\u0631\u062b\u0648\u0646 \u0644\u0623\u0645\u0631\u0646\u0627 \u0648\u0644\u0627 \u064a\u0643\u062a\u0631\u062b\u0648\u0646 \u0644\u0623\u0645\u0631\u0646\u0627.<\/p>\n<h1>\u062e\u0628\u0631\u062a\u0646\u0627<\/h1>\n<p>+\u062e\u0628\u0631\u0629 \u062a\u0632\u064a\u062f \u0639\u0646 10 \u0633\u0646\u0648\u0627\u062a \u0641\u064a \u0645\u062c\u0627\u0644 \u0627\u0644\u062a\u0633\u0648\u064a\u0642 \u0627\u0644\u0631\u0642\u0645\u064a. \u0635\u0627\u062d\u0628 \u0627\u0644\u0627\u0645\u062a\u064a\u0627\u0632 \u0627\u0644\u0631\u0633\u0645\u064a \u0644\u0634\u0631\u0643\u0629 NextGoMarketing. \u0639\u0645\u0644\u0627\u0621 \u062d\u0642\u064a\u0642\u064a\u0648\u0646 \u0628\u0646\u062a\u0627\u0626\u062c \u0645\u062b\u0628\u062a\u0629. \u062f\u0639\u0645 \u0628\u0634\u0631\u064a \u0648\u062b\u064a\u0642.<\/p>\n<p>Drag to RepositionMove Up or Down to RepositionMove Left or Right to RepositionInsert Image<\/p>","protected":false},"excerpt":{"rendered":"<p>Chega de adivinha\u00e7\u00f5es. A IA aplicada com estrat\u00e9gia pode mudar o jogo do seu neg\u00f3cio Voc\u00ea sente que est\u00e1 sempre correndo atr\u00e1s: cria conte\u00fado, responde mensagens, tenta vender&#8230; mas os resultados continuam fracos? \u00c9 frustrante. Parece que todo mundo est\u00e1 avan\u00e7ando com a tecnologia, menos voc\u00ea. E por mais que voc\u00ea tente, nada parece dar [&hellip;]<\/p>\n","protected":false},"author":3,"featured_media":0,"parent":0,"menu_order":0,"comment_status":"closed","ping_status":"closed","template":"","meta":{"_et_pb_use_builder":"","_et_pb_old_content":"","_et_gb_content_width":"","_monsterinsights_skip_tracking":false,"_monsterinsights_sitenote_active":false,"_monsterinsights_sitenote_note":"","_monsterinsights_sitenote_category":0,"slim_seo":{"title":"consultant-IA - Digital Business Solutions","description":"Chega de adivinha\u00e7\u00f5es. A IA aplicada com estrat\u00e9gia pode mudar o jogo do seu neg\u00f3cio Voc\u00ea sente que est\u00e1 sempre correndo atr\u00e1s: cria conte\u00fado, responde mensagen"},"footnotes":""},"class_list":["post-205994","page","type-page","status-publish","hentry"],"_links":{"self":[{"href":"https:\/\/digitalbusiness-solutions.com.br\/ar\/wp-json\/wp\/v2\/pages\/205994","targetHints":{"allow":["GET"]}}],"collection":[{"href":"https:\/\/digitalbusiness-solutions.com.br\/ar\/wp-json\/wp\/v2\/pages"}],"about":[{"href":"https:\/\/digitalbusiness-solutions.com.br\/ar\/wp-json\/wp\/v2\/types\/page"}],"author":[{"embeddable":true,"href":"https:\/\/digitalbusiness-solutions.com.br\/ar\/wp-json\/wp\/v2\/users\/3"}],"replies":[{"embeddable":true,"href":"https:\/\/digitalbusiness-solutions.com.br\/ar\/wp-json\/wp\/v2\/comments?post=205994"}],"version-history":[{"count":19,"href":"https:\/\/digitalbusiness-solutions.com.br\/ar\/wp-json\/wp\/v2\/pages\/205994\/revisions"}],"predecessor-version":[{"id":206028,"href":"https:\/\/digitalbusiness-solutions.com.br\/ar\/wp-json\/wp\/v2\/pages\/205994\/revisions\/206028"}],"wp:attachment":[{"href":"https:\/\/digitalbusiness-solutions.com.br\/ar\/wp-json\/wp\/v2\/media?parent=205994"}],"curies":[{"name":"\u062f\u0628\u0644\u064a\u0648 \u0628\u064a","href":"https:\/\/api.w.org\/{rel}","templated":true}]}}