{"id":205987,"date":"2025-08-07T13:51:34","date_gmt":"2025-08-07T16:51:34","guid":{"rendered":"https:\/\/digitalbusiness-solutions.com.br\/?page_id=205987"},"modified":"2025-08-07T13:51:34","modified_gmt":"2025-08-07T16:51:34","slug":"automatize-seu-funil-com-a-ia","status":"publish","type":"page","link":"https:\/\/digitalbusiness-solutions.com.br\/ar\/automatize-seu-funil-com-a-ia\/","title":{"rendered":"\u0623\u062a\u0645\u062a\u0629 \u0645\u0633\u0627\u0631 \u0627\u0644\u062a\u062d\u0648\u064a\u0644 \u0628\u0627\u0633\u062a\u062e\u062f\u0627\u0645 \u0627\u0644\u0630\u0643\u0627\u0621 \u0627\u0644\u0627\u0635\u0637\u0646\u0627\u0639\u064a"},"content":{"rendered":"<h1 data-start=\"168\" data-end=\"242\">\u0623\u062a\u0645\u062a\u0629 \u0645\u0633\u0627\u0631 \u0627\u0644\u062a\u062d\u0648\u064a\u0644 \u0628\u0627\u0633\u062a\u062e\u062f\u0627\u0645 \u0627\u0644\u0630\u0643\u0627\u0621 \u0627\u0644\u0627\u0635\u0637\u0646\u0627\u0639\u064a \u0648\u0627\u0644\u0628\u064a\u0639 \u0643\u0644 \u064a\u0648\u0645 \u0639\u0644\u0649 \u0627\u0644\u0637\u064a\u0627\u0631 \u0627\u0644\u0622\u0644\u064a<\/h1>\n<p data-start=\"244\" data-end=\"528\">\u0647\u0644 \u064a\u0645\u0643\u0646\u0643 \u062a\u062e\u064a\u0644 \u062a\u062d\u0648\u064a\u0644 \u0627\u0644\u0632\u0648\u0627\u0631 \u0625\u0644\u0649 \u0639\u0645\u0644\u0627\u0621 \u0645\u062e\u0644\u0635\u064a\u0646 \u062f\u0648\u0646 \u0627\u0644\u062d\u0627\u062c\u0629 \u0625\u0644\u0649 \u0627\u0644\u062a\u0648\u0627\u062c\u062f \u0639\u0644\u0649 \u0627\u0644\u0625\u0646\u062a\u0631\u0646\u062a \u0637\u0648\u0627\u0644 \u0627\u0644\u0648\u0642\u062a\u061f \u0645\u0639 \u0623\u062a\u0645\u062a\u0629 \u0645\u0633\u0627\u0631 \u0627\u0644\u062a\u062d\u0648\u064a\u0644 \u0628\u0627\u0633\u062a\u062e\u062f\u0627\u0645 \u0627\u0644\u0630\u0643\u0627\u0621 \u0627\u0644\u0627\u0635\u0637\u0646\u0627\u0639\u064a (AI)\u060c \u0644\u0645 \u064a\u0639\u062f \u0630\u0644\u0643 \u0645\u0645\u0643\u0646\u0627\u064b \u0641\u062d\u0633\u0628\u060c \u0628\u0644 \u0623\u0635\u0628\u062d \u0647\u0630\u0627 \u0647\u0648 \u0627\u0644\u0645\u0639\u064a\u0627\u0631 \u0627\u0644\u062c\u062f\u064a\u062f \u0644\u0644\u0634\u0631\u0643\u0627\u062a \u0627\u0644\u0630\u0643\u064a\u0629 \u0627\u0644\u062a\u064a \u062a\u0631\u063a\u0628 \u0641\u064a \u0627\u0644\u062a\u0648\u0633\u0639 \u062f\u0648\u0646 \u0632\u064a\u0627\u062f\u0629 \u0639\u0628\u0621 \u0627\u0644\u0639\u0645\u0644.<\/p>\n<p data-start=\"530\" data-end=\"731\">\u0641\u064a DBS (\u062d\u0644\u0648\u0644 \u0627\u0644\u0623\u0639\u0645\u0627\u0644 \u0627\u0644\u0631\u0642\u0645\u064a\u0629)\u060c \u0646\u0633\u0627\u0639\u062f \u0631\u0648\u0627\u062f \u0627\u0644\u0623\u0639\u0645\u0627\u0644 \u0645\u062b\u0644\u0643 \u0639\u0644\u0649 \u0625\u0646\u0634\u0627\u0621 \u0645\u0633\u0627\u0631\u0627\u062a \u0645\u0628\u064a\u0639\u0627\u062a \u0630\u0643\u064a\u0629 \u062a\u0639\u0645\u0644 \u0639\u0644\u0649 \u0645\u062f\u0627\u0631 \u0627\u0644\u0633\u0627\u0639\u0629 \u0637\u0648\u0627\u0644 \u0623\u064a\u0627\u0645 \u0627\u0644\u0623\u0633\u0628\u0648\u0639 \u0628\u0627\u0633\u062a\u062e\u062f\u0627\u0645 \u0642\u0648\u0629 \u0627\u0644\u0630\u0643\u0627\u0621 \u0627\u0644\u0627\u0635\u0637\u0646\u0627\u0639\u064a.<\/p>\n<h2 data-start=\"733\" data-end=\"783\">\u0645\u0627 \u0647\u0648 \u0645\u0633\u0627\u0631 \u0627\u0644\u0645\u0628\u064a\u0639\u0627\u062a \u0627\u0644\u0622\u0644\u064a \u0645\u0639 \u0627\u0644\u0630\u0643\u0627\u0621 \u0627\u0644\u0627\u0635\u0637\u0646\u0627\u0639\u064a\u061f<\/h2>\n<p data-start=\"785\" data-end=\"1049\">\u064a\u0631\u0627\u0641\u0642 \u0645\u0633\u0627\u0631 \u0627\u0644\u0645\u0628\u064a\u0639\u0627\u062a \u0627\u0644\u062a\u0642\u0644\u064a\u062f\u064a \u0627\u0644\u0639\u0645\u064a\u0644 \u0645\u0646 \u0623\u0648\u0644 \u0627\u062a\u0635\u0627\u0644 \u0625\u0644\u0649 \u0627\u0644\u0634\u0631\u0627\u0621 \u0627\u0644\u0646\u0647\u0627\u0626\u064a. \u0648\u0645\u0639 \u0630\u0644\u0643\u060c \u0644\u0627 \u064a\u0632\u0627\u0644 \u0645\u0639\u0638\u0645 \u0631\u0648\u0627\u062f \u0627\u0644\u0623\u0639\u0645\u0627\u0644 \u064a\u0639\u062a\u0645\u062f\u0648\u0646 \u0639\u0644\u0649 \u0627\u0644\u0639\u0645\u0644\u064a\u0627\u062a \u0627\u0644\u064a\u062f\u0648\u064a\u0629: \u0627\u0644\u0631\u062f \u0639\u0644\u0649 \u0627\u0644\u0631\u0633\u0627\u0626\u0644\u060c \u0648\u0625\u0631\u0633\u0627\u0644 \u0627\u0644\u0639\u0631\u0648\u0636\u060c \u0648\u062c\u062f\u0648\u0644\u0629 \u0627\u0644\u0627\u062c\u062a\u0645\u0627\u0639\u0627\u062a... \u0643\u0644 \u0647\u0630\u0627 \u064a\u0633\u062a\u063a\u0631\u0642 \u0648\u0642\u062a\u0627\u064b \u0648\u0637\u0627\u0642\u0629.<\/p>\n<p data-start=\"1051\" data-end=\"1126\">\u062a\u0639\u0645\u0644 \u0627\u0644\u0623\u062a\u0645\u062a\u0629 \u0628\u0627\u0633\u062a\u062e\u062f\u0627\u0645 \u0627\u0644\u0630\u0643\u0627\u0621 \u0627\u0644\u0627\u0635\u0637\u0646\u0627\u0639\u064a \u0639\u0644\u0649 \u062a\u063a\u064a\u064a\u0631 \u0647\u0630\u0627 \u0627\u0644\u0633\u064a\u0646\u0627\u0631\u064a\u0648 \u062a\u0645\u0627\u0645\u064b\u0627. \u0641\u0628\u0627\u0633\u062a\u062e\u062f\u0627\u0645\u0647\u060c \u064a\u0645\u0643\u0646\u0643<\/p>\n<ul data-start=\"1128\" data-end=\"1416\">\n<li data-start=\"1128\" data-end=\"1160\">\n<p data-start=\"1130\" data-end=\"1160\">\u0627\u0644\u062a\u0642\u0627\u0637 \u0627\u0644\u0639\u0645\u0644\u0627\u0621 \u0627\u0644\u0645\u062d\u062a\u0645\u0644\u064a\u0646 \u062a\u0644\u0642\u0627\u0626\u064a\u0627\u064b<\/p>\n<\/li>\n<li data-start=\"1161\" data-end=\"1210\">\n<p data-start=\"1163\" data-end=\"1210\">\u0642\u0645 \u0628\u0631\u0639\u0627\u064a\u0629 \u0647\u0624\u0644\u0627\u0621 \u0627\u0644\u0639\u0645\u0644\u0627\u0621 \u0627\u0644\u0645\u062d\u062a\u0645\u0644\u064a\u0646 \u0628\u0645\u062d\u062a\u0648\u0649 \u0645\u062e\u0635\u0635<\/p>\n<\/li>\n<li data-start=\"1211\" data-end=\"1273\">\n<p data-start=\"1213\" data-end=\"1273\">\u062a\u0623\u0647\u064a\u0644 \u0627\u0644\u062c\u0645\u0647\u0648\u0631 \u0648\u062a\u0642\u0633\u064a\u0645\u0647 \u0639\u0644\u0649 \u0623\u0633\u0627\u0633 \u0627\u0644\u0633\u0644\u0648\u0643\u064a\u0627\u062a<\/p>\n<\/li>\n<li data-start=\"1274\" data-end=\"1355\">\n<p data-start=\"1276\" data-end=\"1355\">\u062c\u062f\u0648\u0644\u0629 \u0627\u0644\u0627\u062c\u062a\u0645\u0627\u0639\u0627\u062a \u0623\u0648 \u0625\u063a\u0644\u0627\u0642 \u0627\u0644\u0645\u0628\u064a\u0639\u0627\u062a \u0645\u0628\u0627\u0634\u0631\u0629\u064b \u0639\u0628\u0631 \u0648\u0627\u062a\u0633\u0627\u0628 \u0623\u0648 \u0627\u0644\u0628\u0631\u064a\u062f \u0627\u0644\u0625\u0644\u0643\u062a\u0631\u0648\u0646\u064a \u0623\u0648 \u0634\u0628\u0643\u0627\u062a \u0627\u0644\u062a\u0648\u0627\u0635\u0644 \u0627\u0644\u0627\u062c\u062a\u0645\u0627\u0639\u064a<\/p>\n<\/li>\n<li data-start=\"1356\" data-end=\"1416\">\n<p data-start=\"1358\" data-end=\"1416\">\u0645\u0631\u0627\u0642\u0628\u0629 \u0623\u062f\u0627\u0621 \u0645\u0633\u0627\u0631 \u0627\u0644\u062a\u062d\u0648\u064a\u0644 \u0648\u062a\u062d\u0633\u064a\u0646\u0647 \u0641\u064a \u0627\u0644\u0648\u0642\u062a \u0627\u0644\u0641\u0639\u0644\u064a<\/p>\n<\/li>\n<\/ul>\n<p data-start=\"1418\" data-end=\"1538\">\u0643\u0644 \u0630\u0644\u0643 \u0628\u0627\u0633\u062a\u062e\u062f\u0627\u0645 \u0623\u062f\u0648\u0627\u062a \u0630\u0643\u064a\u0629 \u062a\u062a\u0639\u0644\u0645 \u0645\u0646 \u0628\u064a\u0627\u0646\u0627\u062a \u0623\u0639\u0645\u0627\u0644\u0643 \u0648\u062a\u062a\u062e\u0630 \u0627\u0644\u0642\u0631\u0627\u0631\u0627\u062a \u0628\u0646\u0627\u0621\u064b \u0639\u0644\u0649 \u0627\u0644\u0646\u062a\u0627\u0626\u062c.<\/p>\n<h2 data-start=\"1540\" data-end=\"1587\">\u0641\u0648\u0627\u0626\u062f \u0623\u062a\u0645\u062a\u0629 \u0645\u0633\u0627\u0631 \u0627\u0644\u062a\u062d\u0648\u064a\u0644 \u0628\u0627\u0633\u062a\u062e\u062f\u0627\u0645 \u0627\u0644\u0630\u0643\u0627\u0621 \u0627\u0644\u0627\u0635\u0637\u0646\u0627\u0639\u064a<\/h2>\n<h3 data-start=\"1589\" data-end=\"1626\">\u0642\u0627\u0628\u0644\u064a\u0629 \u0627\u0644\u062a\u0648\u0633\u0639 \u062f\u0648\u0646 \u062c\u0647\u062f \u0628\u0634\u0631\u064a<\/h3>\n<p data-start=\"1628\" data-end=\"1746\">\u0628\u0627\u0633\u062a\u062e\u062f\u0627\u0645 \u0627\u0644\u0630\u0643\u0627\u0621 \u0627\u0644\u0627\u0635\u0637\u0646\u0627\u0639\u064a\u060c \u064a\u0645\u0643\u0646\u0643 \u062e\u062f\u0645\u0629 \u0645\u0626\u0627\u062a \u0623\u0648 \u062d\u062a\u0649 \u0622\u0644\u0627\u0641 \u0627\u0644\u0623\u0634\u062e\u0627\u0635 \u0641\u064a \u0627\u0644\u0648\u0642\u062a \u0646\u0641\u0633\u0647\u060c \u062f\u0648\u0646 \u0627\u0644\u062d\u0627\u062c\u0629 \u0625\u0644\u0649 \u0627\u0644\u0627\u0639\u062a\u0645\u0627\u062f \u0639\u0644\u0649 \u0641\u0631\u064a\u0642 \u0639\u0645\u0644 \u0643\u0628\u064a\u0631.<\/p>\n<h3 data-start=\"1748\" data-end=\"1779\">\u062a\u0648\u0641\u064a\u0631 \u0627\u0644\u0648\u0642\u062a \u0648\u0627\u0644\u0637\u0627\u0642\u0629<\/h3>\n<p data-start=\"1781\" data-end=\"1909\">\u0642\u0645 \u0628\u0623\u062a\u0645\u062a\u0629 \u0627\u0644\u0645\u0647\u0627\u0645 \u0627\u0644\u0645\u062a\u0643\u0631\u0631\u0629 \u0645\u062b\u0644 \u0627\u0644\u0625\u062c\u0627\u0628\u0629 \u0639\u0644\u0649 \u0627\u0644\u0623\u0633\u0626\u0644\u0629 \u0627\u0644\u0645\u062a\u0643\u0631\u0631\u0629\u060c \u0623\u0648 \u0625\u0631\u0633\u0627\u0644 \u0631\u0633\u0627\u0626\u0644 \u0627\u0644\u0628\u0631\u064a\u062f \u0627\u0644\u0625\u0644\u0643\u062a\u0631\u0648\u0646\u064a\u060c \u0623\u0648 \u062a\u0630\u0643\u064a\u0631 \u0627\u0644\u0623\u0634\u062e\u0627\u0635 \u0628\u0627\u0644\u0627\u062c\u062a\u0645\u0627\u0639\u0627\u062a\u060c \u0623\u0648 \u0627\u0644\u0642\u064a\u0627\u0645 \u0628\u0645\u062a\u0627\u0628\u0639\u0629 \u0627\u0644\u0645\u0628\u064a\u0639\u0627\u062a.<\/p>\n<h3 data-start=\"1911\" data-end=\"1943\">\u0627\u0644\u062a\u062c\u0632\u0626\u0629 \u0648\u0627\u0644\u062a\u062e\u0635\u064a\u0635<\/h3>\n<p data-start=\"1945\" data-end=\"2065\">\u064a\u062a\u0641\u0647\u0645 \u0627\u0644\u0630\u0643\u0627\u0621 \u0627\u0644\u0627\u0635\u0637\u0646\u0627\u0639\u064a \u0633\u0644\u0648\u0643 \u0627\u0644\u0639\u0645\u064a\u0644 \u0627\u0644\u0645\u062d\u062a\u0645\u0644 \u0648\u064a\u0642\u062f\u0645 \u0627\u0644\u0645\u062d\u062a\u0648\u0649 \u0627\u0644\u0645\u0646\u0627\u0633\u0628 \u0641\u064a \u0627\u0644\u0648\u0642\u062a \u0627\u0644\u0645\u0646\u0627\u0633\u0628\u060c \u0645\u0645\u0627 \u064a\u0632\u064a\u062f \u0645\u0646 \u0645\u0639\u062f\u0644 \u0627\u0644\u062a\u062d\u0648\u064a\u0644.<\/p>\n<h3 data-start=\"2067\" data-end=\"2097\">\u0627\u0644\u0642\u0631\u0627\u0631\u0627\u062a \u0627\u0644\u0645\u0633\u062a\u0646\u062f\u0629 \u0625\u0644\u0649 \u0627\u0644\u0628\u064a\u0627\u0646\u0627\u062a<\/h3>\n<p data-start=\"2099\" data-end=\"2209\">\u0633\u062a\u0639\u0631\u0641 \u0628\u0627\u0644\u0636\u0628\u0637 \u0623\u064a\u0646 \u062a\u062e\u0633\u0631 \u0627\u0644\u0645\u0628\u064a\u0639\u0627\u062a \u0648\u064a\u0645\u0643\u0646\u0643 \u0627\u0644\u062a\u0635\u0631\u0641 \u0639\u0644\u0649 \u0623\u0633\u0627\u0633 \u0628\u064a\u0627\u0646\u0627\u062a \u0645\u0644\u0645\u0648\u0633\u0629 \u0648\u0644\u064a\u0633 \u0627\u0641\u062a\u0631\u0627\u0636\u0627\u062a.<\/p>\n<h2 data-start=\"2211\" data-end=\"2239\">\u0644\u0645\u0646 \u0647\u0630\u0647 \u0627\u0644\u062e\u062f\u0645\u0629\u061f<\/h2>\n<p data-start=\"2241\" data-end=\"2300\">\u062a\u064f\u0639\u062f \u062e\u062f\u0645\u0629 \"\u0623\u062a\u0645\u062a\u0629 \u0645\u0633\u0627\u0631 \u0627\u0644\u062a\u062d\u0648\u064a\u0644 \u0628\u0627\u0633\u062a\u062e\u062f\u0627\u0645 \u0627\u0644\u0630\u0643\u0627\u0621 \u0627\u0644\u0627\u0635\u0637\u0646\u0627\u0639\u064a\" \u0645\u062b\u0627\u0644\u064a\u0629 \u0644\u0640<\/p>\n<ul data-start=\"2302\" data-end=\"2661\">\n<li data-start=\"2302\" data-end=\"2381\">\n<p data-start=\"2304\" data-end=\"2381\">\u0627\u0644\u0645\u062f\u0631\u0628\u0648\u0646 \u0648\u0627\u0644\u0645\u0633\u062a\u0634\u0627\u0631\u0648\u0646 \u0627\u0644\u0630\u064a\u0646 \u064a\u0631\u063a\u0628\u0648\u0646 \u0641\u064a \u0628\u064a\u0639 \u0645\u0646\u062a\u062c\u0627\u062a \u0645\u0639\u0644\u0648\u0645\u0627\u062a\u064a\u0629 \u0623\u0648 \u062c\u0644\u0633\u0627\u062a \u0641\u0631\u062f\u064a\u0629<\/p>\n<\/li>\n<li data-start=\"2382\" data-end=\"2452\">\n<p data-start=\"2384\" data-end=\"2452\">\u0627\u0644\u0634\u0631\u0643\u0627\u062a \u0627\u0644\u0645\u062d\u0644\u064a\u0629 \u0627\u0644\u062a\u064a \u062a\u0631\u063a\u0628 \u0641\u064a \u062c\u0630\u0628 \u0627\u0644\u0645\u0632\u064a\u062f \u0645\u0646 \u0627\u0644\u0639\u0645\u0644\u0627\u0621 \u0639\u0628\u0631 \u0634\u0628\u0643\u0627\u062a \u0627\u0644\u062a\u0648\u0627\u0635\u0644 \u0627\u0644\u0627\u062c\u062a\u0645\u0627\u0639\u064a<\/p>\n<\/li>\n<li data-start=\"2453\" data-end=\"2528\">\n<p data-start=\"2455\" data-end=\"2528\">\u0627\u0644\u0645\u062d\u062a\u0631\u0641\u0648\u0646 \u0645\u062b\u0644 \u0627\u0644\u0645\u062d\u0627\u0645\u064a\u0646 \u0648\u0627\u0644\u0645\u062d\u0627\u0633\u0628\u064a\u0646 \u0648\u0627\u0644\u0623\u0637\u0628\u0627\u0621 \u0648\u0627\u0644\u0645\u0639\u0627\u0644\u062c\u064a\u0646 \u0627\u0644\u0646\u0641\u0633\u064a\u064a\u0646<\/p>\n<\/li>\n<li data-start=\"2529\" data-end=\"2587\">\n<p data-start=\"2531\" data-end=\"2587\">\u0627\u0644\u0623\u0639\u0645\u0627\u0644 \u0627\u0644\u062a\u062c\u0627\u0631\u064a\u0629 \u0639\u0628\u0631 \u0627\u0644\u0625\u0646\u062a\u0631\u0646\u062a \u0627\u0644\u062a\u064a \u062a\u0631\u063a\u0628 \u0641\u064a \u0627\u0644\u062a\u0648\u0633\u0639 \u062f\u0648\u0646 \u0632\u064a\u0627\u062f\u0629 \u0639\u062f\u062f \u0627\u0644\u0645\u0648\u0638\u0641\u064a\u0646<\/p>\n<\/li>\n<li data-start=\"2588\" data-end=\"2661\">\n<p data-start=\"2590\" data-end=\"2661\">\u0627\u0644\u0648\u0643\u0627\u0644\u0627\u062a \u0648\u0627\u0644\u0634\u0631\u0643\u0627\u062a \u0627\u0644\u062a\u0627\u0628\u0639\u0629 \u0627\u0644\u062a\u064a \u062a\u062d\u062a\u0627\u062c \u0625\u0644\u0649 \u0645\u0633\u0627\u0631\u0627\u062a \u062a\u062d\u0648\u064a\u0644 \u0630\u0643\u064a\u0629 \u0648\u0642\u0627\u0628\u0644\u0629 \u0644\u0644\u062a\u0643\u0631\u0627\u0631<\/p>\n<\/li>\n<\/ul>\n<p data-start=\"2663\" data-end=\"2761\">\u0625\u0630\u0627 \u0643\u0646\u062a \u062a\u0631\u064a\u062f \u062a\u062d\u0648\u064a\u0644 \u0627\u0644\u0627\u0647\u062a\u0645\u0627\u0645 \u0625\u0644\u0649 \u0645\u0628\u064a\u0639\u0627\u062a \u062a\u0644\u0642\u0627\u0626\u064a\u0627\u064b\u060c \u0641\u0647\u0630\u0647 \u0627\u0644\u062e\u062f\u0645\u0629 \u0645\u0646\u0627\u0633\u0628\u0629 \u0644\u0643.<\/p>\n<h2 data-start=\"2763\" data-end=\"2803\">\u0645\u0627 \u0627\u0644\u0630\u064a \u062a\u062a\u0636\u0645\u0646\u0647 \u062e\u062f\u0645\u062a\u0646\u0627\u061f<\/h2>\n<p data-start=\"2805\" data-end=\"2886\">\u0646\u062d\u0646 \u0646\u0642\u062f\u0645 \u0641\u064a DBS \u062d\u0644\u0627\u064b \u0645\u062e\u0635\u0635\u0627\u064b \u0648\u0645\u062a\u0643\u0627\u0645\u0644\u0627\u064b \u0644\u0623\u0639\u0645\u0627\u0644\u0643. \u0648\u064a\u0634\u0645\u0644 \u0630\u0644\u0643:<\/p>\n<ul data-start=\"2888\" data-end=\"3274\">\n<li data-start=\"2888\" data-end=\"2947\">\n<p data-start=\"2890\" data-end=\"2947\">\u062a\u062e\u0637\u064a\u0637 \u0645\u0633\u0627\u0631 \u0627\u0644\u062a\u062d\u0648\u064a\u0644 \u0627\u0644\u0645\u062b\u0627\u0644\u064a \u0644\u062c\u0645\u0647\u0648\u0631\u0643 \u0648\u0628\u0646\u0627\u0621\u0647<\/p>\n<\/li>\n<li data-start=\"2948\" data-end=\"3035\">\n<p data-start=\"2950\" data-end=\"3035\">\u0627\u0644\u062a\u0643\u0627\u0645\u0644 \u0645\u0639 \u0623\u062f\u0648\u0627\u062a \u0645\u062b\u0644 \u0648\u0627\u062a\u0633\u0627\u0628 \u0648\u0627\u0644\u0628\u0631\u064a\u062f \u0627\u0644\u0625\u0644\u0643\u062a\u0631\u0648\u0646\u064a \u0648\u0631\u0648\u0628\u0648\u062a \u0627\u0644\u062f\u0631\u062f\u0634\u0629 \u0648\u0625\u062f\u0627\u0631\u0629 \u0639\u0644\u0627\u0642\u0627\u062a \u0627\u0644\u0639\u0645\u0644\u0627\u0621 \u0648\u0635\u0641\u062d\u0627\u062a \u0627\u0644\u0627\u0644\u062a\u0642\u0627\u0637<\/p>\n<\/li>\n<li data-start=\"3036\" data-end=\"3094\">\n<p data-start=\"3038\" data-end=\"3094\">\u0625\u0646\u0634\u0627\u0621 \u0631\u0633\u0627\u0626\u0644 \u0648\u062a\u0633\u0644\u0633\u0644\u0627\u062a \u0622\u0644\u064a\u0629 \u0628\u0627\u0633\u062a\u062e\u062f\u0627\u0645 \u0627\u0644\u0630\u0643\u0627\u0621 \u0627\u0644\u0627\u0635\u0637\u0646\u0627\u0639\u064a<\/p>\n<\/li>\n<li data-start=\"3095\" data-end=\"3170\">\n<p data-start=\"3097\" data-end=\"3170\">\u062a\u062f\u0631\u064a\u0628 \u0627\u0644\u0630\u0643\u0627\u0621 \u0627\u0644\u0627\u0635\u0637\u0646\u0627\u0639\u064a \u0639\u0644\u0649 \u0641\u0647\u0645 \u0627\u0644\u0639\u0645\u0644\u0627\u0621 \u0627\u0644\u0645\u062d\u062a\u0645\u0644\u064a\u0646 \u0648\u0627\u0644\u0627\u0633\u062a\u062c\u0627\u0628\u0629 \u0644\u0647\u0645 \u0628\u0634\u0643\u0644 \u0637\u0628\u064a\u0639\u064a<\/p>\n<\/li>\n<li data-start=\"3171\" data-end=\"3216\">\n<p data-start=\"3173\" data-end=\"3216\">\u0627\u062e\u062a\u0628\u0627\u0631 A\/B \u0648\u0627\u0644\u062a\u062d\u0633\u064a\u0646 \u0627\u0644\u0645\u0633\u062a\u0645\u0631 \u0644\u0645\u0633\u0627\u0631 \u0627\u0644\u062a\u062d\u0648\u064a\u0644<\/p>\n<\/li>\n<li data-start=\"3217\" data-end=\"3274\">\n<p data-start=\"3219\" data-end=\"3274\">\u0627\u0644\u062a\u0642\u0627\u0631\u064a\u0631 \u0648\u0644\u0648\u062d\u0627\u062a \u0627\u0644\u0645\u0639\u0644\u0648\u0645\u0627\u062a \u0644\u0631\u0635\u062f \u0627\u0644\u0646\u062a\u0627\u0626\u062c<\/p>\n<\/li>\n<\/ul>\n<p data-start=\"3276\" data-end=\"3361\">\u0644\u0633\u062a \u0628\u062d\u0627\u062c\u0629 \u0625\u0644\u0649 \u0641\u0647\u0645 \u0627\u0644\u062a\u0643\u0646\u0648\u0644\u0648\u062c\u064a\u0627 \u0623\u0648 \u0627\u0644\u062a\u0633\u0648\u064a\u0642. \u0633\u0646\u0647\u062a\u0645 \u0628\u0643\u0644 \u0634\u064a\u0621 \u0645\u0646 \u0623\u062c\u0644\u0643.<\/p>\n<h2 data-start=\"3363\" data-end=\"3389\">\u0644\u0645\u0627\u0630\u0627 \u062a\u062e\u062a\u0627\u0631 DBS\u061f<\/h2>\n<p data-start=\"3391\" data-end=\"3536\">\u0646\u062d\u0646 \u0648\u0643\u0627\u0644\u0629 \u0645\u062a\u062e\u0635\u0635\u0629 \u0641\u064a \u0627\u0644\u062a\u0633\u0648\u064a\u0642 \u0627\u0644\u0631\u0642\u0645\u064a \u0648\u062d\u0644\u0648\u0644 \u0627\u0644\u0630\u0643\u0627\u0621 \u0627\u0644\u0627\u0635\u0637\u0646\u0627\u0639\u064a\u060c \u0645\u0639 \u0627\u0644\u062a\u0631\u0643\u064a\u0632 \u0639\u0644\u0649 \u062a\u062d\u0642\u064a\u0642 \u0646\u062a\u0627\u0626\u062c \u062d\u0642\u064a\u0642\u064a\u0629 \u0644\u0631\u0648\u0627\u062f \u0627\u0644\u0623\u0639\u0645\u0627\u0644 \u0648\u0627\u0644\u0634\u0631\u0643\u0627\u062a \u0627\u0644\u0628\u0631\u0627\u0632\u064a\u0644\u064a\u0629.<\/p>\n<p data-start=\"3538\" data-end=\"3693\">\u0628\u0641\u0636\u0644 \u062e\u0628\u0631\u062a\u0646\u0627 \u0627\u0644\u0639\u0645\u0644\u064a\u0629 \u0648\u0623\u062f\u0648\u0627\u062a\u0646\u0627 \u0627\u0644\u062a\u064a \u062a\u0645 \u0627\u062e\u062a\u0628\u0627\u0631\u0647\u0627 \u0641\u064a \u0627\u0644\u0633\u0648\u0642\u060c \u0646\u0644\u062a\u0632\u0645 \u0628\u062a\u0628\u0633\u064a\u0637 \u0639\u0645\u0644\u064a\u0629 \u0627\u0644\u0628\u064a\u0639 \u0648\u0632\u064a\u0627\u062f\u0629 \u0645\u0628\u064a\u0639\u0627\u062a\u0643 \u0628\u0627\u0644\u0630\u0643\u0627\u0621.<\/p>\n<h2 data-start=\"3695\" data-end=\"3733\">\u0634\u0647\u0627\u062f\u0627\u062a \u0645\u0646 \u0627\u0644\u0639\u0645\u0644\u0627\u0621 \u0627\u0644\u0631\u0627\u0636\u064a\u0646<\/h2>\n<p data-start=\"3735\" data-end=\"3936\">\"\u0628\u0639\u062f \u0623\u0646 \u0642\u0645\u062a\u064f \u0628\u0623\u062a\u0645\u062a\u0629 \u0645\u0633\u0627\u0631 \u0627\u0644\u062a\u062d\u0648\u064a\u0644 \u0627\u0644\u062e\u0627\u0635 \u0628\u064a \u0628\u0627\u0633\u062a\u062e\u062f\u0627\u0645 DBS\u060c \u0628\u062f\u0623 \u0627\u0644\u0639\u0645\u0644\u0627\u0621 \u0627\u0644\u0645\u062d\u062a\u0645\u0644\u0648\u0646 \u064a\u0635\u0644\u0648\u0646 \u0625\u0644\u064a\u0651 \u0643\u0644 \u064a\u0648\u0645\u060c \u0648\u0623\u0635\u0628\u062d\u062a\u064f \u0642\u0627\u062f\u0631\u064b\u0627 \u0639\u0644\u0649 \u0625\u063a\u0644\u0627\u0642 \u0627\u0644\u0639\u0645\u0644\u0627\u0621 \u062d\u062a\u0649 \u0639\u0646\u062f\u0645\u0627 \u0623\u0643\u0648\u0646 \u0641\u064a \u0627\u062c\u062a\u0645\u0627\u0639\u0627\u062a \u0623\u0648 \u0641\u064a \u0641\u062a\u0631\u0629 \u0631\u0627\u062d\u0629.\"<br data-start=\"3898\" data-end=\"3901\" \/>- \u0622\u0646\u0627 \u0628\u0648\u0644\u0627\u060c \u0645\u0633\u062a\u0634\u0627\u0631\u0629 \u0627\u0644\u062a\u0648\u0638\u064a\u0641<\/p>\n<p data-start=\"3938\" data-end=\"4124\">\"\u0648\u0641\u0651\u0631\u062a \u0639\u0644\u064a\u0651 \u062e\u062f\u0645\u0629 \u0627\u0644\u0639\u0645\u0644\u0627\u0621 \u0627\u0644\u0622\u0644\u064a\u0629 \u0628\u0627\u0633\u062a\u062e\u062f\u0627\u0645 \u0627\u0644\u0630\u0643\u0627\u0621 \u0627\u0644\u0627\u0635\u0637\u0646\u0627\u0639\u064a \u0623\u0643\u062b\u0631 \u0645\u0646 10 \u0633\u0627\u0639\u0627\u062a \u0623\u0633\u0628\u0648\u0639\u064a\u0627\u064b. \u0648\u0627\u0644\u0622\u0646 \u064a\u0645\u0643\u0646\u0646\u064a \u0627\u0644\u062a\u0631\u0643\u064a\u0632 \u0639\u0644\u0649 \u0645\u0627 \u064a\u0647\u0645\u0646\u064a \u062d\u0642\u0627\u064b: \u062e\u062f\u0645\u0629 \u0639\u0645\u0644\u0627\u0626\u064a.\"<br data-start=\"4085\" data-end=\"4088\" \/>- \u062c\u0648\u0627\u0648 \u0631\u064a\u0643\u0627\u0631\u062f\u0648\u060c \u0645\u062d\u0627\u0645\u064a \u0623\u0639\u0645\u0627\u0644<\/p>\n<h2 data-start=\"4126\" data-end=\"4169\">\u062d\u0627\u0646 \u062f\u0648\u0631\u0643 \u0641\u064a \u0627\u0644\u0628\u064a\u0639 \u0627\u0644\u062a\u0644\u0642\u0627\u0626\u064a<\/h2>\n<p data-start=\"4171\" data-end=\"4316\">\u062a\u062e\u064a\u0644 \u0627\u0644\u0627\u0633\u062a\u064a\u0642\u0627\u0638 \u0639\u0644\u0649 \u0631\u0633\u0627\u0626\u0644 \u0645\u0646 \u0639\u0645\u0644\u0627\u0621 \u0645\u062d\u062a\u0645\u0644\u064a\u0646 \u062c\u062f\u062f \u0645\u0647\u062a\u0645\u064a\u0646 \u0628\u062e\u062f\u0645\u062a\u0643. \u0623\u0648 \u0625\u0646\u0647\u0627\u0621 \u0627\u0644\u0634\u0647\u0631 \u0628\u0645\u0628\u064a\u0639\u0627\u062a \u0645\u0636\u0627\u0639\u0641\u0629 \u062f\u0648\u0646 \u0627\u0644\u062d\u0627\u062c\u0629 \u0625\u0644\u0649 \u0627\u0644\u0639\u0645\u0644 \u0628\u062c\u0647\u062f \u0645\u0636\u0627\u0639\u0641.<\/p>\n<p data-start=\"4318\" data-end=\"4388\">\u0647\u0630\u0627 \u0644\u064a\u0633 \u062d\u0638\u0627\u064b. \u0625\u0646\u0647\u0627 \u0627\u0633\u062a\u0631\u0627\u062a\u064a\u062c\u064a\u0629 \u0627\u0644\u0630\u0643\u0627\u0621 \u0627\u0644\u0627\u0635\u0637\u0646\u0627\u0639\u064a \u0627\u0644\u0645\u0637\u0628\u0642\u0629 \u0639\u0644\u0649 \u0645\u0633\u0627\u0631 \u0645\u0628\u064a\u0639\u0627\u062a\u0643.<\/p>\n<p data-start=\"4390\" data-end=\"4534\">\u0627\u0646\u0642\u0631 \u0639\u0644\u0649 \u0627\u0644\u0632\u0631 \u0623\u062f\u0646\u0627\u0647 \u0648\u0627\u062d\u062c\u0632 \u0639\u0631\u0636\u0627\u064b \u062a\u0648\u0636\u064a\u062d\u064a\u0627\u064b \u0645\u062c\u0627\u0646\u0627\u064b.<br data-start=\"4448\" data-end=\"4451\" \/>\u0633\u0646\u0648\u0636\u062d \u0644\u0643 \u0639\u0645\u0644\u064a\u0627\u064b \u0643\u064a\u0641\u064a\u0629 \u0623\u062a\u0645\u062a\u0629 \u0645\u0633\u0627\u0631 \u0627\u0644\u062a\u062d\u0648\u064a\u0644 \u0648\u062a\u062d\u0648\u064a\u0644 \u0639\u0645\u0644\u0643 \u0627\u0644\u062a\u062c\u0627\u0631\u064a.<\/p>\n<h3 data-start=\"4536\" data-end=\"4624\"><a class=\"cursor-pointer\" href=\"https:\/\/bit.ly\/WhatsApp-DBS\" rel=\"\" data-start=\"4540\" data-end=\"4624\">\u0623\u0631\u064a\u062f \u0623\u062a\u0645\u062a\u0629 \u0645\u0633\u0627\u0631 \u0627\u0644\u062a\u062d\u0648\u064a\u0644 \u0627\u0644\u0622\u0646<\/a><\/h3>","protected":false},"excerpt":{"rendered":"<p>Automatize Seu Funil com a IA e Venda Todos os Dias no Piloto Autom\u00e1tico Voc\u00ea j\u00e1 imaginou transformar visitantes em clientes fi\u00e9is sem precisar estar online o tempo todo? Com a automa\u00e7\u00e3o de funil utilizando Intelig\u00eancia Artificial (IA), isso n\u00e3o s\u00f3 \u00e9 poss\u00edvel \u2014 \u00e9 o novo padr\u00e3o para neg\u00f3cios inteligentes que querem escalar sem [&hellip;]<\/p>\n","protected":false},"author":3,"featured_media":0,"parent":0,"menu_order":0,"comment_status":"closed","ping_status":"closed","template":"","meta":{"_et_pb_use_builder":"","_et_pb_old_content":"","_et_gb_content_width":"","_monsterinsights_skip_tracking":false,"_monsterinsights_sitenote_active":false,"_monsterinsights_sitenote_note":"","_monsterinsights_sitenote_category":0,"slim_seo":{"title":"Automatize Seu Funil com a IA - Digital Business Solutions","description":"Automatize Seu Funil com a IA e Venda Todos os Dias no Piloto Autom\u00e1tico Voc\u00ea j\u00e1 imaginou transformar visitantes em clientes fi\u00e9is sem precisar estar online o t"},"footnotes":""},"class_list":["post-205987","page","type-page","status-publish","hentry"],"_links":{"self":[{"href":"https:\/\/digitalbusiness-solutions.com.br\/ar\/wp-json\/wp\/v2\/pages\/205987","targetHints":{"allow":["GET"]}}],"collection":[{"href":"https:\/\/digitalbusiness-solutions.com.br\/ar\/wp-json\/wp\/v2\/pages"}],"about":[{"href":"https:\/\/digitalbusiness-solutions.com.br\/ar\/wp-json\/wp\/v2\/types\/page"}],"author":[{"embeddable":true,"href":"https:\/\/digitalbusiness-solutions.com.br\/ar\/wp-json\/wp\/v2\/users\/3"}],"replies":[{"embeddable":true,"href":"https:\/\/digitalbusiness-solutions.com.br\/ar\/wp-json\/wp\/v2\/comments?post=205987"}],"version-history":[{"count":1,"href":"https:\/\/digitalbusiness-solutions.com.br\/ar\/wp-json\/wp\/v2\/pages\/205987\/revisions"}],"predecessor-version":[{"id":205988,"href":"https:\/\/digitalbusiness-solutions.com.br\/ar\/wp-json\/wp\/v2\/pages\/205987\/revisions\/205988"}],"wp:attachment":[{"href":"https:\/\/digitalbusiness-solutions.com.br\/ar\/wp-json\/wp\/v2\/media?parent=205987"}],"curies":[{"name":"\u062f\u0628\u0644\u064a\u0648 \u0628\u064a","href":"https:\/\/api.w.org\/{rel}","templated":true}]}}