{"id":205948,"date":"2025-07-22T17:11:48","date_gmt":"2025-07-22T20:11:48","guid":{"rendered":"https:\/\/digitalbusiness-solutions.com.br\/?page_id=205948"},"modified":"2025-07-23T12:17:04","modified_gmt":"2025-07-23T15:17:04","slug":"criacao-de-conteudo-com-inteligencia-artificial","status":"publish","type":"page","link":"https:\/\/digitalbusiness-solutions.com.br\/ar\/criacao-de-conteudo-com-inteligencia-artificial\/","title":{"rendered":"\u0625\u0646\u0634\u0627\u0621 \u0627\u0644\u0645\u062d\u062a\u0648\u0649 \u0628\u0627\u0633\u062a\u062e\u062f\u0627\u0645 \u0627\u0644\u0630\u0643\u0627\u0621 \u0627\u0644\u0627\u0635\u0637\u0646\u0627\u0639\u064a"},"content":{"rendered":"<p>&nbsp;<\/p>\n<h2>\u0625\u0646\u0634\u0627\u0621 \u0645\u062d\u062a\u0648\u0649 \u062c\u0627\u0647\u0632 \u0644\u0643<\/h2>\n<p>\u0627\u0644\u0646\u0635\u0648\u0635 \u0648\u0627\u0644\u0635\u0648\u0631 \u0648\u0645\u0642\u0627\u0637\u0639 \u0627\u0644\u0641\u064a\u062f\u064a\u0648 \u0648\u0627\u0644\u0645\u0646\u0634\u0648\u0631\u0627\u062a \u0639\u0644\u0649 Instagram \u0648LinkedIn \u0648WhatsApp \u0648\u063a\u064a\u0631 \u0630\u0644\u0643 \u0627\u0644\u0643\u062b\u064a\u0631<\/p>\n<p>\u064a\u0639\u0645\u0644 \u0627\u0644\u0630\u0643\u0627\u0621 \u0627\u0644\u0627\u0635\u0637\u0646\u0627\u0639\u064a (AI) \u0639\u0644\u0649 \u062a\u063a\u064a\u064a\u0631 \u0627\u0644\u062a\u0633\u0648\u064a\u0642 \u0627\u0644\u0631\u0642\u0645\u064a \u0648\u0625\u0646\u0634\u0627\u0621 \u0627\u0644\u0645\u062d\u062a\u0648\u0649. \u0641\u0628\u0627\u0633\u062a\u062e\u062f\u0627\u0645 \u0627\u0644\u0623\u062f\u0648\u0627\u062a \u0627\u0644\u0645\u0646\u0627\u0633\u0628\u0629\u060c \u0623\u0635\u0628\u062d \u0645\u0646 \u0627\u0644\u0645\u0645\u0643\u0646 \u0625\u0646\u062a\u0627\u062c \u0645\u0648\u0627\u062f \u0627\u062d\u062a\u0631\u0627\u0641\u064a\u0629 \u0628\u0633\u0631\u0639\u0629 \u0648\u062c\u0648\u062f\u0629 \u0648\u0643\u0641\u0627\u0621\u0629. \u0641\u064a DBS\u060c \u0646\u0642\u062f\u0645 \u0641\u064a DBS \u062e\u062f\u0645\u0629 \u0643\u0627\u0645\u0644\u0629 \u0644\u0625\u0646\u0634\u0627\u0621 \u0645\u062d\u062a\u0648\u0649 \u0627\u0644\u0630\u0643\u0627\u0621 \u0627\u0644\u0627\u0635\u0637\u0646\u0627\u0639\u064a\u060c \u0633\u0648\u0627\u0621 \u0644\u0623\u0648\u0644\u0626\u0643 \u0627\u0644\u0630\u064a\u0646 \u064a\u0631\u063a\u0628\u0648\u0646 \u0641\u064a \u062a\u0641\u0648\u064a\u0636 \u0647\u0630\u0647 \u0627\u0644\u0645\u0647\u0645\u0629 \u0623\u0648 \u0644\u0623\u0648\u0644\u0626\u0643 \u0627\u0644\u0630\u064a\u0646 \u064a\u0631\u063a\u0628\u0648\u0646 \u0641\u064a \u062a\u0639\u0644\u0645 \u0643\u064a\u0641\u064a\u0629 \u0625\u062a\u0642\u0627\u0646 \u0647\u0630\u0647 \u0627\u0644\u062a\u0643\u0646\u0648\u0644\u0648\u062c\u064a\u0627.<\/p>\n<p>\u062a\u062a\u0645\u062b\u0644 \u0645\u0647\u0645\u062a\u0646\u0627 \u0641\u064a \u0645\u0633\u0627\u0639\u062f\u0629 \u0631\u0648\u0627\u062f \u0627\u0644\u0623\u0639\u0645\u0627\u0644 \u0648\u0627\u0644\u0634\u0631\u0643\u0627\u062a \u0639\u0644\u0649 \u0627\u0644\u062a\u0645\u064a\u0632 \u0639\u0644\u0649 \u0627\u0644\u0634\u0628\u0643\u0627\u062a \u0627\u0644\u0627\u062c\u062a\u0645\u0627\u0639\u064a\u0629 \u0648\u0627\u0644\u0625\u0646\u062a\u0631\u0646\u062a\u060c \u0628\u0627\u0633\u062a\u062e\u062f\u0627\u0645 \u0642\u0648\u0629 \u0627\u0644\u0630\u0643\u0627\u0621 \u0627\u0644\u0627\u0635\u0637\u0646\u0627\u0639\u064a \u0644\u0625\u0646\u0634\u0627\u0621 \u0645\u062d\u062a\u0648\u0649 \u064a\u062c\u0630\u0628 \u0627\u0644\u0627\u0646\u062a\u0628\u0627\u0647 \u0648\u064a\u0648\u0641\u0631 \u0627\u0644\u0645\u0639\u0644\u0648\u0645\u0627\u062a \u0648\u064a\u062d\u0642\u0642 \u0646\u062a\u0627\u0626\u062c \u062d\u0642\u064a\u0642\u064a\u0629.<\/p>\n<h2>\u0645\u0627 \u0646\u0642\u062f\u0645\u0647<\/h2>\n<p>\u0625\u0630\u0627 \u0644\u0645 \u064a\u0643\u0646 \u0644\u062f\u064a\u0643 \u0627\u0644\u0648\u0642\u062a \u0623\u0648 \u0627\u0644\u0641\u0631\u064a\u0642 \u0627\u0644\u0644\u0627\u0632\u0645 \u0644\u0644\u0625\u0646\u062a\u0627\u062c\u060c \u0641\u0633\u0646\u0642\u0648\u0645 \u0628\u0643\u0644 \u0634\u064a\u0621 \u0645\u0646 \u0623\u062c\u0644\u0643. \u0646\u062d\u0646 \u0646\u0642\u062f\u0645\u0647\u0627:<\/p>\n<ul>\n<li>\u0646\u0635\u0648\u0635 \u0644\u0644\u0634\u0628\u0643\u0627\u062a \u0627\u0644\u0627\u062c\u062a\u0645\u0627\u0639\u064a\u0629 \u0623\u0648 \u0645\u0642\u0627\u0644\u0627\u062a \u0627\u0644\u0645\u062f\u0648\u0646\u0627\u062a \u0623\u0648 \u0631\u0633\u0627\u0626\u0644 \u0627\u0644\u0628\u0631\u064a\u062f \u0627\u0644\u0625\u0644\u0643\u062a\u0631\u0648\u0646\u064a \u0623\u0648 \u0646\u0635\u0648\u0635 \u0627\u0644\u0641\u064a\u062f\u064a\u0648<\/li>\n<li>\u0635\u0648\u0631 \u062a\u0645 \u0625\u0646\u0634\u0627\u0624\u0647\u0627 \u0628\u0627\u0644\u0630\u0643\u0627\u0621 \u0627\u0644\u0627\u0635\u0637\u0646\u0627\u0639\u064a \u0628\u062a\u0635\u0645\u064a\u0645 \u062c\u0630\u0627\u0628<\/li>\n<li>\u0645\u0642\u0627\u0637\u0639 \u0641\u064a\u062f\u064a\u0648 \u0645\u0639 \u0635\u0648\u0631 \u0631\u0645\u0632\u064a\u0629 \u0644\u0644\u0630\u0643\u0627\u0621 \u0627\u0644\u0627\u0635\u0637\u0646\u0627\u0639\u064a \u0648\u0633\u0631\u062f \u0627\u062d\u062a\u0631\u0627\u0641\u064a \u0628\u0639\u062f\u0629 \u0644\u063a\u0627\u062a<\/li>\n<li>\u062a\u0633\u0644\u0633\u0644 \u0627\u0644\u0645\u0646\u0634\u0648\u0631\u0627\u062a \u0645\u0639 \u0633\u0631\u062f \u0627\u0644\u0642\u0635\u0635 \u0648\u0627\u0644\u062f\u0639\u0648\u0627\u062a \u0627\u0644\u0627\u0633\u062a\u0631\u0627\u062a\u064a\u062c\u064a\u0629 \u0644\u0644\u0639\u0645\u0644<\/li>\n<\/ul>\n<p>\u0645\u062b\u0627\u0644\u064a \u0644\u0631\u0648\u0627\u062f \u0627\u0644\u0623\u0639\u0645\u0627\u0644\u060c \u0648\u0645\u0646\u062a\u062c\u064a \u0627\u0644\u0645\u0639\u0644\u0648\u0645\u0627\u062a\u060c \u0648\u0627\u0644\u0627\u0633\u062a\u0634\u0627\u0631\u064a\u064a\u0646\u060c \u0648\u0627\u0644\u0648\u0643\u0627\u0644\u0627\u062a\u060c \u0648\u0627\u0644\u0639\u0627\u0645\u0644\u064a\u0646 \u0627\u0644\u0645\u0633\u062a\u0642\u0644\u064a\u0646 \u0627\u0644\u0630\u064a\u0646 \u064a\u0631\u063a\u0628\u0648\u0646 \u0641\u064a \u0627\u0644\u0627\u062a\u0633\u0627\u0642 \u0648\u0627\u0644\u062c\u0648\u062f\u0629.<\/p>\n<h3>\u0627\u0644\u062a\u062f\u0631\u064a\u0628 \u0648\u0627\u0644\u0645\u062a\u0627\u0628\u0639\u0629<\/h3>\n<p>\u0625\u0630\u0627 \u0643\u0646\u062a \u062a\u0631\u064a\u062f \u0623\u0646 \u062a\u062a\u0639\u0644\u0645 \u0643\u064a\u0641\u064a\u0629 \u0625\u0646\u0634\u0627\u0621 \u0645\u062d\u062a\u0648\u0649 \u0628\u0627\u0633\u062a\u062e\u062f\u0627\u0645 \u0627\u0644\u0630\u0643\u0627\u0621 \u0627\u0644\u0627\u0635\u0637\u0646\u0627\u0639\u064a \u0628\u0646\u0641\u0633\u0643\u060c \u0641\u0644\u062f\u064a\u0646\u0627 \u0645\u0627 \u062a\u062d\u062a\u0627\u062c \u0625\u0644\u064a\u0647:<\/p>\n<ul>\n<li>\u062a\u062f\u0631\u064a\u0628 ChatGPT \u0644\u062a\u0648\u0644\u064a\u062f \u0627\u0644\u0646\u0635\u0648\u0635 \u0648\u0623\u0641\u0643\u0627\u0631 \u0627\u0644\u0645\u062d\u062a\u0648\u0649<\/li>\n<li>\u0645\u0642\u062f\u0645\u0629 \u0639\u0645\u0644\u064a\u0629 \u0644\u0623\u062f\u0648\u0627\u062a \u0627\u0644\u0630\u0643\u0627\u0621 \u0627\u0644\u0627\u0635\u0637\u0646\u0627\u0639\u064a \u0627\u0644\u0645\u0631\u0626\u064a \u0645\u062b\u0644 Midjourney \u0648 Canva AI<\/li>\n<li>\u0625\u0646\u062a\u0627\u062c \u0627\u0644\u0641\u064a\u062f\u064a\u0648 \u0628\u0627\u0633\u062a\u062e\u062f\u0627\u0645 \u0627\u0644\u0630\u0643\u0627\u0621 \u0627\u0644\u0627\u0635\u0637\u0646\u0627\u0639\u064a (HeyGen\u060c \u0628\u064a\u0643\u062a\u0648\u0631\u064a\u060c \u0625\u0644\u062e)<\/li>\n<li>\u062a\u0642\u0646\u064a\u0627\u062a \u0627\u0644\u0645\u0637\u0627\u0644\u0628\u0629 \u0628\u0627\u0644\u0646\u062a\u0627\u0626\u062c \u0627\u0644\u0645\u062d\u0633\u0651\u0646\u0629<\/li>\n<\/ul>\n<p>\u0628\u0639\u062f \u0627\u0644\u062a\u062f\u0631\u064a\u0628\u060c \u0633\u062a\u062a\u0645\u0643\u0646 \u0645\u0646 \u0625\u0646\u0634\u0627\u0621 \u0645\u062d\u062a\u0648\u0649 \u0628\u0645\u0639\u0627\u064a\u064a\u0631 \u0627\u062d\u062a\u0631\u0627\u0641\u064a\u0629\u060c \u0645\u0645\u0627 \u064a\u0642\u0644\u0644 \u0645\u0646 \u0627\u0644\u0648\u0642\u062a \u0648\u0627\u0644\u062a\u0643\u0627\u0644\u064a\u0641.<\/p>\n<h2>\u0644\u0645\u0646 \u0647\u0630\u0647 \u0627\u0644\u062e\u062f\u0645\u0629<\/h2>\n<ul>\n<li>\u0627\u0644\u0634\u0631\u0643\u0627\u062a \u0627\u0644\u0635\u063a\u064a\u0631\u0629 \u0648\u0627\u0644\u0634\u0631\u0643\u0627\u062a \u0627\u0644\u0645\u062d\u0644\u064a\u0629 \u0627\u0644\u062a\u064a \u062a\u062d\u062a\u0627\u062c \u0625\u0644\u0649 \u062a\u0646\u0645\u064a\u0629 \u0634\u0628\u0643\u0627\u062a\u0647\u0627<\/li>\n<li>\u0627\u0644\u0645\u0647\u0646\u064a\u0648\u0646 \u0627\u0644\u0630\u064a\u0646 \u064a\u0639\u0645\u0644\u0648\u0646 \u0644\u062d\u0633\u0627\u0628\u0647\u0645 \u0627\u0644\u062e\u0627\u0635 \u0645\u062b\u0644 \u0627\u0644\u0645\u062f\u0631\u0628\u064a\u0646 \u0648\u0627\u0644\u0623\u062e\u0635\u0627\u0626\u064a\u064a\u0646 \u0627\u0644\u0646\u0641\u0633\u064a\u064a\u0646 \u0648\u0623\u062e\u0635\u0627\u0626\u064a\u064a \u0627\u0644\u062a\u063a\u0630\u064a\u0629<\/li>\n<li>\u0627\u0644\u0648\u0643\u0627\u0644\u0627\u062a \u0648\u0627\u0644\u0639\u0627\u0645\u0644\u0648\u0646 \u0627\u0644\u0645\u0633\u062a\u0642\u0644\u0648\u0646 \u0627\u0644\u0630\u064a\u0646 \u064a\u0631\u063a\u0628\u0648\u0646 \u0641\u064a \u062a\u0633\u0631\u064a\u0639 \u0625\u0646\u062a\u0627\u062c\u0647\u0645<\/li>\n<li>\u0645\u0646\u0634\u0626\u0648 \u0627\u0644\u0645\u062d\u062a\u0648\u0649 \u0627\u0644\u0630\u064a\u0646 \u064a\u0631\u063a\u0628\u0648\u0646 \u0641\u064a \u062a\u0648\u0633\u064a\u0639 \u0646\u0637\u0627\u0642 \u0648\u062c\u0648\u062f\u0647\u0645 \u0627\u0644\u0631\u0642\u0645\u064a<\/li>\n<li>\u0641\u0631\u0642 \u0627\u0644\u062a\u0633\u0648\u064a\u0642 \u0627\u0644\u062a\u064a \u062a\u0628\u062d\u062b \u0639\u0646 \u0627\u0644\u0627\u0628\u062a\u0643\u0627\u0631 \u0648\u0627\u0644\u0625\u0646\u062a\u0627\u062c\u064a\u0629<\/li>\n<\/ul>\n<h2>\u0627\u0644\u0642\u0646\u0648\u0627\u062a \u0648\u0627\u0644\u0623\u0634\u0643\u0627\u0644 \u0627\u0644\u062a\u064a \u0646\u062e\u062f\u0645\u0647\u0627<\/h2>\n<ul>\n<li>\u0625\u0646\u0633\u062a\u063a\u0631\u0627\u0645: \u062f\u0648\u0651\u0627\u0631\u0627\u062a \u0648\u0645\u0642\u0627\u0637\u0639 \u0641\u064a\u062f\u064a\u0648 \u0642\u0635\u064a\u0631\u0629 \u0648\u0646\u0635\u0648\u0635 \u062c\u0630\u0627\u0628\u0629<\/li>\n<li>\u0644\u064a\u0646\u0643\u062f \u0625\u0646: \u0627\u0644\u0645\u0646\u0634\u0648\u0631\u0627\u062a \u0627\u0644\u0645\u0631\u062c\u0639\u064a\u0629\u060c \u0648\u0627\u0644\u0645\u0642\u0627\u0644\u0627\u062a \u0627\u0644\u062a\u0642\u0646\u064a\u0629 \u0648\u062a\u062d\u062f\u064a\u062f \u0627\u0644\u0645\u0648\u0627\u0642\u0639<\/li>\n<li>\u0648\u0627\u062a\u0633\u0627\u0628 \u0644\u0644\u0623\u0639\u0645\u0627\u0644: \u0627\u0644\u0631\u0633\u0627\u0626\u0644 \u0627\u0644\u0625\u0639\u0644\u0627\u0645\u064a\u0629 \u0648\u062d\u0645\u0644\u0627\u062a \u0627\u0644\u0639\u0644\u0627\u0642\u0627\u062a<\/li>\n<li>YouTube Shorts \u0648TikTok: \u0645\u0642\u0627\u0637\u0639 \u0641\u064a\u062f\u064a\u0648 \u0628\u0646\u0635\u0648\u0635 \u0625\u0628\u062f\u0627\u0639\u064a\u0629 \u0645\u0646 \u0625\u0646\u0634\u0627\u0621 \u0627\u0644\u0630\u0643\u0627\u0621 \u0627\u0644\u0627\u0635\u0637\u0646\u0627\u0639\u064a<\/li>\n<li>\u0627\u0644\u062a\u0633\u0648\u064a\u0642 \u0639\u0628\u0631 \u0627\u0644\u0628\u0631\u064a\u062f \u0627\u0644\u0625\u0644\u0643\u062a\u0631\u0648\u0646\u064a: \u0627\u0644\u062d\u0645\u0644\u0627\u062a \u0630\u0627\u062a \u0627\u0644\u0646\u0635\u0648\u0635 \u0627\u0644\u0645\u0642\u0646\u0639\u0629 \u0648\u0627\u0644\u062a\u062c\u0632\u0626\u0629 \u0627\u0644\u0630\u0643\u064a\u0629<\/li>\n<\/ul>\n<h2>\u0645\u0632\u0627\u064a\u0627 \u0625\u0646\u0634\u0627\u0621 \u0627\u0644\u0645\u062d\u062a\u0648\u0649 \u0628\u0627\u0633\u062a\u062e\u062f\u0627\u0645 \u0627\u0644\u0630\u0643\u0627\u0621 \u0627\u0644\u0627\u0635\u0637\u0646\u0627\u0639\u064a<\/h2>\n<ul>\n<li>\u062a\u0648\u0641\u064a\u0631 \u0627\u0644\u0648\u0642\u062a \u0648\u0627\u0644\u0645\u0648\u0627\u0631\u062f<\/li>\n<li>\u0627\u0644\u0645\u0639\u0627\u064a\u064a\u0631 \u0627\u0644\u0628\u0635\u0631\u064a\u0629 \u0648\u0627\u0644\u0646\u0635\u064a\u0629 \u0627\u0644\u0627\u062d\u062a\u0631\u0627\u0641\u064a\u0629<\/li>\n<li>\u0625\u0646\u0634\u0627\u0621 \u0645\u062d\u062a\u0648\u0649 \u0628\u0639\u062f\u0629 \u0644\u063a\u0627\u062a<\/li>\n<li>\u0625\u0645\u0643\u0627\u0646\u064a\u0629 \u0627\u0644\u062a\u0634\u063a\u064a\u0644 \u0627\u0644\u0622\u0644\u064a \u0648\u0642\u0627\u0628\u0644\u064a\u0629 \u0627\u0644\u062a\u0648\u0633\u0639<\/li>\n<li>\u0645\u062d\u062a\u0648\u0649 \u0645\u062e\u0635\u0635 \u0644\u0643\u0644 \u0642\u0646\u0627\u0629 \u0639\u0644\u0649 \u062d\u062f\u0629<\/li>\n<li>\u0646\u062a\u0627\u0626\u062c \u0642\u0627\u0628\u0644\u0629 \u0644\u0644\u0642\u064a\u0627\u0633 \u0648\u0627\u0644\u062a\u0643\u064a\u0641<\/li>\n<\/ul>\n<h2>\u0643\u064a\u0641 \u062a\u0639\u0645\u0644<\/h2>\n<ol>\n<li>\u0646\u062d\u0646 \u0646\u062a\u0641\u0647\u0645 \u062c\u0645\u0647\u0648\u0631\u0643 \u0648\u0623\u0647\u062f\u0627\u0641\u0643<\/li>\n<li>\u0646\u062e\u062a\u0627\u0631 \u0623\u0641\u0636\u0644 \u0627\u0644\u0623\u062f\u0648\u0627\u062a \u0648\u0627\u0644\u0627\u0633\u062a\u0631\u0627\u062a\u064a\u062c\u064a\u0627\u062a<\/li>\n<li>\u0646\u0642\u0648\u0645 \u0628\u0625\u0646\u0634\u0627\u0621 \u0648\u062a\u0642\u062f\u064a\u0645 \u0645\u062d\u062a\u0648\u0649 \u062c\u0627\u0647\u0632 \u0644\u0644\u0646\u0634\u0631<\/li>\n<li>\u0646\u0631\u0627\u0642\u0628 \u0627\u0644\u0646\u062a\u0627\u0626\u062c \u0648\u0646\u0642\u062a\u0631\u062d \u062a\u062d\u0633\u064a\u0646\u0627\u062a<\/li>\n<li>\u0623\u0648\u060c \u0625\u0630\u0627 \u0643\u0646\u062a \u062a\u0641\u0636\u0644 \u0630\u0644\u0643\u060c \u0633\u0646\u0642\u0648\u0645 \u0628\u062a\u062f\u0631\u064a\u0628\u0643 \u0639\u0644\u0649 \u0627\u0644\u0625\u0646\u062a\u0627\u062c \u0628\u0646\u0641\u0633\u0643<\/li>\n<\/ol>\n<h2>\u0647\u0644 \u0623\u0646\u062a \u0645\u0633\u062a\u0639\u062f \u0644\u062a\u062d\u0648\u064a\u0644 \u0627\u062a\u0635\u0627\u0644\u0627\u062a\u0643 \u0628\u0627\u0633\u062a\u062e\u062f\u0627\u0645 \u0627\u0644\u0630\u0643\u0627\u0621 \u0627\u0644\u0627\u0635\u0637\u0646\u0627\u0639\u064a\u061f<\/h2>\n<p>\u062a\u062d\u062f\u0651\u062b \u0625\u0644\u0649 \u0641\u0631\u064a\u0642\u0646\u0627 \u0648\u0634\u0627\u0647\u062f \u0643\u064a\u0641 \u064a\u0645\u0643\u0646\u0646\u0627 \u0645\u0633\u0627\u0639\u062f\u0629 \u0634\u0631\u0643\u062a\u0643 \u0639\u0644\u0649 \u0627\u0644\u0646\u0645\u0648 \u0645\u0646 \u062e\u0644\u0627\u0644 \u0627\u0644\u0645\u062d\u062a\u0648\u0649 \u0627\u0644\u0630\u0643\u064a.<\/p>\n<p>\u0627\u062f\u062e\u0644 \u0625\u0644\u0649 \u062a\u0637\u0628\u064a\u0642 \u0648\u0627\u062a\u0633\u0627\u0628 \u0627\u0644\u062e\u0627\u0635 \u0628\u0646\u0627 \u0645\u0646 \u062e\u0644\u0627\u0644 \u0627\u0644\u0646\u0642\u0631 \u0639\u0644\u0649 \u0627\u0644\u0631\u0627\u0628\u0637 \u0623\u062f\u0646\u0627\u0647:<br \/>\n<a href=\"https:\/\/api.whatsapp.com\/message\/NPRV6UPRF27BK1\">\u0627\u062d\u062c\u0632 \u0627\u0644\u0622\u0646<\/a><\/p>\n<p>&nbsp;<\/p>","protected":false},"excerpt":{"rendered":"<p>&nbsp; Cria\u00e7\u00e3o de Conte\u00fado Pronto para Voc\u00ea Textos, imagens, v\u00eddeos, posts para Instagram, LinkedIn, WhatsApp e muito mais A intelig\u00eancia artificial (IA) est\u00e1 transformando o marketing digital e a cria\u00e7\u00e3o de conte\u00fado. Com as ferramentas certas, \u00e9 poss\u00edvel produzir materiais profissionais com rapidez, qualidade e efici\u00eancia. Na DBS, oferecemos um servi\u00e7o completo de cria\u00e7\u00e3o de [&hellip;]<\/p>\n","protected":false},"author":1,"featured_media":205952,"parent":0,"menu_order":0,"comment_status":"closed","ping_status":"closed","template":"","meta":{"_et_pb_use_builder":"","_et_pb_old_content":"","_et_gb_content_width":"","_monsterinsights_skip_tracking":false,"_monsterinsights_sitenote_active":false,"_monsterinsights_sitenote_note":"","_monsterinsights_sitenote_category":0,"slim_seo":{"title":"Cria\u00e7\u00e3o de Conte\u00fado com Intelig\u00eancia Artificial - Digital Business Solutions","description":"&nbsp; Cria\u00e7\u00e3o de Conte\u00fado Pronto para Voc\u00ea Textos, imagens, v\u00eddeos, posts para Instagram, LinkedIn, WhatsApp e muito mais A intelig\u00eancia artificial (IA) est\u00e1 t"},"footnotes":""},"class_list":["post-205948","page","type-page","status-publish","has-post-thumbnail","hentry"],"_links":{"self":[{"href":"https:\/\/digitalbusiness-solutions.com.br\/ar\/wp-json\/wp\/v2\/pages\/205948","targetHints":{"allow":["GET"]}}],"collection":[{"href":"https:\/\/digitalbusiness-solutions.com.br\/ar\/wp-json\/wp\/v2\/pages"}],"about":[{"href":"https:\/\/digitalbusiness-solutions.com.br\/ar\/wp-json\/wp\/v2\/types\/page"}],"author":[{"embeddable":true,"href":"https:\/\/digitalbusiness-solutions.com.br\/ar\/wp-json\/wp\/v2\/users\/1"}],"replies":[{"embeddable":true,"href":"https:\/\/digitalbusiness-solutions.com.br\/ar\/wp-json\/wp\/v2\/comments?post=205948"}],"version-history":[{"count":3,"href":"https:\/\/digitalbusiness-solutions.com.br\/ar\/wp-json\/wp\/v2\/pages\/205948\/revisions"}],"predecessor-version":[{"id":205951,"href":"https:\/\/digitalbusiness-solutions.com.br\/ar\/wp-json\/wp\/v2\/pages\/205948\/revisions\/205951"}],"wp:featuredmedia":[{"embeddable":true,"href":"https:\/\/digitalbusiness-solutions.com.br\/ar\/wp-json\/wp\/v2\/media\/205952"}],"wp:attachment":[{"href":"https:\/\/digitalbusiness-solutions.com.br\/ar\/wp-json\/wp\/v2\/media?parent=205948"}],"curies":[{"name":"\u062f\u0628\u0644\u064a\u0648 \u0628\u064a","href":"https:\/\/api.w.org\/{rel}","templated":true}]}}