{"id":205863,"date":"2025-06-24T17:01:53","date_gmt":"2025-06-24T20:01:53","guid":{"rendered":"https:\/\/digitalbusiness-solutions.com.br\/?page_id=205863"},"modified":"2025-07-28T16:49:34","modified_gmt":"2025-07-28T19:49:34","slug":"presenca-digital-inteligente-solucao-completa-para-pequenos-negocios","status":"publish","type":"page","link":"https:\/\/digitalbusiness-solutions.com.br\/ar\/presenca-digital-inteligente-solucao-completa-para-pequenos-negocios\/","title":{"rendered":"\u0627\u0644\u062a\u0648\u0627\u062c\u062f \u0627\u0644\u0631\u0642\u0645\u064a \u0627\u0644\u0630\u0643\u064a | \u0627\u0644\u062d\u0644 \u0627\u0644\u0645\u062a\u0643\u0627\u0645\u0644 \u0644\u0644\u0634\u0631\u0643\u0627\u062a \u0627\u0644\u0635\u063a\u064a\u0631\u0629"},"content":{"rendered":"<p>&nbsp;<\/p>\n<header style=\"text-align: center; padding: 2rem; background-color: #f7f7f7;\">\n<h1>\u0627\u0644\u062a\u0648\u0627\u062c\u062f \u0627\u0644\u0631\u0642\u0645\u064a \u0627\u0644\u0630\u0643\u064a \u0644\u0644\u0623\u0639\u0645\u0627\u0644 \u0627\u0644\u062a\u062c\u0627\u0631\u064a\u0629 \u0627\u0644\u062d\u062f\u064a\u062b\u0629<\/h1>\n<p>\u062d\u0644 \u0645\u062a\u0643\u0627\u0645\u0644 \u0644\u062c\u0630\u0628 \u0627\u0644\u0639\u0645\u0644\u0627\u0621 \u0648\u062a\u0648\u0641\u064a\u0631 \u0627\u0644\u0648\u0642\u062a \u0648\u0627\u0644\u0628\u064a\u0639 \u0623\u0643\u062b\u0631 \u0628\u0627\u0633\u062a\u062e\u062f\u0627\u0645 \u0627\u0644\u062a\u0643\u0646\u0648\u0644\u0648\u062c\u064a\u0627.<\/p>\n<\/header>\n<section style=\"max-width: 800px; margin: 0 auto; padding: 2rem;\">\n<h2>\u0644\u0645\u0627\u0630\u0627 \u0647\u0630\u0627 \u0627\u0644\u0639\u0631\u0636 \u0645\u062b\u0627\u0644\u064a \u0644\u0643\u061f<\/h2>\n<p>\u0625\u0630\u0627 \u0643\u0646\u062a \u062a\u0639\u0645\u0644 \u0644\u062d\u0633\u0627\u0628\u0643 \u0627\u0644\u062e\u0627\u0635 \u0623\u0648 \u0635\u0627\u062d\u0628 \u0634\u0631\u0643\u0629 \u0635\u063a\u064a\u0631\u0629 \u0648\u062a\u0631\u063a\u0628 \u0641\u064a \u0627\u0644\u062a\u0645\u064a\u0632 \u0641\u064a \u0627\u0644\u0639\u0627\u0644\u0645 \u0627\u0644\u0631\u0642\u0645\u064a\u060c \u0641\u0647\u0630\u0627 \u0647\u0648 \u0627\u0644\u062d\u0644 \u0627\u0644\u0645\u0646\u0627\u0633\u0628. \u0644\u0642\u062f \u0623\u0646\u0634\u0623\u0646\u0627 \u0628\u0646\u064a\u0629 \u0628\u0633\u064a\u0637\u0629 \u0648\u0642\u0648\u064a\u0629 \u0648\u0633\u0647\u0644\u0629 \u0627\u0644\u0627\u0633\u062a\u062e\u062f\u0627\u0645 \u062d\u062a\u0649 \u062a\u062a\u0645\u0643\u0646 \u0645\u0646 \u0643\u0633\u0628 \u0627\u0644\u0645\u0632\u064a\u062f \u0645\u0646 \u0627\u0644\u0639\u0645\u0644\u0627\u0621 \u0639\u0628\u0631 \u0627\u0644\u0625\u0646\u062a\u0631\u0646\u062a\u060c \u062d\u062a\u0649 \u0628\u062f\u0648\u0646 \u0645\u0639\u0631\u0641\u0629 \u062a\u0642\u0646\u064a\u0629.<\/p>\n<h2>\u0645\u0627 \u064a\u062a\u0636\u0645\u0646\u0647:<\/h2>\n<ul>\n<li><strong>\u0643\u062a\u0627\u0644\u0648\u062c \u0631\u0642\u0645\u064a \u0645\u062e\u0635\u0635 100%:<\/strong> \u0645\u0639 \u062e\u062f\u0645\u0627\u062a\u0647\u0645 \u0648\u0623\u0633\u0639\u0627\u0631\u0647\u0645 \u0648\u0635\u0648\u0631\u0647\u0645 \u0648\u0632\u0631 \u0648\u0627\u062a\u0633\u0627\u0628 \u0645\u062f\u0645\u062c.<\/li>\n<li><strong>\u064a\u0648\u0645\u064a\u0627\u062a \u062a\u0644\u0642\u0627\u0626\u064a\u0629:<\/strong> \u0644\u0639\u0645\u0644\u0627\u0626\u0643 \u0644\u0644\u062d\u062c\u0632 \u0628\u0623\u0646\u0641\u0633\u0647\u0645\u060c \u062f\u0648\u0646 \u0625\u0636\u0627\u0639\u0629 \u0627\u0644\u0648\u0642\u062a.<\/li>\n<li><strong>\u0631\u0648\u0628\u0648\u062a \u0627\u0644\u0645\u062d\u0627\u062f\u062b\u0629 \u0639\u0644\u0649 \u0648\u0627\u062a\u0633\u0627\u0628:<\/strong> \u0644\u0644\u0625\u062c\u0627\u0628\u0629 \u0639\u0646 \u0627\u0644\u0623\u0633\u0626\u0644\u0629 \u0627\u0644\u0645\u062a\u062f\u0627\u0648\u0644\u0629 \u062a\u0644\u0642\u0627\u0626\u064a\u0627\u064b<\/li>\n<li><strong>\u0627\u0633\u062a\u0631\u0627\u062a\u064a\u062c\u064a\u0629 \u0648\u0633\u0627\u0626\u0644 \u0627\u0644\u062a\u0648\u0627\u0635\u0644 \u0627\u0644\u0627\u062c\u062a\u0645\u0627\u0639\u064a \u0627\u0644\u0645\u0635\u063a\u0631\u0629:<\/strong> \u0645\u0639 10 \u0645\u0646\u0634\u0648\u0631\u0627\u062a \u062c\u0627\u0647\u0632\u0629 + \u062f\u0644\u064a\u0644 \u0627\u0644\u0645\u0633\u062a\u062e\u062f\u0645.<\/li>\n<li><strong>\u0631\u0645\u0632 \u0627\u0644\u0627\u0633\u062a\u062c\u0627\u0628\u0629 \u0627\u0644\u0633\u0631\u064a\u0639\u0629 + \u0631\u0627\u0628\u0637 \u0642\u0635\u064a\u0631:<\/strong> \u0644\u0644\u0625\u0639\u0644\u0627\u0646 \u0639\u0646\u0647\u0627 \u0628\u0633\u0647\u0648\u0644\u0629 \u0641\u064a \u0623\u064a \u0645\u0643\u0627\u0646.<\/li>\n<li><strong>\u062a\u062f\u0631\u064a\u0628 \u0633\u0631\u064a\u0639:<\/strong> \u062d\u062a\u0649 \u062a\u062a\u0645\u0643\u0646 \u0645\u0646 \u0641\u0647\u0645 \u0648\u0627\u0633\u062a\u062e\u062f\u0627\u0645 \u0643\u0644 \u0634\u064a\u0621 \u0628\u0623\u0645\u0627\u0646.<\/li>\n<\/ul>\n<h2>\u0627\u0644\u0646\u062a\u0627\u0626\u062c \u0627\u0644\u0645\u062a\u0648\u0642\u0639\u0629:<\/h2>\n<ul>\n<li>\u062d\u0636\u0648\u0631 \u0627\u062d\u062a\u0631\u0627\u0641\u064a \u0648\u0639\u0635\u0631\u064a \u0639\u0644\u0649 \u0627\u0644\u0625\u0646\u062a\u0631\u0646\u062a<\/li>\n<li>\u0627\u0646\u062e\u0641\u0627\u0636 \u0643\u0628\u064a\u0631 \u0641\u064a \u0627\u0644\u0631\u0633\u0627\u0626\u0644 \u0627\u0644\u0645\u062a\u0643\u0631\u0631\u0629<\/li>\n<li>\u0627\u0644\u0639\u0645\u0644\u0627\u0621 \u0627\u0644\u0630\u064a\u0646 \u064a\u0635\u0644\u0648\u0646 \u062a\u0644\u0642\u0627\u0626\u064a\u0627\u064b<\/li>\n<li>\u0627\u0644\u0645\u0632\u064a\u062f \u0645\u0646 \u0627\u0644\u0648\u0642\u062a \u0644\u0644\u062a\u0631\u0643\u064a\u0632 \u0639\u0644\u0649 \u0645\u0627 \u064a\u0647\u0645 \u062d\u0642\u064b\u0627: \u0627\u0644\u062e\u062f\u0645\u0629 \u0648\u0627\u0644\u0645\u0628\u064a\u0639\u0627\u062a<\/li>\n<\/ul>\n<p>&nbsp;<\/p>\n<h2>\u0647\u0644 \u0623\u0646\u062a \u0645\u0633\u062a\u0639\u062f \u0644\u062a\u062d\u0648\u064a\u0644 \u062d\u0636\u0648\u0631\u0643 \u0627\u0644\u0631\u0642\u0645\u064a\u061f<\/h2>\n<p>\u0642\u062f \u064a\u0643\u0648\u0646 \u0639\u0645\u064a\u0644\u0643 \u0627\u0644\u062a\u0627\u0644\u064a \u064a\u0628\u062d\u062b \u0639\u0646\u0643 \u0627\u0644\u0622\u0646. \u0647\u0644 \u0646\u0633\u0647\u0644 \u0639\u0644\u064a\u0647\u0645 \u0627\u0644\u0639\u062b\u0648\u0631 \u0639\u0644\u064a\u0643\u061f<\/p>\n<div style=\"text-align: center; margin-top: 2rem;\"><a style=\"background-color: #25d366; color: white; padding: 1rem 2rem; text-decoration: none; font-size: 1.2rem; border-radius: 8px;\" href=\"https:\/\/wa.me\/+5581986601093\">\u0623\u0631\u064a\u062f \u0623\u0646 \u0623\u0628\u062f\u0623 \u0627\u0644\u0622\u0646 \u0639\u0644\u0649 \u0648\u0627\u062a\u0633\u0627\u0628<\/a><\/div>\n<\/section>\n<footer style=\"text-align: center; padding: 2rem; font-size: 0.9rem; color: #777;\">DBS - \u062d\u0644\u0648\u0644 \u0627\u0644\u0623\u0639\u0645\u0627\u0644 \u0627\u0644\u0631\u0642\u0645\u064a\u0629 | \u0627\u0644\u062a\u0633\u0648\u064a\u0642 \u0627\u0644\u0631\u0642\u0645\u064a \u0645\u0639 \u0627\u0644\u0646\u062a\u0627\u0626\u062c<\/footer>\n<p>&nbsp;<\/p>","protected":false},"excerpt":{"rendered":"<p>&nbsp; Presen\u00e7a Digital Inteligente para Neg\u00f3cios Modernos Uma solu\u00e7\u00e3o completa para atrair clientes, economizar tempo e vender mais com tecnologia. Por que essa oferta \u00e9 ideal para voc\u00ea? Se voc\u00ea \u00e9 um profissional aut\u00f4nomo ou dono de pequeno neg\u00f3cio e deseja se destacar no digital, esta \u00e9 a solu\u00e7\u00e3o certa. Criamos uma estrutura simples, poderosa [&hellip;]<\/p>\n","protected":false},"author":1,"featured_media":205867,"parent":0,"menu_order":0,"comment_status":"closed","ping_status":"closed","template":"","meta":{"_et_pb_use_builder":"","_et_pb_old_content":"","_et_gb_content_width":"","_monsterinsights_skip_tracking":false,"_monsterinsights_sitenote_active":false,"_monsterinsights_sitenote_note":"","_monsterinsights_sitenote_category":0,"slim_seo":{"title":"Solu\u00e7\u00e3o digital Inteligente e Completa para Pequenos Neg\u00f3cios","description":"Transforme sua presen\u00e7a digital com a solu\u00e7\u00e3o inteligente da DBS: cat\u00e1logo online, agenda autom\u00e1tica, chatbot e muito mais. Comece hoje!"},"footnotes":""},"class_list":["post-205863","page","type-page","status-publish","has-post-thumbnail","hentry"],"_links":{"self":[{"href":"https:\/\/digitalbusiness-solutions.com.br\/ar\/wp-json\/wp\/v2\/pages\/205863","targetHints":{"allow":["GET"]}}],"collection":[{"href":"https:\/\/digitalbusiness-solutions.com.br\/ar\/wp-json\/wp\/v2\/pages"}],"about":[{"href":"https:\/\/digitalbusiness-solutions.com.br\/ar\/wp-json\/wp\/v2\/types\/page"}],"author":[{"embeddable":true,"href":"https:\/\/digitalbusiness-solutions.com.br\/ar\/wp-json\/wp\/v2\/users\/1"}],"replies":[{"embeddable":true,"href":"https:\/\/digitalbusiness-solutions.com.br\/ar\/wp-json\/wp\/v2\/comments?post=205863"}],"version-history":[{"count":6,"href":"https:\/\/digitalbusiness-solutions.com.br\/ar\/wp-json\/wp\/v2\/pages\/205863\/revisions"}],"predecessor-version":[{"id":205957,"href":"https:\/\/digitalbusiness-solutions.com.br\/ar\/wp-json\/wp\/v2\/pages\/205863\/revisions\/205957"}],"wp:featuredmedia":[{"embeddable":true,"href":"https:\/\/digitalbusiness-solutions.com.br\/ar\/wp-json\/wp\/v2\/media\/205867"}],"wp:attachment":[{"href":"https:\/\/digitalbusiness-solutions.com.br\/ar\/wp-json\/wp\/v2\/media?parent=205863"}],"curies":[{"name":"\u062f\u0628\u0644\u064a\u0648 \u0628\u064a","href":"https:\/\/api.w.org\/{rel}","templated":true}]}}