{"id":205769,"date":"2025-05-08T10:06:50","date_gmt":"2025-05-08T13:06:50","guid":{"rendered":"https:\/\/digitalbusiness-solutions.com.br\/?page_id=205769"},"modified":"2025-05-09T17:00:50","modified_gmt":"2025-05-09T20:00:50","slug":"politica-de-privacidade","status":"publish","type":"page","link":"https:\/\/digitalbusiness-solutions.com.br\/ar\/politica-de-privacidade\/","title":{"rendered":"\u0633\u064a\u0627\u0633\u0629 \u0627\u0644\u062e\u0635\u0648\u0635\u064a\u0629"},"content":{"rendered":"<h1><strong>\u0633\u064a\u0627\u0633\u0629 \u0627\u0644\u062e\u0635\u0648\u0635\u064a\u0629<\/strong><\/h1>\n<p><strong>\u0622\u062e\u0631 \u062a\u062d\u062f\u064a\u062b<\/strong> 08\/05\/2025<\/p>\n<p>\u062e\u0635\u0648\u0635\u064a\u062a\u0643 \u0645\u0647\u0645\u0629 \u0628\u0627\u0644\u0646\u0633\u0628\u0629 \u0644\u0646\u0627. \u062a\u0635\u0641 \u0633\u064a\u0627\u0633\u0629 \u0627\u0644\u062e\u0635\u0648\u0635\u064a\u0629 \u0647\u0630\u0647 \u0643\u064a\u0641\u064a\u0629 \u062c\u0645\u0639 \u0627\u0644\u0628\u064a\u0627\u0646\u0627\u062a \u0627\u0644\u0634\u062e\u0635\u064a\u0629 \u0644\u0645\u0633\u062a\u062e\u062f\u0645\u064a \u0627\u0644\u0645\u0648\u0642\u0639 \u0627\u0644\u0625\u0644\u0643\u062a\u0631\u0648\u0646\u064a \u0648\u0627\u0633\u062a\u062e\u062f\u0627\u0645\u0647\u0627 \u0648\u062a\u062e\u0632\u064a\u0646\u0647\u0627 \u0648\u062d\u0645\u0627\u064a\u062a\u0647\u0627 <strong>digitalbusiness-solutions.com.br<\/strong>\u064a\u062a\u0645 \u062a\u0634\u063a\u064a\u0644\u0647\u0627 \u0628\u0648\u0627\u0633\u0637\u0629 <strong>\u062d\u0644\u0648\u0644 \u0627\u0644\u0623\u0639\u0645\u0627\u0644 \u0627\u0644\u0631\u0642\u0645\u064a\u0629<\/strong>.<\/p>\n<hr \/>\n<h3>1. <strong>\u062c\u0645\u0639 \u0627\u0644\u0645\u0639\u0644\u0648\u0645\u0627\u062a<\/strong><\/h3>\n<p>\u0642\u062f \u0646\u062c\u0645\u0639 \u0627\u0644\u0628\u064a\u0627\u0646\u0627\u062a \u0627\u0644\u0634\u062e\u0635\u064a\u0629 \u0627\u0644\u062a\u0627\u0644\u064a\u0629:<\/p>\n<ul>\n<li>\u0627\u0644\u0627\u0633\u0645 \u0627\u0644\u0643\u0627\u0645\u0644<\/li>\n<li>\u0627\u0644\u0628\u0631\u064a\u062f \u0627\u0644\u0625\u0644\u0643\u062a\u0631\u0648\u0646\u064a<\/li>\n<li>\u0631\u0642\u0645 \u0627\u0644\u0647\u0627\u062a\u0641 \/ \u0648\u0627\u062a\u0633\u0627\u0628<\/li>\n<li>\u0627\u0633\u0645 \u0627\u0644\u0634\u0631\u0643\u0629<\/li>\n<li>\u0627\u0644\u0645\u0646\u0635\u0628<\/li>\n<li>\u0639\u0646\u0648\u0627\u0646 IP \u0648\u0628\u064a\u0627\u0646\u0627\u062a \u0627\u0644\u062a\u0635\u0641\u062d (\u0645\u0644\u0641\u0627\u062a \u062a\u0639\u0631\u064a\u0641 \u0627\u0644\u0627\u0631\u062a\u0628\u0627\u0637)<\/li>\n<\/ul>\n<hr \/>\n<h3>2. <strong>\u0627\u0644\u063a\u0631\u0636 \u0645\u0646 \u0627\u0644\u0645\u062c\u0645\u0648\u0639\u0629<\/strong><\/h3>\n<p>\u0627\u0633\u062a\u062e\u062f\u0645\u0646\u0627 \u0627\u0644\u0628\u064a\u0627\u0646\u0627\u062a \u0627\u0644\u062a\u064a \u062a\u0645 \u062c\u0645\u0639\u0647\u0627 \u0645\u0646 \u0623\u062c\u0644<\/p>\n<ul>\n<li>\u0627\u0644\u0627\u062a\u0635\u0627\u0644 \u0628\u0643 \u0639\u0646\u062f \u0627\u0644\u0637\u0644\u0628<\/li>\n<li>\u0625\u0631\u0633\u0627\u0644 \u0639\u0631\u0648\u0636 \u0627\u0644\u0623\u0633\u0639\u0627\u0631 \u0648\u0627\u0644\u0645\u0642\u062a\u0631\u062d\u0627\u062a \u0648\u0645\u062d\u062a\u0648\u0649 \u0627\u0644\u0645\u0639\u0644\u0648\u0645\u0627\u062a<\/li>\n<li>\u062a\u0642\u062f\u064a\u0645 \u0627\u0644\u062f\u0639\u0645 \u0644\u0644\u0639\u0645\u0644\u0627\u0621<\/li>\n<li>\u062a\u062e\u0635\u064a\u0635 \u062a\u062c\u0631\u0628\u0629 \u0645\u0648\u0642\u0639 \u0627\u0644\u0648\u064a\u0628 \u0627\u0644\u062e\u0627\u0635 \u0628\u0643<\/li>\n<li>\u062a\u0646\u0641\u064a\u0630 \u062d\u0645\u0644\u0627\u062a \u062a\u0633\u0648\u064a\u0642\u064a\u0629 \u0628\u0645\u0648\u0627\u0641\u0642\u062a\u0643<\/li>\n<\/ul>\n<hr \/>\n<h3>3. <strong>\u0645\u0634\u0627\u0631\u0643\u0629 \u0627\u0644\u0628\u064a\u0627\u0646\u0627\u062a<\/strong><\/h3>\n<p>\u062d\u0644\u0648\u0644 \u0627\u0644\u0623\u0639\u0645\u0627\u0644 \u0627\u0644\u0631\u0642\u0645\u064a\u0629 <strong>\u0644\u0627 \u062a\u0628\u064a\u0639 \u0628\u064a\u0627\u0646\u0627\u062a\u0643 \u0623\u0648 \u062a\u0624\u062c\u0631\u0647\u0627 \u0623\u0648 \u062a\u0634\u0627\u0631\u0643\u0647\u0627 \u0645\u0639 \u062c\u0647\u0627\u062a \u062e\u0627\u0631\u062c\u064a\u0629<\/strong>\u0625\u0644\u0627 \u0639\u0646\u062f \u0627\u0644\u0636\u0631\u0648\u0631\u0629 \u0644\u0644\u0648\u0641\u0627\u0621 \u0628\u0627\u0644\u0645\u062a\u0637\u0644\u0628\u0627\u062a \u0627\u0644\u0642\u0627\u0646\u0648\u0646\u064a\u0629 \u0623\u0648 \u0628\u0645\u0648\u0627\u0641\u0642\u062a\u0643 \u0627\u0644\u0635\u0631\u064a\u062d\u0629.<\/p>\n<hr \/>\n<h3>4. <strong>\u0627\u0644\u0643\u0648\u0643\u064a\u0632<\/strong><\/h3>\n<p>\u064a\u0633\u062a\u062e\u062f\u0645 \u0645\u0648\u0642\u0639\u0646\u0627 \u0627\u0644\u0625\u0644\u0643\u062a\u0631\u0648\u0646\u064a <strong>\u0627\u0644\u0643\u0648\u0643\u064a\u0632<\/strong> \u0644\u062a\u062d\u0633\u064a\u0646 \u0627\u0644\u062a\u0635\u0641\u062d \u0648\u062a\u062d\u0644\u064a\u0644 \u062d\u0631\u0643\u0629 \u0627\u0644\u0645\u0631\u0648\u0631 \u0648\u062a\u062e\u0635\u064a\u0635 \u0627\u0644\u0645\u062d\u062a\u0648\u0649. \u064a\u0645\u0643\u0646\u0643 \u0636\u0628\u0637 \u0645\u062a\u0635\u0641\u062d\u0643 \u0639\u0644\u0649 \u0631\u0641\u0636 \u0645\u0644\u0641\u0627\u062a \u062a\u0639\u0631\u064a\u0641 \u0627\u0644\u0627\u0631\u062a\u0628\u0627\u0637\u060c \u0648\u0644\u0643\u0646 \u0647\u0630\u0627 \u0642\u062f \u064a\u0624\u062b\u0631 \u0639\u0644\u0649 \u0643\u064a\u0641\u064a\u0629 \u0639\u0645\u0644 \u0627\u0644\u0645\u0648\u0642\u0639 \u0627\u0644\u0625\u0644\u0643\u062a\u0631\u0648\u0646\u064a.<\/p>\n<hr \/>\n<h3>5. <strong>\u0627\u0644\u062a\u062e\u0632\u064a\u0646 \u0648\u0627\u0644\u0623\u0645\u0627\u0646<\/strong><\/h3>\n<p>\u064a\u062a\u0645 \u062a\u062e\u0632\u064a\u0646 \u0627\u0644\u0628\u064a\u0627\u0646\u0627\u062a \u0639\u0644\u0649 \u062e\u0648\u0627\u062f\u0645 \u0622\u0645\u0646\u0629\u060c \u0648\u0646\u0633\u062a\u062e\u062f\u0645 \u0627\u0644\u062a\u062f\u0627\u0628\u064a\u0631 \u0627\u0644\u062a\u0642\u0646\u064a\u0629 \u0648\u0627\u0644\u062a\u0646\u0638\u064a\u0645\u064a\u0629 \u0627\u0644\u0645\u0646\u0627\u0633\u0628\u0629 \u0644\u062d\u0645\u0627\u064a\u0629 \u0645\u0639\u0644\u0648\u0645\u0627\u062a\u0643 \u0645\u0646 \u0627\u0644\u0648\u0635\u0648\u0644 \u063a\u064a\u0631 \u0627\u0644\u0645\u0635\u0631\u062d \u0628\u0647 \u0623\u0648 \u0627\u0644\u0641\u0642\u062f\u0627\u0646 \u0623\u0648 \u0627\u0644\u062a\u063a\u064a\u064a\u0631.<\/p>\n<hr \/>\n<h3>6. <strong>\u062d\u0642\u0648\u0642\u0643<\/strong><\/h3>\n<p>\u0628\u0645\u0648\u062c\u0628 \u0634\u0631\u0648\u0637 \u0642\u0627\u0646\u0648\u0646 \u062d\u0645\u0627\u064a\u0629 \u062d\u0642\u0648\u0642 \u0627\u0644\u0645\u0644\u0643\u064a\u0629 \u0627\u0644\u0641\u0643\u0631\u064a\u0629\u060c \u064a\u0645\u0643\u0646\u0643:<\/p>\n<ul>\n<li>\u0637\u0644\u0628 \u0627\u0644\u0648\u0635\u0648\u0644 \u0625\u0644\u0649 \u0628\u064a\u0627\u0646\u0627\u062a\u0643 \u0627\u0644\u0634\u062e\u0635\u064a\u0629<\/li>\n<li>\u062a\u0635\u062d\u064a\u062d \u0627\u0644\u0628\u064a\u0627\u0646\u0627\u062a \u063a\u064a\u0631 \u0627\u0644\u0635\u062d\u064a\u062d\u0629 \u0623\u0648 \u063a\u064a\u0631 \u0627\u0644\u0645\u0643\u062a\u0645\u0644\u0629<\/li>\n<li>\u0637\u0644\u0628 \u062d\u0630\u0641 \u0628\u064a\u0627\u0646\u0627\u062a\u0643<\/li>\n<li>\u0633\u062d\u0628 \u0627\u0644\u0645\u0648\u0627\u0641\u0642\u0629 \u0641\u064a \u0623\u064a \u0648\u0642\u062a<\/li>\n<\/ul>\n<p>\u0644\u0645\u0645\u0627\u0631\u0633\u0629 \u062d\u0642\u0648\u0642\u0643\u060c \u0627\u062a\u0635\u0644 \u0628\u0646\u0627 \u0639\u0628\u0631 \u0627\u0644\u0628\u0631\u064a\u062f \u0627\u0644\u0625\u0644\u0643\u062a\u0631\u0648\u0646\u064a: <strong><a href=\"mailto:contato@digitalbusiness-solutions.com.br\">contato@digitalbusiness-solutions.com.br<\/a><\/strong><\/p>\n<hr \/>\n<h3>7. <strong>\u0627\u0644\u0627\u062d\u062a\u0641\u0627\u0638 \u0628\u0627\u0644\u0628\u064a\u0627\u0646\u0627\u062a<\/strong><\/h3>\n<p>\u0633\u0646\u062d\u062a\u0641\u0638 \u0628\u0628\u064a\u0627\u0646\u0627\u062a\u0643 \u0641\u0642\u0637 \u0637\u0627\u0644\u0645\u0627 \u0643\u0627\u0646 \u0630\u0644\u0643 \u0636\u0631\u0648\u0631\u064a\u064b\u0627 \u0644\u0644\u0648\u0641\u0627\u0621 \u0628\u0627\u0644\u0623\u063a\u0631\u0627\u0636 \u0627\u0644\u062a\u064a \u062c\u064f\u0645\u0639\u062a \u0645\u0646 \u0623\u062c\u0644\u0647\u0627\u060c \u0623\u0648 \u0648\u0641\u0642\u064b\u0627 \u0644\u0645\u0627 \u064a\u0642\u062a\u0636\u064a\u0647 \u0627\u0644\u0642\u0627\u0646\u0648\u0646.<\/p>\n<hr \/>\n<h3>8. <strong>\u0627\u0644\u062a\u063a\u064a\u064a\u0631\u0627\u062a \u0639\u0644\u0649 \u0647\u0630\u0647 \u0627\u0644\u0633\u064a\u0627\u0633\u0629<\/strong><\/h3>\n<p>\u0642\u062f \u0646\u0642\u0648\u0645 \u0628\u062a\u062d\u062f\u064a\u062b \u0633\u064a\u0627\u0633\u0629 \u0627\u0644\u062e\u0635\u0648\u0635\u064a\u0629 \u0647\u0630\u0647 \u0645\u0646 \u0648\u0642\u062a \u0644\u0622\u062e\u0631. \u0633\u064a\u062a\u0645 \u0646\u0634\u0631 \u0627\u0644\u0646\u0633\u062e\u0629 \u0627\u0644\u0645\u062d\u062f\u062b\u0629 \u062f\u0627\u0626\u0645\u064b\u0627 \u0639\u0644\u0649 \u0647\u0630\u0647 \u0627\u0644\u0635\u0641\u062d\u0629\u060c \u0645\u0639 \u0630\u0643\u0631 \u062a\u0627\u0631\u064a\u062e \u0622\u062e\u0631 \u062a\u063a\u064a\u064a\u0631.<\/p>\n<hr \/>\n<h3>9. <strong>\u0627\u062a\u0635\u0644 \u0628\u0646\u0627<\/strong><\/h3>\n<p>\u0625\u0630\u0627 \u0643\u0627\u0646\u062a \u0644\u062f\u064a\u0643 \u0623\u064a \u0623\u0633\u0626\u0644\u0629 \u062d\u0648\u0644 \u0633\u064a\u0627\u0633\u0629 \u0627\u0644\u062e\u0635\u0648\u0635\u064a\u0629 \u0647\u0630\u0647 \u0623\u0648 \u0643\u064a\u0641\u064a\u0629 \u0645\u0639\u0627\u0644\u062c\u062a\u0646\u0627 \u0644\u0628\u064a\u0627\u0646\u0627\u062a\u0643\u060c \u064a\u064f\u0631\u062c\u0649 \u0627\u0644\u0627\u062a\u0635\u0627\u0644 \u0628\u0646\u0627:<\/p>\n<p><strong><a href=\"mailto:contato@digitalbusiness-solutions.com.br\">contato@digitalbusiness-solutions.com.br<\/a><\/strong><br \/>\n\u0648\u0627\u062a\u0633 \u0622\u0628: (81) 98660-1093<br \/>\n<strong><a href=\"https:\/\/digitalbusiness-solutions.com.br\/ar\/\">www.digitalbusiness-solutions.com.br<\/a><\/strong><\/p>\n<p>&nbsp;<\/p>","protected":false},"excerpt":{"rendered":"<p>Pol\u00edtica de Privacidade \u00daltima atualiza\u00e7\u00e3o: 08\/05\/2025 A sua privacidade \u00e9 importante para n\u00f3s. Esta Pol\u00edtica de Privacidade descreve como coletamos, usamos, armazenamos e protegemos os dados pessoais dos usu\u00e1rios do site digitalbusiness-solutions.com.br, operado pela Digital Business Solutions. 1. Coleta de Informa\u00e7\u00f5es Podemos coletar os seguintes dados pessoais: Nome completo E-mail N\u00famero de telefone \/ WhatsApp [&hellip;]<\/p>\n","protected":false},"author":1,"featured_media":0,"parent":0,"menu_order":0,"comment_status":"closed","ping_status":"closed","template":"","meta":{"_et_pb_use_builder":"","_et_pb_old_content":"","_et_gb_content_width":"","_monsterinsights_skip_tracking":false,"_monsterinsights_sitenote_active":false,"_monsterinsights_sitenote_note":"","_monsterinsights_sitenote_category":0,"slim_seo":{"title":"Pol\u00edtica de privacidade - Digital Business Solutions","description":"Pol\u00edtica de Privacidade \u00daltima atualiza\u00e7\u00e3o: 08\/05\/2025 A sua privacidade \u00e9 importante para n\u00f3s. Esta Pol\u00edtica de Privacidade descreve como coletamos, usamos, ar"},"footnotes":""},"class_list":["post-205769","page","type-page","status-publish","hentry"],"_links":{"self":[{"href":"https:\/\/digitalbusiness-solutions.com.br\/ar\/wp-json\/wp\/v2\/pages\/205769","targetHints":{"allow":["GET"]}}],"collection":[{"href":"https:\/\/digitalbusiness-solutions.com.br\/ar\/wp-json\/wp\/v2\/pages"}],"about":[{"href":"https:\/\/digitalbusiness-solutions.com.br\/ar\/wp-json\/wp\/v2\/types\/page"}],"author":[{"embeddable":true,"href":"https:\/\/digitalbusiness-solutions.com.br\/ar\/wp-json\/wp\/v2\/users\/1"}],"replies":[{"embeddable":true,"href":"https:\/\/digitalbusiness-solutions.com.br\/ar\/wp-json\/wp\/v2\/comments?post=205769"}],"version-history":[{"count":2,"href":"https:\/\/digitalbusiness-solutions.com.br\/ar\/wp-json\/wp\/v2\/pages\/205769\/revisions"}],"predecessor-version":[{"id":205772,"href":"https:\/\/digitalbusiness-solutions.com.br\/ar\/wp-json\/wp\/v2\/pages\/205769\/revisions\/205772"}],"wp:attachment":[{"href":"https:\/\/digitalbusiness-solutions.com.br\/ar\/wp-json\/wp\/v2\/media?parent=205769"}],"curies":[{"name":"\u062f\u0628\u0644\u064a\u0648 \u0628\u064a","href":"https:\/\/api.w.org\/{rel}","templated":true}]}}