{"id":1204,"date":"2024-03-12T15:22:42","date_gmt":"2024-03-12T18:22:42","guid":{"rendered":"https:\/\/digitalbusiness-solutions.com.br\/?page_id=1204"},"modified":"2024-03-25T15:21:24","modified_gmt":"2024-03-25T18:21:24","slug":"o-que-e-um-cardapio-digital-on-line","status":"publish","type":"page","link":"https:\/\/digitalbusiness-solutions.com.br\/ar\/o-que-e-um-cardapio-digital-on-line\/","title":{"rendered":"\u0645\u0627 \u0647\u064a \u0627\u0644\u0642\u0627\u0626\u0645\u0629 \u0627\u0644\u0631\u0642\u0645\u064a\u0629 \u0639\u0628\u0631 \u0627\u0644\u0625\u0646\u062a\u0631\u0646\u062a\u061f"},"content":{"rendered":"<p>[et_pb_section fb_built=&#8221;1&#8243; _builder_version=&#8221;4.23.1&#8243; _module_preset=&#8221;default&#8221; collapsed=&#8221;off&#8221; global_colors_info=&#8221;{}&#8221;][et_pb_row _builder_version=&#8221;4.23.1&#8243; _module_preset=&#8221;default&#8221; global_colors_info=&#8221;{}&#8221;][et_pb_column type=&#8221;4_4&#8243; _builder_version=&#8221;4.23.1&#8243; _module_preset=&#8221;default&#8221; global_colors_info=&#8221;{}&#8221;][et_pb_text _builder_version=&#8221;4.24.2&#8243; _module_preset=&#8221;default&#8221; global_colors_info=&#8221;{}&#8221;]<\/p>\n<h1>A import\u00e2ncia dos card\u00e1pios digitais online<\/h1>\n<p>O card\u00e1pio digital \u00e9 uma ferramenta essencial para restaurantes modernos. Al\u00e9m de substituir os card\u00e1pios impressos, ele promove uma s\u00e9rie de benef\u00edcios tanto para o neg\u00f3cio quanto para os clientes.<\/p>\n<h2>Benef\u00edcios de ter um card\u00e1pio digital para delivery<\/h2>\n<p>Os card\u00e1pios digitais facilitam o processo de pedidos para os clientes, tornando a experi\u00eancia mais intuitiva e aut\u00f4noma. Al\u00e9m disso, a atualiza\u00e7\u00e3o constante e a possibilidade de compartilhamento nas redes sociais ampliam a visibilidade do restaurante, atraindo mais clientes.<\/p>\n<p>A utiliza\u00e7\u00e3o de um card\u00e1pio digital traz vantagens significativas para o setor de alimenta\u00e7\u00e3o, promovendo efici\u00eancia na gest\u00e3o e satisfa\u00e7\u00e3o dos clientes.<\/p>\n<h2>Descubra 10 vantagens de utilizar um\u00a0card\u00e1pio digital<\/h2>\n<h3>1. Os gestores podem estar presentes em v\u00e1rios locais simultaneamente.<\/h3>\n<p>O menu digital possibilita que os gerentes de restaurantes possam estar no escrit\u00f3rio trabalhando em estrat\u00e9gias, enquanto acompanham as opera\u00e7\u00f5es no sal\u00e3o ou no local f\u00edsico do estabelecimento.<\/p>\n<p>Esta atualiza\u00e7\u00e3o permite que o administrador participe do controle de caixa, dos processos na cozinha e at\u00e9 do atendimento no sal\u00e3o! Isso ocorre porque se conecta ao sistema de gest\u00e3o e fornece informa\u00e7\u00f5es atualizadas em tempo real.<\/p>\n<h3>2. Os dados s\u00e3o compilados em relat\u00f3rios de f\u00e1cil compreens\u00e3o.<\/h3>\n<p>Todas as informa\u00e7\u00f5es relacionadas ao faturamento, \u00e0 satisfa\u00e7\u00e3o do cliente, aos pedidos feitos na cozinha e no balc\u00e3o, e at\u00e9 mesmo ao atendimento podem ser compiladas pelo sistema de menu digital em relat\u00f3rios extremamente simples de acessar, ler e entender.<\/p>\n<p>Essas informa\u00e7\u00f5es s\u00e3o \u00fateis para ajudar na tomada de decis\u00f5es e na compreens\u00e3o das prefer\u00eancias de cada cliente, al\u00e9m de auxiliar na redu\u00e7\u00e3o de despesas quando necess\u00e1rio e orientar sobre os pontos que merecem investimentos maiores.<\/p>\n<p>Com a informa\u00e7\u00e3o fornecida, torna-se mais simples realizar promo\u00e7\u00f5es e campanhas de marketing, garantindo que n\u00e3o haver\u00e1 preju\u00edzos para o restaurante. Al\u00e9m disso, as promo\u00e7\u00f5es podem ser divulgadas aos consumidores diretamente no card\u00e1pio assim que eles se sentarem \u00e0 mesa.<\/p>\n<h3>3. As op\u00e7\u00f5es de comida podem ser alteradas instantaneamente.<\/h3>\n<p>Apenas alguns toques s\u00e3o necess\u00e1rios para que os administradores possam adicionar ou retirar itens do menu sem ter que perder tempo e dinheiro com altera\u00e7\u00f5es no design ou impress\u00e3o. O card\u00e1pio digital pode ser atualizado em tempo real, incluindo novas promo\u00e7\u00f5es do restaurante!<\/p>\n<p>\u00c9 importante ressaltar que os clientes verificam as promo\u00e7\u00f5es antes de tudo, ent\u00e3o esse recurso pode surpreend\u00ea-los de maneira positiva.<\/p>\n<p>Al\u00e9m disso, possibilita que o neg\u00f3cio se torne mais ecol\u00f3gico e trabalhe em prol do meio ambiente, o que \u00e9 positivo para sua imagem perante o p\u00fablico.<\/p>\n<h3>4. As imagens e explica\u00e7\u00f5es capturam mais a aten\u00e7\u00e3o.<\/h3>\n<p>Uma vantagem adicional do menu digital \u00e9 ter a capacidade de incluir fotos em tamanho maior e com cores mais realistas, al\u00e9m de descri\u00e7\u00f5es mais detalhadas e f\u00e1ceis de ler, o que ajuda os clientes na hora de fazer escolhas e reduz erros nos pedidos.<\/p>\n<p>Voc\u00ea provavelmente j\u00e1 percebeu que muitas pessoas escolhem o pedido com base nas imagens que veem, n\u00e3o \u00e9? Ent\u00e3o, por que n\u00e3o encorajar seu cliente a pedir aquela sobremesa extravagante repleta de chocolate que chama a aten\u00e7\u00e3o? Capriche na fotografia!<\/p>\n<h3>5. Caem os erros nos pedidos<\/h3>\n<p>Devido \u00e0 facilidade de identificar o que desejam pedir e compreender quais op\u00e7\u00f5es se alinham mais com suas prefer\u00eancias ou interesses, os clientes tendem a fazer escolhas acertadas ao optarem pelo card\u00e1pio digital.<\/p>\n<p>Al\u00e9m disso, devido \u00e0 falta de necessidade de notas em papel pelos atendentes ou de registro dos pedidos em outro sistema, o restaurante em si tamb\u00e9m tende a cometer menos erros.<\/p>\n<p>Isso diminui o desperd\u00edcio de comida e dinheiro, aumentando as chances do cliente retornar para mais refei\u00e7\u00f5es e at\u00e9 mesmo trazer mais pessoas ao estabelecimento, incluindo turistas estrangeiros que buscam boa comida e bebida.<\/p>\n<h3>6. A lista de op\u00e7\u00f5es \u00e9 automaticamente traduzida para outros idiomas.<\/h3>\n<p>N\u00e3o h\u00e1 necessidade de se preocupar com a chegada de estrangeiros ao seu restaurante!<\/p>\n<p>O menu digital \u00e9 traduzido automaticamente por completo do portugu\u00eas para o ingl\u00eas e para o espanhol.<\/p>\n<p>De fato, todas as op\u00e7\u00f5es do menu podem ser adaptadas de acordo com a prefer\u00eancia do respons\u00e1vel pelo estabelecimento para otimizar as vendas.<\/p>\n<p>Al\u00e9m disso, n\u00e3o \u00e9 necess\u00e1rio se preocupar se os gar\u00e7ons respons\u00e1veis por fechar a conta n\u00e3o conseguem falar um idioma estrangeiro: o card\u00e1pio faz o fechamento da conta para voc\u00ea!<\/p>\n<h3>7. \u00c9 poss\u00edvel quitar a despesa sem precisar chamar o gar\u00e7om.<\/h3>\n<p>O menu digital possibilita que o cliente visualize e pague a conta sem ter que esperar o gar\u00e7om trazer o recibo impresso, fazer o c\u00e1lculo do servi\u00e7o cobrado ou trazer a m\u00e1quina para pagamentos com cart\u00e3o.<\/p>\n<p>No entanto, se um cliente quiser chamar um atendente para tirar d\u00favidas ou fazer um pedido, a tecnologia oferece o bot\u00e3o &#8220;chamar gar\u00e7om&#8221;: basta clicar e esperar.<\/p>\n<p>N\u00e3o \u00e9 necess\u00e1rio assobiar ou levantar o bra\u00e7o para conseguir aten\u00e7\u00e3o.<\/p>\n<h3>8. \u00c9 poss\u00edvel avaliar o restaurante de forma secreta tamb\u00e9m.<\/h3>\n<p>Uma an\u00e1lise segura e discreta feita pelo consumidor do prato, do atendimento e do servi\u00e7o \u00e9 mais um recurso oferecido no card\u00e1pio digital.<\/p>\n<p>A pesquisa de satisfa\u00e7\u00e3o ocorre instantaneamente atrav\u00e9s do dispositivo com o menu aberto e n\u00e3o leva mais do que alguns segundos.<\/p>\n<p>O gerente tamb\u00e9m recebe todos os feedbacks dos clientes. Que tal ter essa pesquisa de satisfa\u00e7\u00e3o do seu neg\u00f3cio em tempo real?<\/p>\n<h3>9. A experi\u00eancia do cliente atinge um patamar muito elevado.<\/h3>\n<p>Principalmente em compara\u00e7\u00e3o com os concorrentes, a experi\u00eancia dos clientes que utilizam o menu digital em restaurantes \u00e9 muito mais satisfat\u00f3ria e abrangente do que aqueles que optam por menus impressos ou em qualquer outro formato.<\/p>\n<p>Quando utiliza o menu digital, o consumidor nota que cada investimento feito em seu pedido se torna mais vantajoso e tem a sensa\u00e7\u00e3o de estar desfrutando de um momento especial, mesmo que se trate apenas de uma refei\u00e7\u00e3o durante a semana, como um almo\u00e7o ou jantar.<\/p>\n<p>O neg\u00f3cio melhora sua reputa\u00e7\u00e3o por conta disso e, com certeza, tamb\u00e9m aumenta seus lucros.<\/p>\n<h3>10. O valor m\u00e9dio do ticket aumenta entre 20% e 40%.<\/h3>\n<p>Pelos motivos apresentados at\u00e9 agora neste artigo, restaurantes que adotam card\u00e1pios digitais conseguem aumentar seus lucros e efici\u00eancia financeira.<\/p>\n<p>De fato, esses estabelecimentos conseguem um aumento de 20% a 40% no pre\u00e7o m\u00e9dio por cliente.<\/p>\n<p>Quanto mais inteligente e avan\u00e7ada for a solu\u00e7\u00e3o de menu digital escolhida para uso no setor de alimenta\u00e7\u00e3o, mais dinheiro entrar\u00e1 no caixa no final de cada dia.<\/p>\n<p>Descubra a sofistica\u00e7\u00e3o dos card\u00e1pios digitais da DBS e veja por si mesmo!<\/p>\n<p>[\/et_pb_text][et_pb_text _builder_version=&#8221;4.23.1&#8243; _module_preset=&#8221;default&#8221; header_text_color=&#8221;#000000&#8243; global_colors_info=&#8221;{}&#8221;]<\/p>\n<h1 style=\"text-align: center;\">Nossas \u00faltimas realiza\u00e7\u00f5es<\/h1>\n<h2 style=\"text-align: center;\">(clique na imagem para abrir o <span data-sc-index=\"1\" data-sc-class=\"grammar\">site)<\/span><\/h2>\n<p>[\/et_pb_text][divi8_image_carousel _builder_version=&#8221;4.24.2&#8243; _module_preset=&#8221;default&#8221; heading_text_align=&#8221;center&#8221; heading_text_color=&#8221;#000000&#8243; heading_font_size=&#8221;14px&#8221; sub_heading_text_color=&#8221;RGBA(255,255,255,0)&#8221; global_colors_info=&#8221;{}&#8221;][divi8_image_carousel_item heading=&#8221;Digital Business Solutions&#8221; img=&#8221;http:\/\/digitalbusiness-solutions.com.br\/wp-content\/uploads\/2024\/01\/dbs.png&#8221; _builder_version=&#8221;4.23.1&#8243; _module_preset=&#8221;default&#8221; link_option_url=&#8221;https:\/\/digital-business-solutions.servicosgold.com.br\/&#8221; global_colors_info=&#8221;{}&#8221;][\/divi8_image_carousel_item][divi8_image_carousel_item heading=&#8221;Pitaya da Maroca&#8221; img=&#8221;http:\/\/digitalbusiness-solutions.com.br\/wp-content\/uploads\/2024\/01\/video-catalogo-agua-e-gas-2.png&#8221; _builder_version=&#8221;4.23.1&#8243; _module_preset=&#8221;default&#8221; link_option_url=&#8221;https:\/\/pitayasdamaroca.pageinfo.co\/&#8221; global_colors_info=&#8221;{}&#8221;][\/divi8_image_carousel_item][divi8_image_carousel_item heading=&#8221;Pizzalia&#8221; img=&#8221;http:\/\/digitalbusiness-solutions.com.br\/wp-content\/uploads\/2024\/01\/video-catalogo-agua-e-gas-3.png&#8221; _builder_version=&#8221;4.23.1&#8243; _module_preset=&#8221;default&#8221; link_option_url=&#8221;https:\/\/pizzaliaporto.obamenu.com\/&#8221; global_colors_info=&#8221;{}&#8221;][\/divi8_image_carousel_item][divi8_image_carousel_item heading=&#8221;La France au coeur&#8221; img=&#8221;http:\/\/digitalbusiness-solutions.com.br\/wp-content\/uploads\/2024\/01\/video-catalogo-agua-e-gas-4.png&#8221; _builder_version=&#8221;4.23.1&#8243; _module_preset=&#8221;default&#8221; link_option_url=&#8221;https:\/\/la-france-au-coeur-bresil.nextgocard.com.br\/&#8221; global_colors_info=&#8221;{}&#8221;][\/divi8_image_carousel_item][divi8_image_carousel_item heading=&#8221;Pousada Japaraiso&#8221; img=&#8221;http:\/\/digitalbusiness-solutions.com.br\/wp-content\/uploads\/2024\/01\/video-catalogo-agua-e-gas-5.png&#8221; _builder_version=&#8221;4.23.1&#8243; _module_preset=&#8221;default&#8221; link_option_url=&#8221;https:\/\/pousa-atelier-japaraiso.cliccard.info\/&#8221; global_colors_info=&#8221;{}&#8221;][\/divi8_image_carousel_item][divi8_image_carousel_item heading=&#8221;Fenelon advogacia&#8221; img=&#8221;http:\/\/digitalbusiness-solutions.com.br\/wp-content\/uploads\/2024\/01\/video-catalogo-agua-e-gas-6.png&#8221; _builder_version=&#8221;4.23.1&#8243; _module_preset=&#8221;default&#8221; link_option_url=&#8221;https:\/\/fenelon-pinheiro-advocacia.nextgocard.com.br\/&#8221; global_colors_info=&#8221;{}&#8221;][\/divi8_image_carousel_item][divi8_image_carousel_item heading=&#8221;Agua e gas&#8221; img=&#8221;http:\/\/digitalbusiness-solutions.com.br\/wp-content\/uploads\/2024\/01\/ED.png&#8221; _builder_version=&#8221;4.23.1&#8243; _module_preset=&#8221;default&#8221; link_option_url=&#8221;https:\/\/ed-distribuidora-de-agua-mineral.servicosgold.com.br\/&#8221; global_colors_info=&#8221;{}&#8221;][\/divi8_image_carousel_item][divi8_image_carousel_item heading=&#8221;Tempus Vino&#8221; img=&#8221;http:\/\/digitalbusiness-solutions.com.br\/wp-content\/uploads\/2024\/01\/Tempus-Vino.png&#8221; _builder_version=&#8221;4.23.1&#8243; _module_preset=&#8221;default&#8221; link_option_url=&#8221;https:\/\/tempusvino.nextgocard.com\/&#8221; global_colors_info=&#8221;{}&#8221;][\/divi8_image_carousel_item][divi8_image_carousel_item heading=&#8221;Sal\u00e3o de beleza&#8221; img=&#8221;http:\/\/digitalbusiness-solutions.com.br\/wp-content\/uploads\/2024\/01\/Salao-de-beleza.png&#8221; _builder_version=&#8221;4.23.1&#8243; _module_preset=&#8221;default&#8221; link_option_url=&#8221;https:\/\/salaodebeleza348.jareservei.com\/&#8221; global_colors_info=&#8221;{}&#8221;][\/divi8_image_carousel_item][divi8_image_carousel_item heading=&#8221;Unhas&#8221; img=&#8221;http:\/\/digitalbusiness-solutions.com.br\/wp-content\/uploads\/2024\/01\/Catalogo-Unhas.png&#8221; _builder_version=&#8221;4.23.1&#8243; _module_preset=&#8221;default&#8221; link_option_url=&#8221;https:\/\/unhas203.nextgocard.com.br\/&#8221; global_colors_info=&#8221;{}&#8221;][\/divi8_image_carousel_item][divi8_image_carousel_item heading=&#8221;Barbearia&#8221; img=&#8221;http:\/\/digitalbusiness-solutions.com.br\/wp-content\/uploads\/2024\/01\/Barbearia.png&#8221; _builder_version=&#8221;4.23.1&#8243; _module_preset=&#8221;default&#8221; global_colors_info=&#8221;{}&#8221;][\/divi8_image_carousel_item][divi8_image_carousel_item heading=&#8221;Convite de aniversario&#8221; img=&#8221;http:\/\/digitalbusiness-solutions.com.br\/wp-content\/uploads\/2024\/01\/Convite-de-aniversario.png&#8221; _builder_version=&#8221;4.23.1&#8243; _module_preset=&#8221;default&#8221; link_option_url=&#8221;https:\/\/aniversario377.cliquefesta.com.br\/&#8221; global_colors_info=&#8221;{}&#8221;][\/divi8_image_carousel_item][\/divi8_image_carousel][\/et_pb_column][\/et_pb_row][et_pb_row _builder_version=&#8221;4.24.2&#8243; _module_preset=&#8221;default&#8221; background_enable_color=&#8221;off&#8221; collapsed=&#8221;off&#8221; global_colors_info=&#8221;{}&#8221;][et_pb_column type=&#8221;4_4&#8243; _builder_version=&#8221;4.24.2&#8243; _module_preset=&#8221;default&#8221; global_colors_info=&#8221;{}&#8221;][et_pb_cta title=&#8221;Confira os valores e tire suas duvidas!&#8221; button_url=&#8221;https:\/\/mywhats.net\/DigitalBusinessSolutions&#8221; button_text=&#8221;clique aqui!&#8221; _builder_version=&#8221;4.24.2&#8243; _module_preset=&#8221;default&#8221; background_color=&#8221;#ef7d17&#8243; custom_button=&#8221;on&#8221; button_bg_color=&#8221;#000000&#8243; link_option_url_new_window=&#8221;on&#8221; global_colors_info=&#8221;{}&#8221;][\/et_pb_cta][\/et_pb_column][\/et_pb_row][\/et_pb_section]<\/p>\n","protected":false},"excerpt":{"rendered":"<p>A import\u00e2ncia dos card\u00e1pios digitais online O card\u00e1pio digital \u00e9 uma ferramenta essencial para restaurantes modernos. Al\u00e9m de substituir os card\u00e1pios impressos, ele promove uma s\u00e9rie de benef\u00edcios tanto para o neg\u00f3cio quanto para os clientes. Benef\u00edcios de ter um card\u00e1pio digital para delivery Os card\u00e1pios digitais facilitam o processo de pedidos para os clientes, [&hellip;]<\/p>\n","protected":false},"author":1,"featured_media":784,"parent":0,"menu_order":0,"comment_status":"closed","ping_status":"closed","template":"","meta":{"_et_pb_use_builder":"on","_et_pb_old_content":"","_et_gb_content_width":"","_monsterinsights_skip_tracking":false,"_monsterinsights_sitenote_active":false,"_monsterinsights_sitenote_note":"","_monsterinsights_sitenote_category":0,"slim_seo":{"title":"\u0627\u0644\u0642\u0627\u0626\u0645\u0629 \u0627\u0644\u0631\u0642\u0645\u064a\u0629 \u0639\u0628\u0631 \u0627\u0644\u0625\u0646\u062a\u0631\u0646\u062a: \u0628\u064a\u0639 \u0623\u0643\u062b\u0631 \u0648\u0623\u0641\u0636\u0644 \u0645\u0639 DBS","description":"\u0627\u0643\u062a\u0634\u0641 \u0643\u064a\u0641 \u064a\u0645\u0643\u0646 \u0644\u0642\u0627\u0626\u0645\u0629 \u0631\u0642\u0645\u064a\u0629 \u0645\u0646 DBS \u0632\u064a\u0627\u062f\u0629 \u0645\u0628\u064a\u0639\u0627\u062a\u0643 \u0639\u0628\u0631 \u0627\u0644\u0625\u0646\u062a\u0631\u0646\u062a. \u0623\u062a\u0645\u062a\u0629 \u062e\u062f\u0645\u062a\u0643 \u0648\u0632\u064a\u0627\u062f\u0629 \u0623\u0631\u0628\u0627\u062d\u0643 \u0627\u0644\u0622\u0646!"},"footnotes":""},"class_list":["post-1204","page","type-page","status-publish","has-post-thumbnail","hentry"],"_links":{"self":[{"href":"https:\/\/digitalbusiness-solutions.com.br\/ar\/wp-json\/wp\/v2\/pages\/1204","targetHints":{"allow":["GET"]}}],"collection":[{"href":"https:\/\/digitalbusiness-solutions.com.br\/ar\/wp-json\/wp\/v2\/pages"}],"about":[{"href":"https:\/\/digitalbusiness-solutions.com.br\/ar\/wp-json\/wp\/v2\/types\/page"}],"author":[{"embeddable":true,"href":"https:\/\/digitalbusiness-solutions.com.br\/ar\/wp-json\/wp\/v2\/users\/1"}],"replies":[{"embeddable":true,"href":"https:\/\/digitalbusiness-solutions.com.br\/ar\/wp-json\/wp\/v2\/comments?post=1204"}],"version-history":[{"count":4,"href":"https:\/\/digitalbusiness-solutions.com.br\/ar\/wp-json\/wp\/v2\/pages\/1204\/revisions"}],"predecessor-version":[{"id":1209,"href":"https:\/\/digitalbusiness-solutions.com.br\/ar\/wp-json\/wp\/v2\/pages\/1204\/revisions\/1209"}],"wp:featuredmedia":[{"embeddable":true,"href":"https:\/\/digitalbusiness-solutions.com.br\/ar\/wp-json\/wp\/v2\/media\/784"}],"wp:attachment":[{"href":"https:\/\/digitalbusiness-solutions.com.br\/ar\/wp-json\/wp\/v2\/media?parent=1204"}],"curies":[{"name":"\u062f\u0628\u0644\u064a\u0648 \u0628\u064a","href":"https:\/\/api.w.org\/{rel}","templated":true}]}}