{"id":1193,"date":"2024-03-12T14:34:41","date_gmt":"2024-03-12T17:34:41","guid":{"rendered":"https:\/\/digitalbusiness-solutions.com.br\/?page_id=1193"},"modified":"2024-03-25T15:28:48","modified_gmt":"2024-03-25T18:28:48","slug":"o-que-e-um-convite-digital-online","status":"publish","type":"page","link":"https:\/\/digitalbusiness-solutions.com.br\/ar\/o-que-e-um-convite-digital-online\/","title":{"rendered":"\u0645\u0627 \u0647\u064a \u0627\u0644\u062f\u0639\u0648\u0629 \u0627\u0644\u0631\u0642\u0645\u064a\u0629 \u0639\u0628\u0631 \u0627\u0644\u0625\u0646\u062a\u0631\u0646\u062a\u061f"},"content":{"rendered":"<p>[et_pb_section fb_built=&#8221;1&#8243; _builder_version=&#8221;4.23.1&#8243; _module_preset=&#8221;default&#8221; collapsed=&#8221;off&#8221; global_colors_info=&#8221;{}&#8221;][et_pb_row _builder_version=&#8221;4.23.1&#8243; _module_preset=&#8221;default&#8221; global_colors_info=&#8221;{}&#8221;][et_pb_column type=&#8221;4_4&#8243; _builder_version=&#8221;4.23.1&#8243; _module_preset=&#8221;default&#8221; global_colors_info=&#8221;{}&#8221;][et_pb_text _builder_version=&#8221;4.24.2&#8243; _module_preset=&#8221;default&#8221; global_colors_info=&#8221;{}&#8221;]<\/p>\n<h1>Quais s\u00e3o as ventagens do convite digital online?<\/h1>\n<p>O convite digital online oferece diversas vantagens para quem deseja criar convites de forma pr\u00e1tica e econ\u00f4mica. Com a possibilidade de personaliza\u00e7\u00e3o de cores, fotos e fontes, \u00e9 poss\u00edvel adequar o convite \u00e0 est\u00e9tica do seu evento de forma r\u00e1pida e f\u00e1cil. Al\u00e9m disso, a op\u00e7\u00e3o de enviar gratuitamente pelo WhatsApp, Facebook e E-mail facilita a distribui\u00e7\u00e3o do convite aos convidados.<\/p>\n<p>Com a variedade de modelos dispon\u00edveis, \u00e9 poss\u00edvel criar convites deslumbrantes e personalizados em quest\u00e3o de minutos, seja para anivers\u00e1rios, ch\u00e1s de beb\u00ea, batizados ou qualquer outra comemora\u00e7\u00e3o. A op\u00e7\u00e3o de incluir fotos, m\u00fasicas e at\u00e9 criar convites em v\u00eddeo atrav\u00e9s de ferramentas como o Animaker, torna a experi\u00eancia ainda mais din\u00e2mica e inovadora.<\/p>\n<p class=\"\">Outra vantagem do convite digital online \u00e9 a possibilidade de ter um controle mais eficiente dos convidados, com sites com confirma\u00e7\u00e3o de presen\u00e7a e a op\u00e7\u00e3o de imprimir os convites personalizados de alta qualidade. Com todo esse leque de possibilidades, o convite digital online se torna a op\u00e7\u00e3o perfeita para quem busca praticidade, agilidade e sofistica\u00e7\u00e3o na hora de convidar seus amigos e familiares para um evento especial.<\/p>\n<p>[\/et_pb_text][et_pb_text _builder_version=&#8221;4.23.1&#8243; _module_preset=&#8221;default&#8221; header_text_color=&#8221;#000000&#8243; global_colors_info=&#8221;{}&#8221;]<\/p>\n<h1 style=\"text-align: center;\">Nossas \u00faltimas realiza\u00e7\u00f5es<\/h1>\n<h2 style=\"text-align: center;\">(clique na imagem para abrir o <span data-sc-index=\"1\" data-sc-class=\"grammar\">site)<\/span><\/h2>\n<p>[\/et_pb_text][divi8_image_carousel _builder_version=&#8221;4.24.2&#8243; _module_preset=&#8221;default&#8221; heading_text_align=&#8221;center&#8221; heading_text_color=&#8221;#000000&#8243; heading_font_size=&#8221;14px&#8221; sub_heading_text_color=&#8221;RGBA(255,255,255,0)&#8221; global_colors_info=&#8221;{}&#8221;][divi8_image_carousel_item heading=&#8221;Digital Business Solutions&#8221; img=&#8221;http:\/\/digitalbusiness-solutions.com.br\/wp-content\/uploads\/2024\/01\/dbs.png&#8221; _builder_version=&#8221;4.23.1&#8243; _module_preset=&#8221;default&#8221; link_option_url=&#8221;https:\/\/digital-business-solutions.servicosgold.com.br\/&#8221; global_colors_info=&#8221;{}&#8221;][\/divi8_image_carousel_item][divi8_image_carousel_item heading=&#8221;Pitaya da Maroca&#8221; img=&#8221;http:\/\/digitalbusiness-solutions.com.br\/wp-content\/uploads\/2024\/01\/video-catalogo-agua-e-gas-2.png&#8221; _builder_version=&#8221;4.23.1&#8243; _module_preset=&#8221;default&#8221; link_option_url=&#8221;https:\/\/pitayasdamaroca.pageinfo.co\/&#8221; global_colors_info=&#8221;{}&#8221;][\/divi8_image_carousel_item][divi8_image_carousel_item heading=&#8221;Pizzalia&#8221; img=&#8221;http:\/\/digitalbusiness-solutions.com.br\/wp-content\/uploads\/2024\/01\/video-catalogo-agua-e-gas-3.png&#8221; _builder_version=&#8221;4.23.1&#8243; _module_preset=&#8221;default&#8221; link_option_url=&#8221;https:\/\/pizzaliaporto.obamenu.com\/&#8221; global_colors_info=&#8221;{}&#8221;][\/divi8_image_carousel_item][divi8_image_carousel_item heading=&#8221;La France au coeur&#8221; img=&#8221;http:\/\/digitalbusiness-solutions.com.br\/wp-content\/uploads\/2024\/01\/video-catalogo-agua-e-gas-4.png&#8221; _builder_version=&#8221;4.23.1&#8243; _module_preset=&#8221;default&#8221; link_option_url=&#8221;https:\/\/la-france-au-coeur-bresil.nextgocard.com.br\/&#8221; global_colors_info=&#8221;{}&#8221;][\/divi8_image_carousel_item][divi8_image_carousel_item heading=&#8221;Pousada Japaraiso&#8221; img=&#8221;http:\/\/digitalbusiness-solutions.com.br\/wp-content\/uploads\/2024\/01\/video-catalogo-agua-e-gas-5.png&#8221; _builder_version=&#8221;4.23.1&#8243; _module_preset=&#8221;default&#8221; link_option_url=&#8221;https:\/\/pousa-atelier-japaraiso.cliccard.info\/&#8221; global_colors_info=&#8221;{}&#8221;][\/divi8_image_carousel_item][divi8_image_carousel_item heading=&#8221;Fenelon advogacia&#8221; img=&#8221;http:\/\/digitalbusiness-solutions.com.br\/wp-content\/uploads\/2024\/01\/video-catalogo-agua-e-gas-6.png&#8221; _builder_version=&#8221;4.23.1&#8243; _module_preset=&#8221;default&#8221; link_option_url=&#8221;https:\/\/fenelon-pinheiro-advocacia.nextgocard.com.br\/&#8221; global_colors_info=&#8221;{}&#8221;][\/divi8_image_carousel_item][divi8_image_carousel_item heading=&#8221;Agua e gas&#8221; img=&#8221;http:\/\/digitalbusiness-solutions.com.br\/wp-content\/uploads\/2024\/01\/ED.png&#8221; _builder_version=&#8221;4.23.1&#8243; _module_preset=&#8221;default&#8221; link_option_url=&#8221;https:\/\/ed-distribuidora-de-agua-mineral.servicosgold.com.br\/&#8221; global_colors_info=&#8221;{}&#8221;][\/divi8_image_carousel_item][divi8_image_carousel_item heading=&#8221;Tempus Vino&#8221; img=&#8221;http:\/\/digitalbusiness-solutions.com.br\/wp-content\/uploads\/2024\/01\/Tempus-Vino.png&#8221; _builder_version=&#8221;4.23.1&#8243; _module_preset=&#8221;default&#8221; link_option_url=&#8221;https:\/\/tempusvino.nextgocard.com\/&#8221; global_colors_info=&#8221;{}&#8221;][\/divi8_image_carousel_item][divi8_image_carousel_item heading=&#8221;Sal\u00e3o de beleza&#8221; img=&#8221;http:\/\/digitalbusiness-solutions.com.br\/wp-content\/uploads\/2024\/01\/Salao-de-beleza.png&#8221; _builder_version=&#8221;4.23.1&#8243; _module_preset=&#8221;default&#8221; link_option_url=&#8221;https:\/\/salaodebeleza348.jareservei.com\/&#8221; global_colors_info=&#8221;{}&#8221;][\/divi8_image_carousel_item][divi8_image_carousel_item heading=&#8221;Unhas&#8221; img=&#8221;http:\/\/digitalbusiness-solutions.com.br\/wp-content\/uploads\/2024\/01\/Catalogo-Unhas.png&#8221; _builder_version=&#8221;4.23.1&#8243; _module_preset=&#8221;default&#8221; link_option_url=&#8221;https:\/\/unhas203.nextgocard.com.br\/&#8221; global_colors_info=&#8221;{}&#8221;][\/divi8_image_carousel_item][divi8_image_carousel_item heading=&#8221;Barbearia&#8221; img=&#8221;http:\/\/digitalbusiness-solutions.com.br\/wp-content\/uploads\/2024\/01\/Barbearia.png&#8221; _builder_version=&#8221;4.23.1&#8243; _module_preset=&#8221;default&#8221; global_colors_info=&#8221;{}&#8221;][\/divi8_image_carousel_item][divi8_image_carousel_item heading=&#8221;Convite de aniversario&#8221; img=&#8221;http:\/\/digitalbusiness-solutions.com.br\/wp-content\/uploads\/2024\/01\/Convite-de-aniversario.png&#8221; _builder_version=&#8221;4.23.1&#8243; _module_preset=&#8221;default&#8221; link_option_url=&#8221;https:\/\/aniversario377.cliquefesta.com.br\/&#8221; global_colors_info=&#8221;{}&#8221;][\/divi8_image_carousel_item][\/divi8_image_carousel][\/et_pb_column][\/et_pb_row][et_pb_row _builder_version=&#8221;4.24.2&#8243; _module_preset=&#8221;default&#8221; background_enable_color=&#8221;off&#8221; collapsed=&#8221;off&#8221; global_colors_info=&#8221;{}&#8221;][et_pb_column type=&#8221;4_4&#8243; _builder_version=&#8221;4.24.2&#8243; _module_preset=&#8221;default&#8221; global_colors_info=&#8221;{}&#8221;][et_pb_cta title=&#8221;Confira os valores e tire suas duvidas!&#8221; button_url=&#8221;https:\/\/mywhats.net\/DigitalBusinessSolutions&#8221; button_text=&#8221;clique aqui!&#8221; _builder_version=&#8221;4.24.2&#8243; _module_preset=&#8221;default&#8221; background_color=&#8221;#ef7d17&#8243; custom_button=&#8221;on&#8221; button_bg_color=&#8221;#000000&#8243; link_option_url_new_window=&#8221;on&#8221; global_colors_info=&#8221;{}&#8221;][\/et_pb_cta][\/et_pb_column][\/et_pb_row][\/et_pb_section]<\/p>\n","protected":false},"excerpt":{"rendered":"<p>Quais s\u00e3o as ventagens do convite digital online? O convite digital online oferece diversas vantagens para quem deseja criar convites de forma pr\u00e1tica e econ\u00f4mica. Com a possibilidade de personaliza\u00e7\u00e3o de cores, fotos e fontes, \u00e9 poss\u00edvel adequar o convite \u00e0 est\u00e9tica do seu evento de forma r\u00e1pida e f\u00e1cil. Al\u00e9m disso, a op\u00e7\u00e3o de [&hellip;]<\/p>\n","protected":false},"author":1,"featured_media":784,"parent":0,"menu_order":0,"comment_status":"closed","ping_status":"closed","template":"","meta":{"_et_pb_use_builder":"on","_et_pb_old_content":"","_et_gb_content_width":"","_monsterinsights_skip_tracking":false,"_monsterinsights_sitenote_active":false,"_monsterinsights_sitenote_note":"","_monsterinsights_sitenote_category":0,"slim_seo":{"title":"\u0645\u0632\u0627\u064a\u0627 \u0627\u0644\u062f\u0639\u0648\u0627\u062a \u0627\u0644\u0631\u0642\u0645\u064a\u0629 \u0639\u0628\u0631 \u0627\u0644\u0625\u0646\u062a\u0631\u0646\u062a: \u0627\u0644\u062a\u062e\u0635\u064a\u0635 \u0648\u0627\u0644\u062a\u0637\u0628\u064a\u0642 \u0627\u0644\u0639\u0645\u0644\u064a \u0648\u0633\u0647\u0648\u0644\u0629 \u0627\u0644\u062a\u0648\u0632\u064a\u0639","description":"\u0627\u0643\u062a\u0634\u0641 \u0627\u0644\u062f\u0639\u0648\u0629 \u0627\u0644\u0631\u0642\u0645\u064a\u0629 \u0627\u0644\u0623\u0643\u062b\u0631 \u0639\u0645\u0644\u064a\u0629 \u0648\u0627\u0642\u062a\u0635\u0627\u062f\u064a\u0629 \u0639\u0628\u0631 \u0627\u0644\u0625\u0646\u062a\u0631\u0646\u062a\u060c \u0645\u0639 \u062e\u064a\u0627\u0631\u0627\u062a \u0627\u0644\u062a\u062e\u0635\u064a\u0635 \u0648\u0627\u0644\u062a\u0648\u0635\u064a\u0644 \u0627\u0644\u0645\u062c\u0627\u0646\u064a \u0648\u0627\u0644\u062a\u062d\u0643\u0645 \u0627\u0644\u0641\u0639\u0627\u0644 \u0641\u064a \u0627\u0644\u0636\u064a\u0648\u0641."},"footnotes":""},"class_list":["post-1193","page","type-page","status-publish","has-post-thumbnail","hentry"],"_links":{"self":[{"href":"https:\/\/digitalbusiness-solutions.com.br\/ar\/wp-json\/wp\/v2\/pages\/1193","targetHints":{"allow":["GET"]}}],"collection":[{"href":"https:\/\/digitalbusiness-solutions.com.br\/ar\/wp-json\/wp\/v2\/pages"}],"about":[{"href":"https:\/\/digitalbusiness-solutions.com.br\/ar\/wp-json\/wp\/v2\/types\/page"}],"author":[{"embeddable":true,"href":"https:\/\/digitalbusiness-solutions.com.br\/ar\/wp-json\/wp\/v2\/users\/1"}],"replies":[{"embeddable":true,"href":"https:\/\/digitalbusiness-solutions.com.br\/ar\/wp-json\/wp\/v2\/comments?post=1193"}],"version-history":[{"count":5,"href":"https:\/\/digitalbusiness-solutions.com.br\/ar\/wp-json\/wp\/v2\/pages\/1193\/revisions"}],"predecessor-version":[{"id":1203,"href":"https:\/\/digitalbusiness-solutions.com.br\/ar\/wp-json\/wp\/v2\/pages\/1193\/revisions\/1203"}],"wp:featuredmedia":[{"embeddable":true,"href":"https:\/\/digitalbusiness-solutions.com.br\/ar\/wp-json\/wp\/v2\/media\/784"}],"wp:attachment":[{"href":"https:\/\/digitalbusiness-solutions.com.br\/ar\/wp-json\/wp\/v2\/media?parent=1193"}],"curies":[{"name":"\u062f\u0628\u0644\u064a\u0648 \u0628\u064a","href":"https:\/\/api.w.org\/{rel}","templated":true}]}}